{"id":10699,"date":"2022-07-14T09:25:32","date_gmt":"2022-07-14T07:25:32","guid":{"rendered":"https:\/\/www.froehling-rathjen.de\/sigeko\/"},"modified":"2023-02-28T12:21:45","modified_gmt":"2023-02-28T11:21:45","slug":"sigeko","status":"publish","type":"page","link":"https:\/\/www.froehling-rathjen.de\/en\/sigeko\/","title":{"rendered":"SiGeKo"},"content":{"rendered":"\t\t<div data-elementor-type=\"wp-page\" data-elementor-id=\"10699\" class=\"elementor elementor-10699 elementor-40\" data-elementor-post-type=\"page\">\n\t\t\t\t\t\t<section class=\"elementor-section elementor-top-section elementor-element elementor-element-d20d14c elementor-section-boxed elementor-section-height-default elementor-section-height-default\" data-id=\"d20d14c\" data-element_type=\"section\">\n\t\t\t\t\t\t<div class=\"elementor-container elementor-column-gap-default\">\n\t\t\t\t\t<div class=\"elementor-column elementor-col-100 elementor-top-column elementor-element elementor-element-885153b\" data-id=\"885153b\" data-element_type=\"column\">\n\t\t\t<div class=\"elementor-widget-wrap elementor-element-populated\">\n\t\t\t\t\t\t<div class=\"elementor-element elementor-element-e607517 elementor-widget elementor-widget-heading\" data-id=\"e607517\" data-element_type=\"widget\" data-widget_type=\"heading.default\">\n\t\t\t\t<div class=\"elementor-widget-container\">\n\t\t\t\t\t<h2 class=\"elementor-heading-title elementor-size-default\"><a style=\"color: lightgrey;text-decoration: none\" href=\"https:\/\/www.froehling-rathjen.de\/en\/?page_id=10698\">Our services |<\/a> <span>SiGeKo &amp; Occupational Health &amp; Safety<span><\/h2>\t\t\t\t<\/div>\n\t\t\t\t<\/div>\n\t\t\t\t<div class=\"elementor-element elementor-element-76acbc3 elementor-widget-divider--view-line elementor-widget elementor-widget-divider\" data-id=\"76acbc3\" data-element_type=\"widget\" data-widget_type=\"divider.default\">\n\t\t\t\t<div class=\"elementor-widget-container\">\n\t\t\t\t\t\t\t<div class=\"elementor-divider\">\n\t\t\t<span class=\"elementor-divider-separator\">\n\t\t\t\t\t\t<\/span>\n\t\t<\/div>\n\t\t\t\t\t\t<\/div>\n\t\t\t\t<\/div>\n\t\t\t\t\t<\/div>\n\t\t<\/div>\n\t\t\t\t\t<\/div>\n\t\t<\/section>\n\t\t\t\t<section class=\"elementor-section elementor-top-section elementor-element elementor-element-f7488a6 elementor-section-boxed elementor-section-height-default elementor-section-height-default\" data-id=\"f7488a6\" data-element_type=\"section\">\n\t\t\t\t\t\t<div class=\"elementor-container elementor-column-gap-default\">\n\t\t\t\t\t<div class=\"elementor-column elementor-col-100 elementor-top-column elementor-element elementor-element-ddabc5e\" data-id=\"ddabc5e\" data-element_type=\"column\">\n\t\t\t<div class=\"elementor-widget-wrap elementor-element-populated\">\n\t\t\t\t\t\t<div class=\"elementor-element elementor-element-1d7ca9b5 elementor-widget elementor-widget-text-editor\" data-id=\"1d7ca9b5\" data-element_type=\"widget\" data-widget_type=\"text-editor.default\">\n\t\t\t\t<div class=\"elementor-widget-container\">\n\t\t\t\t\t\t\t\t\t<p>The use of a safety and health coordinator is mandatory on any major construction project.<\/p>\n\t\t\t\t\t\t\t\t<\/div>\n\t\t\t\t<\/div>\n\t\t\t\t\t<\/div>\n\t\t<\/div>\n\t\t\t\t\t<\/div>\n\t\t<\/section>\n\t\t\t\t<section class=\"elementor-section elementor-top-section elementor-element elementor-element-d30751b elementor-section-boxed elementor-section-height-default elementor-section-height-default\" data-id=\"d30751b\" data-element_type=\"section\">\n\t\t\t\t\t\t<div class=\"elementor-container elementor-column-gap-default\">\n\t\t\t\t\t<div class=\"elementor-column elementor-col-100 elementor-top-column elementor-element elementor-element-582a045\" data-id=\"582a045\" data-element_type=\"column\" data-settings=\"{&quot;background_background&quot;:&quot;classic&quot;}\">\n\t\t\t<div class=\"elementor-widget-wrap elementor-element-populated\">\n\t\t\t\t\t\t<div class=\"elementor-element elementor-element-ceaff21 bullet-point-pos-sigeko elementor-icon-list--layout-traditional elementor-list-item-link-full_width elementor-widget elementor-widget-icon-list\" data-id=\"ceaff21\" data-element_type=\"widget\" data-widget_type=\"icon-list.default\">\n\t\t\t\t<div class=\"elementor-widget-container\">\n\t\t\t\t\t\t\t<ul class=\"elementor-icon-list-items\">\n\t\t\t\t\t\t\t<li class=\"elementor-icon-list-item\">\n\t\t\t\t\t\t\t\t\t\t\t<span class=\"elementor-icon-list-icon\">\n\t\t\t\t\t\t\t<i aria-hidden=\"true\" class=\"fas fa-circle\"><\/i>\t\t\t\t\t\t<\/span>\n\t\t\t\t\t\t\t\t\t\t<span class=\"elementor-icon-list-text\">Safety and health coordination in the planning and execution phase by one of our SiGeKo experts<\/span>\n\t\t\t\t\t\t\t\t\t<\/li>\n\t\t\t\t\t\t\t\t<li class=\"elementor-icon-list-item\">\n\t\t\t\t\t\t\t\t\t\t\t<span class=\"elementor-icon-list-icon\">\n\t\t\t\t\t\t\t<i aria-hidden=\"true\" class=\"fas fa-circle\"><\/i>\t\t\t\t\t\t<\/span>\n\t\t\t\t\t\t\t\t\t\t<span class=\"elementor-icon-list-text\">Preparation of the SiGe plan<\/span>\n\t\t\t\t\t\t\t\t\t<\/li>\n\t\t\t\t\t\t\t\t<li class=\"elementor-icon-list-item\">\n\t\t\t\t\t\t\t\t\t\t\t<span class=\"elementor-icon-list-icon\">\n\t\t\t\t\t\t\t<i aria-hidden=\"true\" class=\"fas fa-circle\"><\/i>\t\t\t\t\t\t<\/span>\n\t\t\t\t\t\t\t\t\t\t<span class=\"elementor-icon-list-text\">Control, safety inspections and elimination of defects<\/span>\n\t\t\t\t\t\t\t\t\t<\/li>\n\t\t\t\t\t\t<\/ul>\n\t\t\t\t\t\t<\/div>\n\t\t\t\t<\/div>\n\t\t\t\t<div class=\"elementor-element elementor-element-f590d9e elementor-widget elementor-widget-heading\" data-id=\"f590d9e\" data-element_type=\"widget\" data-widget_type=\"heading.default\">\n\t\t\t\t<div class=\"elementor-widget-container\">\n\t\t\t\t\t<h3 class=\"elementor-heading-title elementor-size-default\"><a href=\"https:\/\/www.froehling-rathjen.de\/referenzen-sigeko\/\">&gt; References\n\n<\/a><\/h3>\t\t\t\t<\/div>\n\t\t\t\t<\/div>\n\t\t\t\t<div class=\"elementor-element elementor-element-63cc009 elementor-widget elementor-widget-heading\" data-id=\"63cc009\" data-element_type=\"widget\" data-widget_type=\"heading.default\">\n\t\t\t\t<div class=\"elementor-widget-container\">\n\t\t\t\t\t<h3 class=\"elementor-heading-title elementor-size-default\"><a href=\"https:\/\/www.froehling-rathjen.de\/kontakt\/\">&gt; Contact\n\n<\/a><\/h3>\t\t\t\t<\/div>\n\t\t\t\t<\/div>\n\t\t\t\t\t<\/div>\n\t\t<\/div>\n\t\t\t\t\t<\/div>\n\t\t<\/section>\n\t\t\t\t<\/div>\n\t\t","protected":false},"excerpt":{"rendered":"<p>Our services | SiGeKo &amp; Occupational Health &amp; Safety The use of a safety and health coordinator is mandatory on any major construction project. Safety and health coordination in the planning and execution phase by one of our SiGeKo experts Preparation of the SiGe plan Control, safety inspections and elimination of defects &gt; References &gt; [&hellip;]<\/p>\n","protected":false},"author":1,"featured_media":0,"parent":0,"menu_order":0,"comment_status":"closed","ping_status":"closed","template":"","meta":{"footnotes":""},"class_list":["post-10699","page","type-page","status-publish","hentry"],"yoast_head":"<!-- This site is optimized with the Yoast SEO plugin v25.3.1 - https:\/\/yoast.com\/wordpress\/plugins\/seo\/ -->\n<title>SiGeKo - Fr\u00f6hling &amp; Rathjen - Ingenieurb\u00fcro f\u00fcr Baustatik<\/title>\n<meta name=\"robots\" content=\"index, follow, max-snippet:-1, max-image-preview:large, max-video-preview:-1\" \/>\n<link rel=\"canonical\" href=\"https:\/\/www.froehling-rathjen.de\/en\/sigeko\/\" \/>\n<meta property=\"og:locale\" content=\"en_US\" \/>\n<meta property=\"og:type\" content=\"article\" \/>\n<meta property=\"og:title\" content=\"SiGeKo - Fr\u00f6hling &amp; Rathjen - Ingenieurb\u00fcro f\u00fcr Baustatik\" \/>\n<meta property=\"og:description\" content=\"Our services | SiGeKo &amp; Occupational Health &amp; Safety The use of a safety and health coordinator is mandatory on any major construction project. Safety and health coordination in the planning and execution phase by one of our SiGeKo experts Preparation of the SiGe plan Control, safety inspections and elimination of defects &gt; References &gt; [&hellip;]\" \/>\n<meta property=\"og:url\" content=\"https:\/\/www.froehling-rathjen.de\/en\/sigeko\/\" \/>\n<meta property=\"og:site_name\" content=\"Fr\u00f6hling &amp; Rathjen - Ingenieurb\u00fcro f\u00fcr Baustatik\" \/>\n<meta property=\"article:modified_time\" content=\"2023-02-28T11:21:45+00:00\" \/>\n<meta name=\"twitter:card\" content=\"summary_large_image\" \/>\n<script type=\"application\/ld+json\" class=\"yoast-schema-graph\">{\"@context\":\"https:\/\/schema.org\",\"@graph\":[{\"@type\":\"WebPage\",\"@id\":\"https:\/\/www.froehling-rathjen.de\/en\/sigeko\/\",\"url\":\"https:\/\/www.froehling-rathjen.de\/en\/sigeko\/\",\"name\":\"SiGeKo - Fr\u00f6hling &amp; Rathjen - Ingenieurb\u00fcro f\u00fcr Baustatik\",\"isPartOf\":{\"@id\":\"https:\/\/www.froehling-rathjen.de\/#website\"},\"datePublished\":\"2022-07-14T07:25:32+00:00\",\"dateModified\":\"2023-02-28T11:21:45+00:00\",\"breadcrumb\":{\"@id\":\"https:\/\/www.froehling-rathjen.de\/en\/sigeko\/#breadcrumb\"},\"inLanguage\":\"en-US\",\"potentialAction\":[{\"@type\":\"ReadAction\",\"target\":[\"https:\/\/www.froehling-rathjen.de\/en\/sigeko\/\"]}]},{\"@type\":\"BreadcrumbList\",\"@id\":\"https:\/\/www.froehling-rathjen.de\/en\/sigeko\/#breadcrumb\",\"itemListElement\":[{\"@type\":\"ListItem\",\"position\":1,\"name\":\"Startseite\",\"item\":\"https:\/\/www.froehling-rathjen.de\/en\/home\/\"},{\"@type\":\"ListItem\",\"position\":2,\"name\":\"SiGeKo\"}]},{\"@type\":\"WebSite\",\"@id\":\"https:\/\/www.froehling-rathjen.de\/#website\",\"url\":\"https:\/\/www.froehling-rathjen.de\/\",\"name\":\"Fr\u00f6hling &amp; Rathjen - Ingenieurb\u00fcro f\u00fcr Baustatik\",\"description\":\"\",\"publisher\":{\"@id\":\"https:\/\/www.froehling-rathjen.de\/#organization\"},\"potentialAction\":[{\"@type\":\"SearchAction\",\"target\":{\"@type\":\"EntryPoint\",\"urlTemplate\":\"https:\/\/www.froehling-rathjen.de\/?s={search_term_string}\"},\"query-input\":{\"@type\":\"PropertyValueSpecification\",\"valueRequired\":true,\"valueName\":\"search_term_string\"}}],\"inLanguage\":\"en-US\"},{\"@type\":\"Organization\",\"@id\":\"https:\/\/www.froehling-rathjen.de\/#organization\",\"name\":\"Fr\u00f6hling &amp; Rathjen - Ingenieurb\u00fcro f\u00fcr Baustatik\",\"url\":\"https:\/\/www.froehling-rathjen.de\/\",\"logo\":{\"@type\":\"ImageObject\",\"inLanguage\":\"en-US\",\"@id\":\"https:\/\/www.froehling-rathjen.de\/#\/schema\/logo\/image\/\",\"url\":\"https:\/\/www.froehling-rathjen.de\/wp-content\/uploads\/2022\/06\/Fro\u0308hling-Ratjen-Logo.png\",\"contentUrl\":\"https:\/\/www.froehling-rathjen.de\/wp-content\/uploads\/2022\/06\/Fro\u0308hling-Ratjen-Logo.png\",\"width\":240,\"height\":144,\"caption\":\"Fr\u00f6hling &amp; Rathjen - Ingenieurb\u00fcro f\u00fcr Baustatik\"},\"image\":{\"@id\":\"https:\/\/www.froehling-rathjen.de\/#\/schema\/logo\/image\/\"}}]}<\/script>\n<!-- \/ Yoast SEO plugin. -->","yoast_head_json":{"title":"SiGeKo - Fr\u00f6hling &amp; Rathjen - Ingenieurb\u00fcro f\u00fcr Baustatik","robots":{"index":"index","follow":"follow","max-snippet":"max-snippet:-1","max-image-preview":"max-image-preview:large","max-video-preview":"max-video-preview:-1"},"canonical":"https:\/\/www.froehling-rathjen.de\/en\/sigeko\/","og_locale":"en_US","og_type":"article","og_title":"SiGeKo - Fr\u00f6hling &amp; Rathjen - Ingenieurb\u00fcro f\u00fcr Baustatik","og_description":"Our services | SiGeKo &amp; Occupational Health &amp; Safety The use of a safety and health coordinator is mandatory on any major construction project. Safety and health coordination in the planning and execution phase by one of our SiGeKo experts Preparation of the SiGe plan Control, safety inspections and elimination of defects &gt; References &gt; [&hellip;]","og_url":"https:\/\/www.froehling-rathjen.de\/en\/sigeko\/","og_site_name":"Fr\u00f6hling &amp; Rathjen - Ingenieurb\u00fcro f\u00fcr Baustatik","article_modified_time":"2023-02-28T11:21:45+00:00","twitter_card":"summary_large_image","schema":{"@context":"https:\/\/schema.org","@graph":[{"@type":"WebPage","@id":"https:\/\/www.froehling-rathjen.de\/en\/sigeko\/","url":"https:\/\/www.froehling-rathjen.de\/en\/sigeko\/","name":"SiGeKo - Fr\u00f6hling &amp; Rathjen - Ingenieurb\u00fcro f\u00fcr Baustatik","isPartOf":{"@id":"https:\/\/www.froehling-rathjen.de\/#website"},"datePublished":"2022-07-14T07:25:32+00:00","dateModified":"2023-02-28T11:21:45+00:00","breadcrumb":{"@id":"https:\/\/www.froehling-rathjen.de\/en\/sigeko\/#breadcrumb"},"inLanguage":"en-US","potentialAction":[{"@type":"ReadAction","target":["https:\/\/www.froehling-rathjen.de\/en\/sigeko\/"]}]},{"@type":"BreadcrumbList","@id":"https:\/\/www.froehling-rathjen.de\/en\/sigeko\/#breadcrumb","itemListElement":[{"@type":"ListItem","position":1,"name":"Startseite","item":"https:\/\/www.froehling-rathjen.de\/en\/home\/"},{"@type":"ListItem","position":2,"name":"SiGeKo"}]},{"@type":"WebSite","@id":"https:\/\/www.froehling-rathjen.de\/#website","url":"https:\/\/www.froehling-rathjen.de\/","name":"Fr\u00f6hling &amp; Rathjen - Ingenieurb\u00fcro f\u00fcr Baustatik","description":"","publisher":{"@id":"https:\/\/www.froehling-rathjen.de\/#organization"},"potentialAction":[{"@type":"SearchAction","target":{"@type":"EntryPoint","urlTemplate":"https:\/\/www.froehling-rathjen.de\/?s={search_term_string}"},"query-input":{"@type":"PropertyValueSpecification","valueRequired":true,"valueName":"search_term_string"}}],"inLanguage":"en-US"},{"@type":"Organization","@id":"https:\/\/www.froehling-rathjen.de\/#organization","name":"Fr\u00f6hling &amp; Rathjen - Ingenieurb\u00fcro f\u00fcr Baustatik","url":"https:\/\/www.froehling-rathjen.de\/","logo":{"@type":"ImageObject","inLanguage":"en-US","@id":"https:\/\/www.froehling-rathjen.de\/#\/schema\/logo\/image\/","url":"https:\/\/www.froehling-rathjen.de\/wp-content\/uploads\/2022\/06\/Fro\u0308hling-Ratjen-Logo.png","contentUrl":"https:\/\/www.froehling-rathjen.de\/wp-content\/uploads\/2022\/06\/Fro\u0308hling-Ratjen-Logo.png","width":240,"height":144,"caption":"Fr\u00f6hling &amp; Rathjen - Ingenieurb\u00fcro f\u00fcr Baustatik"},"image":{"@id":"https:\/\/www.froehling-rathjen.de\/#\/schema\/logo\/image\/"}}]}},"jetpack_sharing_enabled":true,"_links":{"self":[{"href":"https:\/\/www.froehling-rathjen.de\/en\/wp-json\/wp\/v2\/pages\/10699","targetHints":{"allow":["GET"]}}],"collection":[{"href":"https:\/\/www.froehling-rathjen.de\/en\/wp-json\/wp\/v2\/pages"}],"about":[{"href":"https:\/\/www.froehling-rathjen.de\/en\/wp-json\/wp\/v2\/types\/page"}],"author":[{"embeddable":true,"href":"https:\/\/www.froehling-rathjen.de\/en\/wp-json\/wp\/v2\/users\/1"}],"replies":[{"embeddable":true,"href":"https:\/\/www.froehling-rathjen.de\/en\/wp-json\/wp\/v2\/comments?post=10699"}],"version-history":[{"count":2,"href":"https:\/\/www.froehling-rathjen.de\/en\/wp-json\/wp\/v2\/pages\/10699\/revisions"}],"predecessor-version":[{"id":10710,"href":"https:\/\/www.froehling-rathjen.de\/en\/wp-json\/wp\/v2\/pages\/10699\/revisions\/10710"}],"wp:attachment":[{"href":"https:\/\/www.froehling-rathjen.de\/en\/wp-json\/wp\/v2\/media?parent=10699"}],"curies":[{"name":"wp","href":"https:\/\/api.w.org\/{rel}","templated":true}]}}