{"id":10721,"date":"2022-07-14T09:24:36","date_gmt":"2022-07-14T07:24:36","guid":{"rendered":"https:\/\/www.froehling-rathjen.de\/structural-engineering\/"},"modified":"2023-02-28T22:54:19","modified_gmt":"2023-02-28T21:54:19","slug":"structural-engineering","status":"publish","type":"page","link":"https:\/\/www.froehling-rathjen.de\/en\/structural-engineering\/","title":{"rendered":"Structural Engineering"},"content":{"rendered":"\t\t<div data-elementor-type=\"wp-page\" data-elementor-id=\"10721\" class=\"elementor elementor-10721 elementor-34\" data-elementor-post-type=\"page\">\n\t\t\t\t\t\t<section class=\"elementor-section elementor-top-section elementor-element elementor-element-49ff97db elementor-section-boxed elementor-section-height-default elementor-section-height-default\" data-id=\"49ff97db\" data-element_type=\"section\">\n\t\t\t\t\t\t<div class=\"elementor-container elementor-column-gap-default\">\n\t\t\t\t\t<div class=\"elementor-column elementor-col-100 elementor-top-column elementor-element elementor-element-614333cf\" data-id=\"614333cf\" data-element_type=\"column\">\n\t\t\t<div class=\"elementor-widget-wrap elementor-element-populated\">\n\t\t\t\t\t\t<div class=\"elementor-element elementor-element-59ce4766 elementor-widget elementor-widget-heading\" data-id=\"59ce4766\" data-element_type=\"widget\" data-widget_type=\"heading.default\">\n\t\t\t\t<div class=\"elementor-widget-container\">\n\t\t\t\t\t<h2 class=\"elementor-heading-title elementor-size-default\"><a style=\"color: lightgrey;text-decoration: none\" href=\"https:\/\/www.froehling-rathjen.de\/en\/our-services\/\">Our Services&nbsp;| <\/a><span>\n Structural Engineering<span><\/h2>\t\t\t\t<\/div>\n\t\t\t\t<\/div>\n\t\t\t\t<div class=\"elementor-element elementor-element-6f416817 elementor-widget-divider--view-line elementor-widget elementor-widget-divider\" data-id=\"6f416817\" data-element_type=\"widget\" data-widget_type=\"divider.default\">\n\t\t\t\t<div class=\"elementor-widget-container\">\n\t\t\t\t\t\t\t<div class=\"elementor-divider\">\n\t\t\t<span class=\"elementor-divider-separator\">\n\t\t\t\t\t\t<\/span>\n\t\t<\/div>\n\t\t\t\t\t\t<\/div>\n\t\t\t\t<\/div>\n\t\t\t\t\t<\/div>\n\t\t<\/div>\n\t\t\t\t\t<\/div>\n\t\t<\/section>\n\t\t\t\t<section class=\"elementor-section elementor-top-section elementor-element elementor-element-3bca5f0e elementor-section-boxed elementor-section-height-default elementor-section-height-default\" data-id=\"3bca5f0e\" data-element_type=\"section\">\n\t\t\t\t\t\t<div class=\"elementor-container elementor-column-gap-default\">\n\t\t\t\t\t<div class=\"elementor-column elementor-col-100 elementor-top-column elementor-element elementor-element-974bfb6\" data-id=\"974bfb6\" data-element_type=\"column\">\n\t\t\t<div class=\"elementor-widget-wrap elementor-element-populated\">\n\t\t\t\t\t\t<div class=\"elementor-element elementor-element-4763d0f elementor-widget elementor-widget-text-editor\" data-id=\"4763d0f\" data-element_type=\"widget\" data-widget_type=\"text-editor.default\">\n\t\t\t\t<div class=\"elementor-widget-container\">\n\t\t\t\t\t\t\t\t\t<p>Through our registration in the structural engineer lists of Lower Saxony, Hessen and Schleswig-Holstein, we achieve recognition of our services in all federal states. Herewith we obtain e.g. test exemption for all projects up to building class 3.<\/p>\n\t\t\t\t\t\t\t\t<\/div>\n\t\t\t\t<\/div>\n\t\t\t\t<div class=\"elementor-element elementor-element-dc1c987 elementor-icon-list--layout-traditional elementor-list-item-link-full_width elementor-widget elementor-widget-icon-list\" data-id=\"dc1c987\" data-element_type=\"widget\" data-widget_type=\"icon-list.default\">\n\t\t\t\t<div class=\"elementor-widget-container\">\n\t\t\t\t\t\t\t<ul class=\"elementor-icon-list-items\">\n\t\t\t\t\t\t\t<li class=\"elementor-icon-list-item\">\n\t\t\t\t\t\t\t\t\t\t\t<span class=\"elementor-icon-list-icon\">\n\t\t\t\t\t\t\t<i aria-hidden=\"true\" class=\"fas fa-circle\"><\/i>\t\t\t\t\t\t<\/span>\n\t\t\t\t\t\t\t\t\t\t<span class=\"elementor-icon-list-text\">Advice on static-constructive aspects<\/span>\n\t\t\t\t\t\t\t\t\t<\/li>\n\t\t\t\t\t\t\t\t<li class=\"elementor-icon-list-item\">\n\t\t\t\t\t\t\t\t\t\t\t<span class=\"elementor-icon-list-icon\">\n\t\t\t\t\t\t\t<i aria-hidden=\"true\" class=\"fas fa-circle\"><\/i>\t\t\t\t\t\t<\/span>\n\t\t\t\t\t\t\t\t\t\t<span class=\"elementor-icon-list-text\">Preparation of verifiable static calculations<\/span>\n\t\t\t\t\t\t\t\t\t<\/li>\n\t\t\t\t\t\t\t\t<li class=\"elementor-icon-list-item\">\n\t\t\t\t\t\t\t\t\t\t\t<span class=\"elementor-icon-list-icon\">\n\t\t\t\t\t\t\t<i aria-hidden=\"true\" class=\"fas fa-circle\"><\/i>\t\t\t\t\t\t<\/span>\n\t\t\t\t\t\t\t\t\t\t<span class=\"elementor-icon-list-text\">Preparation of execution documents<\/span>\n\t\t\t\t\t\t\t\t\t<\/li>\n\t\t\t\t\t\t\t\t<li class=\"elementor-icon-list-item\">\n\t\t\t\t\t\t\t\t\t\t\t<span class=\"elementor-icon-list-icon\">\n\t\t\t\t\t\t\t<i aria-hidden=\"true\" class=\"fas fa-circle\"><\/i>\t\t\t\t\t\t<\/span>\n\t\t\t\t\t\t\t\t\t\t<span class=\"elementor-icon-list-text\">Static constructive building supervision<\/span>\n\t\t\t\t\t\t\t\t\t<\/li>\n\t\t\t\t\t\t\t\t<li class=\"elementor-icon-list-item\">\n\t\t\t\t\t\t\t\t\t\t\t<span class=\"elementor-icon-list-icon\">\n\t\t\t\t\t\t\t<i aria-hidden=\"true\" class=\"fas fa-circle\"><\/i>\t\t\t\t\t\t<\/span>\n\t\t\t\t\t\t\t\t\t\t<span class=\"elementor-icon-list-text\">Preparation of tender documents, advice on the award of contracts<\/span>\n\t\t\t\t\t\t\t\t\t<\/li>\n\t\t\t\t\t\t\t\t<li class=\"elementor-icon-list-item\">\n\t\t\t\t\t\t\t\t\t\t\t<span class=\"elementor-icon-list-icon\">\n\t\t\t\t\t\t\t<i aria-hidden=\"true\" class=\"fas fa-circle\"><\/i>\t\t\t\t\t\t<\/span>\n\t\t\t\t\t\t\t\t\t\t<span class=\"elementor-icon-list-text\">Services 1 to 6 according to \u00a7 52, HOAI<\/span>\n\t\t\t\t\t\t\t\t\t<\/li>\n\t\t\t\t\t\t<\/ul>\n\t\t\t\t\t\t<\/div>\n\t\t\t\t<\/div>\n\t\t\t\t\t<\/div>\n\t\t<\/div>\n\t\t\t\t\t<\/div>\n\t\t<\/section>\n\t\t\t\t<section class=\"elementor-section elementor-top-section elementor-element elementor-element-125affb elementor-section-boxed elementor-section-height-default elementor-section-height-default\" data-id=\"125affb\" data-element_type=\"section\" data-settings=\"{&quot;background_background&quot;:&quot;classic&quot;}\">\n\t\t\t\t\t\t<div class=\"elementor-container elementor-column-gap-default\">\n\t\t\t\t\t<div class=\"elementor-column elementor-col-100 elementor-top-column elementor-element elementor-element-1899954\" data-id=\"1899954\" data-element_type=\"column\" data-settings=\"{&quot;background_background&quot;:&quot;classic&quot;}\">\n\t\t\t<div class=\"elementor-widget-wrap elementor-element-populated\">\n\t\t\t\t\t\t<div class=\"elementor-element elementor-element-04e9fcc elementor-widget elementor-widget-heading\" data-id=\"04e9fcc\" data-element_type=\"widget\" data-widget_type=\"heading.default\">\n\t\t\t\t<div class=\"elementor-widget-container\">\n\t\t\t\t\t<h4 class=\"elementor-heading-title elementor-size-default\">Our services include but are not limited to:<\/h4>\t\t\t\t<\/div>\n\t\t\t\t<\/div>\n\t\t\t\t<div class=\"elementor-element elementor-element-535a9ec elementor-icon-list--layout-traditional elementor-list-item-link-full_width elementor-widget elementor-widget-icon-list\" data-id=\"535a9ec\" data-element_type=\"widget\" data-widget_type=\"icon-list.default\">\n\t\t\t\t<div class=\"elementor-widget-container\">\n\t\t\t\t\t\t\t<ul class=\"elementor-icon-list-items\">\n\t\t\t\t\t\t\t<li class=\"elementor-icon-list-item\">\n\t\t\t\t\t\t\t\t\t\t\t<span class=\"elementor-icon-list-icon\">\n\t\t\t\t\t\t\t<i aria-hidden=\"true\" class=\"fas fa-circle\"><\/i>\t\t\t\t\t\t<\/span>\n\t\t\t\t\t\t\t\t\t\t<span class=\"elementor-icon-list-text\">Residential and commercial buildings<\/span>\n\t\t\t\t\t\t\t\t\t<\/li>\n\t\t\t\t\t\t\t\t<li class=\"elementor-icon-list-item\">\n\t\t\t\t\t\t\t\t\t\t\t<span class=\"elementor-icon-list-icon\">\n\t\t\t\t\t\t\t<i aria-hidden=\"true\" class=\"fas fa-circle\"><\/i>\t\t\t\t\t\t<\/span>\n\t\t\t\t\t\t\t\t\t\t<span class=\"elementor-icon-list-text\">Foundations for wind turbines <\/span>\n\t\t\t\t\t\t\t\t\t<\/li>\n\t\t\t\t\t\t\t\t<li class=\"elementor-icon-list-item\">\n\t\t\t\t\t\t\t\t\t\t\t<span class=\"elementor-icon-list-icon\">\n\t\t\t\t\t\t\t<i aria-hidden=\"true\" class=\"fas fa-circle\"><\/i>\t\t\t\t\t\t<\/span>\n\t\t\t\t\t\t\t\t\t\t<span class=\"elementor-icon-list-text\">Building in the existing stock<\/span>\n\t\t\t\t\t\t\t\t\t<\/li>\n\t\t\t\t\t\t\t\t<li class=\"elementor-icon-list-item\">\n\t\t\t\t\t\t\t\t\t\t\t<span class=\"elementor-icon-list-icon\">\n\t\t\t\t\t\t\t<i aria-hidden=\"true\" class=\"fas fa-circle\"><\/i>\t\t\t\t\t\t<\/span>\n\t\t\t\t\t\t\t\t\t\t<span class=\"elementor-icon-list-text\">Public buildings<\/span>\n\t\t\t\t\t\t\t\t\t<\/li>\n\t\t\t\t\t\t\t\t<li class=\"elementor-icon-list-item\">\n\t\t\t\t\t\t\t\t\t\t\t<span class=\"elementor-icon-list-icon\">\n\t\t\t\t\t\t\t<i aria-hidden=\"true\" class=\"fas fa-circle\"><\/i>\t\t\t\t\t\t<\/span>\n\t\t\t\t\t\t\t\t\t\t<span class=\"elementor-icon-list-text\">Commercial buildings<\/span>\n\t\t\t\t\t\t\t\t\t<\/li>\n\t\t\t\t\t\t\t\t<li class=\"elementor-icon-list-item\">\n\t\t\t\t\t\t\t\t\t\t\t<span class=\"elementor-icon-list-icon\">\n\t\t\t\t\t\t\t<i aria-hidden=\"true\" class=\"fas fa-circle\"><\/i>\t\t\t\t\t\t<\/span>\n\t\t\t\t\t\t\t\t\t\t<span class=\"elementor-icon-list-text\">Industrial buildings<\/span>\n\t\t\t\t\t\t\t\t\t<\/li>\n\t\t\t\t\t\t\t\t<li class=\"elementor-icon-list-item\">\n\t\t\t\t\t\t\t\t\t\t\t<span class=\"elementor-icon-list-icon\">\n\t\t\t\t\t\t\t<i aria-hidden=\"true\" class=\"fas fa-circle\"><\/i>\t\t\t\t\t\t<\/span>\n\t\t\t\t\t\t\t\t\t\t<span class=\"elementor-icon-list-text\">Civil engineering plans<\/span>\n\t\t\t\t\t\t\t\t\t<\/li>\n\t\t\t\t\t\t<\/ul>\n\t\t\t\t\t\t<\/div>\n\t\t\t\t<\/div>\n\t\t\t\t<div class=\"elementor-element elementor-element-7378b41 elementor-widget elementor-widget-heading\" data-id=\"7378b41\" data-element_type=\"widget\" data-widget_type=\"heading.default\">\n\t\t\t\t<div class=\"elementor-widget-container\">\n\t\t\t\t\t<h3 class=\"elementor-heading-title elementor-size-default\"><a href=\"https:\/\/www.froehling-rathjen.de\/en\/structural-design\/\">&gt; References<\/a><\/h3>\t\t\t\t<\/div>\n\t\t\t\t<\/div>\n\t\t\t\t<div class=\"elementor-element elementor-element-94a56f6 elementor-widget elementor-widget-heading\" data-id=\"94a56f6\" data-element_type=\"widget\" data-widget_type=\"heading.default\">\n\t\t\t\t<div class=\"elementor-widget-container\">\n\t\t\t\t\t<h3 class=\"elementor-heading-title elementor-size-default\"><a href=\"https:\/\/www.froehling-rathjen.de\/en\/contact\/\">&gt; Contact<\/a><\/h3>\t\t\t\t<\/div>\n\t\t\t\t<\/div>\n\t\t\t\t\t<\/div>\n\t\t<\/div>\n\t\t\t\t\t<\/div>\n\t\t<\/section>\n\t\t\t\t<\/div>\n\t\t","protected":false},"excerpt":{"rendered":"<p>Our Services&nbsp;| Structural Engineering Through our registration in the structural engineer lists of Lower Saxony, Hessen and Schleswig-Holstein, we achieve recognition of our services in all federal states. Herewith we obtain e.g. test exemption for all projects up to building class 3. Advice on static-constructive aspects Preparation of verifiable static calculations Preparation of execution documents [&hellip;]<\/p>\n","protected":false},"author":1,"featured_media":0,"parent":0,"menu_order":0,"comment_status":"closed","ping_status":"closed","template":"","meta":{"footnotes":""},"class_list":["post-10721","page","type-page","status-publish","hentry"],"yoast_head":"<!-- This site is optimized with the Yoast SEO plugin v25.3.1 - https:\/\/yoast.com\/wordpress\/plugins\/seo\/ -->\n<title>Structural Engineering - Fr\u00f6hling &amp; Rathjen - Ingenieurb\u00fcro f\u00fcr Baustatik<\/title>\n<meta name=\"robots\" content=\"index, follow, max-snippet:-1, max-image-preview:large, max-video-preview:-1\" \/>\n<link rel=\"canonical\" href=\"https:\/\/www.froehling-rathjen.de\/en\/structural-engineering\/\" \/>\n<meta property=\"og:locale\" content=\"en_US\" \/>\n<meta property=\"og:type\" content=\"article\" \/>\n<meta property=\"og:title\" content=\"Structural Engineering - Fr\u00f6hling &amp; Rathjen - Ingenieurb\u00fcro f\u00fcr Baustatik\" \/>\n<meta property=\"og:description\" content=\"Our Services&nbsp;| Structural Engineering Through our registration in the structural engineer lists of Lower Saxony, Hessen and Schleswig-Holstein, we achieve recognition of our services in all federal states. Herewith we obtain e.g. test exemption for all projects up to building class 3. Advice on static-constructive aspects Preparation of verifiable static calculations Preparation of execution documents [&hellip;]\" \/>\n<meta property=\"og:url\" content=\"https:\/\/www.froehling-rathjen.de\/en\/structural-engineering\/\" \/>\n<meta property=\"og:site_name\" content=\"Fr\u00f6hling &amp; Rathjen - Ingenieurb\u00fcro f\u00fcr Baustatik\" \/>\n<meta property=\"article:modified_time\" content=\"2023-02-28T21:54:19+00:00\" \/>\n<meta name=\"twitter:card\" content=\"summary_large_image\" \/>\n<meta name=\"twitter:label1\" content=\"Est. reading time\" \/>\n\t<meta name=\"twitter:data1\" content=\"1 minute\" \/>\n<script type=\"application\/ld+json\" class=\"yoast-schema-graph\">{\"@context\":\"https:\/\/schema.org\",\"@graph\":[{\"@type\":\"WebPage\",\"@id\":\"https:\/\/www.froehling-rathjen.de\/en\/structural-engineering\/\",\"url\":\"https:\/\/www.froehling-rathjen.de\/en\/structural-engineering\/\",\"name\":\"Structural Engineering - Fr\u00f6hling &amp; Rathjen - Ingenieurb\u00fcro f\u00fcr Baustatik\",\"isPartOf\":{\"@id\":\"https:\/\/www.froehling-rathjen.de\/#website\"},\"datePublished\":\"2022-07-14T07:24:36+00:00\",\"dateModified\":\"2023-02-28T21:54:19+00:00\",\"breadcrumb\":{\"@id\":\"https:\/\/www.froehling-rathjen.de\/en\/structural-engineering\/#breadcrumb\"},\"inLanguage\":\"en-US\",\"potentialAction\":[{\"@type\":\"ReadAction\",\"target\":[\"https:\/\/www.froehling-rathjen.de\/en\/structural-engineering\/\"]}]},{\"@type\":\"BreadcrumbList\",\"@id\":\"https:\/\/www.froehling-rathjen.de\/en\/structural-engineering\/#breadcrumb\",\"itemListElement\":[{\"@type\":\"ListItem\",\"position\":1,\"name\":\"Startseite\",\"item\":\"https:\/\/www.froehling-rathjen.de\/en\/home\/\"},{\"@type\":\"ListItem\",\"position\":2,\"name\":\"Structural Engineering\"}]},{\"@type\":\"WebSite\",\"@id\":\"https:\/\/www.froehling-rathjen.de\/#website\",\"url\":\"https:\/\/www.froehling-rathjen.de\/\",\"name\":\"Fr\u00f6hling &amp; Rathjen - Ingenieurb\u00fcro f\u00fcr Baustatik\",\"description\":\"\",\"publisher\":{\"@id\":\"https:\/\/www.froehling-rathjen.de\/#organization\"},\"potentialAction\":[{\"@type\":\"SearchAction\",\"target\":{\"@type\":\"EntryPoint\",\"urlTemplate\":\"https:\/\/www.froehling-rathjen.de\/?s={search_term_string}\"},\"query-input\":{\"@type\":\"PropertyValueSpecification\",\"valueRequired\":true,\"valueName\":\"search_term_string\"}}],\"inLanguage\":\"en-US\"},{\"@type\":\"Organization\",\"@id\":\"https:\/\/www.froehling-rathjen.de\/#organization\",\"name\":\"Fr\u00f6hling &amp; Rathjen - Ingenieurb\u00fcro f\u00fcr Baustatik\",\"url\":\"https:\/\/www.froehling-rathjen.de\/\",\"logo\":{\"@type\":\"ImageObject\",\"inLanguage\":\"en-US\",\"@id\":\"https:\/\/www.froehling-rathjen.de\/#\/schema\/logo\/image\/\",\"url\":\"https:\/\/www.froehling-rathjen.de\/wp-content\/uploads\/2022\/06\/Fro\u0308hling-Ratjen-Logo.png\",\"contentUrl\":\"https:\/\/www.froehling-rathjen.de\/wp-content\/uploads\/2022\/06\/Fro\u0308hling-Ratjen-Logo.png\",\"width\":240,\"height\":144,\"caption\":\"Fr\u00f6hling &amp; Rathjen - Ingenieurb\u00fcro f\u00fcr Baustatik\"},\"image\":{\"@id\":\"https:\/\/www.froehling-rathjen.de\/#\/schema\/logo\/image\/\"}}]}<\/script>\n<!-- \/ Yoast SEO plugin. -->","yoast_head_json":{"title":"Structural Engineering - Fr\u00f6hling &amp; Rathjen - Ingenieurb\u00fcro f\u00fcr Baustatik","robots":{"index":"index","follow":"follow","max-snippet":"max-snippet:-1","max-image-preview":"max-image-preview:large","max-video-preview":"max-video-preview:-1"},"canonical":"https:\/\/www.froehling-rathjen.de\/en\/structural-engineering\/","og_locale":"en_US","og_type":"article","og_title":"Structural Engineering - Fr\u00f6hling &amp; Rathjen - Ingenieurb\u00fcro f\u00fcr Baustatik","og_description":"Our Services&nbsp;| Structural Engineering Through our registration in the structural engineer lists of Lower Saxony, Hessen and Schleswig-Holstein, we achieve recognition of our services in all federal states. Herewith we obtain e.g. test exemption for all projects up to building class 3. Advice on static-constructive aspects Preparation of verifiable static calculations Preparation of execution documents [&hellip;]","og_url":"https:\/\/www.froehling-rathjen.de\/en\/structural-engineering\/","og_site_name":"Fr\u00f6hling &amp; Rathjen - Ingenieurb\u00fcro f\u00fcr Baustatik","article_modified_time":"2023-02-28T21:54:19+00:00","twitter_card":"summary_large_image","twitter_misc":{"Est. reading time":"1 minute"},"schema":{"@context":"https:\/\/schema.org","@graph":[{"@type":"WebPage","@id":"https:\/\/www.froehling-rathjen.de\/en\/structural-engineering\/","url":"https:\/\/www.froehling-rathjen.de\/en\/structural-engineering\/","name":"Structural Engineering - Fr\u00f6hling &amp; Rathjen - Ingenieurb\u00fcro f\u00fcr Baustatik","isPartOf":{"@id":"https:\/\/www.froehling-rathjen.de\/#website"},"datePublished":"2022-07-14T07:24:36+00:00","dateModified":"2023-02-28T21:54:19+00:00","breadcrumb":{"@id":"https:\/\/www.froehling-rathjen.de\/en\/structural-engineering\/#breadcrumb"},"inLanguage":"en-US","potentialAction":[{"@type":"ReadAction","target":["https:\/\/www.froehling-rathjen.de\/en\/structural-engineering\/"]}]},{"@type":"BreadcrumbList","@id":"https:\/\/www.froehling-rathjen.de\/en\/structural-engineering\/#breadcrumb","itemListElement":[{"@type":"ListItem","position":1,"name":"Startseite","item":"https:\/\/www.froehling-rathjen.de\/en\/home\/"},{"@type":"ListItem","position":2,"name":"Structural Engineering"}]},{"@type":"WebSite","@id":"https:\/\/www.froehling-rathjen.de\/#website","url":"https:\/\/www.froehling-rathjen.de\/","name":"Fr\u00f6hling &amp; Rathjen - Ingenieurb\u00fcro f\u00fcr Baustatik","description":"","publisher":{"@id":"https:\/\/www.froehling-rathjen.de\/#organization"},"potentialAction":[{"@type":"SearchAction","target":{"@type":"EntryPoint","urlTemplate":"https:\/\/www.froehling-rathjen.de\/?s={search_term_string}"},"query-input":{"@type":"PropertyValueSpecification","valueRequired":true,"valueName":"search_term_string"}}],"inLanguage":"en-US"},{"@type":"Organization","@id":"https:\/\/www.froehling-rathjen.de\/#organization","name":"Fr\u00f6hling &amp; Rathjen - Ingenieurb\u00fcro f\u00fcr Baustatik","url":"https:\/\/www.froehling-rathjen.de\/","logo":{"@type":"ImageObject","inLanguage":"en-US","@id":"https:\/\/www.froehling-rathjen.de\/#\/schema\/logo\/image\/","url":"https:\/\/www.froehling-rathjen.de\/wp-content\/uploads\/2022\/06\/Fro\u0308hling-Ratjen-Logo.png","contentUrl":"https:\/\/www.froehling-rathjen.de\/wp-content\/uploads\/2022\/06\/Fro\u0308hling-Ratjen-Logo.png","width":240,"height":144,"caption":"Fr\u00f6hling &amp; Rathjen - Ingenieurb\u00fcro f\u00fcr Baustatik"},"image":{"@id":"https:\/\/www.froehling-rathjen.de\/#\/schema\/logo\/image\/"}}]}},"jetpack_sharing_enabled":true,"_links":{"self":[{"href":"https:\/\/www.froehling-rathjen.de\/en\/wp-json\/wp\/v2\/pages\/10721","targetHints":{"allow":["GET"]}}],"collection":[{"href":"https:\/\/www.froehling-rathjen.de\/en\/wp-json\/wp\/v2\/pages"}],"about":[{"href":"https:\/\/www.froehling-rathjen.de\/en\/wp-json\/wp\/v2\/types\/page"}],"author":[{"embeddable":true,"href":"https:\/\/www.froehling-rathjen.de\/en\/wp-json\/wp\/v2\/users\/1"}],"replies":[{"embeddable":true,"href":"https:\/\/www.froehling-rathjen.de\/en\/wp-json\/wp\/v2\/comments?post=10721"}],"version-history":[{"count":10,"href":"https:\/\/www.froehling-rathjen.de\/en\/wp-json\/wp\/v2\/pages\/10721\/revisions"}],"predecessor-version":[{"id":11074,"href":"https:\/\/www.froehling-rathjen.de\/en\/wp-json\/wp\/v2\/pages\/10721\/revisions\/11074"}],"wp:attachment":[{"href":"https:\/\/www.froehling-rathjen.de\/en\/wp-json\/wp\/v2\/media?parent=10721"}],"curies":[{"name":"wp","href":"https:\/\/api.w.org\/{rel}","templated":true}]}}