{"id":10748,"date":"2022-07-18T17:06:24","date_gmt":"2022-07-18T15:06:24","guid":{"rendered":"https:\/\/www.froehling-rathjen.de\/references-turnkey-construction-blohm\/"},"modified":"2023-03-01T12:57:17","modified_gmt":"2023-03-01T11:57:17","slug":"references-turnkey-construction-blohm","status":"publish","type":"page","link":"https:\/\/www.froehling-rathjen.de\/en\/references-turnkey-construction-blohm\/","title":{"rendered":"References Turnkey Construction Blohm"},"content":{"rendered":"\t\t<div data-elementor-type=\"wp-page\" data-elementor-id=\"10748\" class=\"elementor elementor-10748 elementor-1166\" data-elementor-post-type=\"page\">\n\t\t\t\t\t\t<section class=\"elementor-section elementor-top-section elementor-element elementor-element-04d3707 elementor-section-boxed elementor-section-height-default elementor-section-height-default\" data-id=\"04d3707\" data-element_type=\"section\">\n\t\t\t\t\t\t<div class=\"elementor-container elementor-column-gap-default\">\n\t\t\t\t\t<div class=\"elementor-column elementor-col-100 elementor-top-column elementor-element elementor-element-727c1e9\" data-id=\"727c1e9\" data-element_type=\"column\">\n\t\t\t<div class=\"elementor-widget-wrap elementor-element-populated\">\n\t\t\t\t\t\t<div class=\"elementor-element elementor-element-bd6e213 elementor-widget elementor-widget-heading\" data-id=\"bd6e213\" data-element_type=\"widget\" data-widget_type=\"heading.default\">\n\t\t\t\t<div class=\"elementor-widget-container\">\n\t\t\t\t\t<h2 class=\"elementor-heading-title elementor-size-default\"><a style=\"color: lightgrey;text-decoration: none\" href=\"unsere-leistungen\">References |&nbsp;<\/a>\n<a style=\"color: lightgrey;text-decoration: none\" href=\"https:\/\/www.froehling-rathjen.de\/en\/turnkey-construction\/\">Turnkey Construction &nbsp;| <\/a>\n<span>Heinrich Blohm GmbH<span><\/h2>\t\t\t\t<\/div>\n\t\t\t\t<\/div>\n\t\t\t\t<div class=\"elementor-element elementor-element-94334b4 elementor-widget-divider--view-line elementor-widget elementor-widget-divider\" data-id=\"94334b4\" data-element_type=\"widget\" data-widget_type=\"divider.default\">\n\t\t\t\t<div class=\"elementor-widget-container\">\n\t\t\t\t\t\t\t<div class=\"elementor-divider\">\n\t\t\t<span class=\"elementor-divider-separator\">\n\t\t\t\t\t\t<\/span>\n\t\t<\/div>\n\t\t\t\t\t\t<\/div>\n\t\t\t\t<\/div>\n\t\t\t\t\t<\/div>\n\t\t<\/div>\n\t\t\t\t\t<\/div>\n\t\t<\/section>\n\t\t\t\t<section class=\"elementor-section elementor-top-section elementor-element elementor-element-5cb2827 elementor-section-boxed elementor-section-height-default elementor-section-height-default\" data-id=\"5cb2827\" data-element_type=\"section\">\n\t\t\t\t\t\t<div class=\"elementor-container elementor-column-gap-default\">\n\t\t\t\t\t<div class=\"elementor-column elementor-col-100 elementor-top-column elementor-element elementor-element-9a8f972\" data-id=\"9a8f972\" data-element_type=\"column\">\n\t\t\t<div class=\"elementor-widget-wrap elementor-element-populated\">\n\t\t\t\t\t\t<section class=\"elementor-section elementor-inner-section elementor-element elementor-element-d05e8be elementor-section-boxed elementor-section-height-default elementor-section-height-default\" data-id=\"d05e8be\" data-element_type=\"section\">\n\t\t\t\t\t\t<div class=\"elementor-container elementor-column-gap-default\">\n\t\t\t\t\t<div class=\"elementor-column elementor-col-50 elementor-inner-column elementor-element elementor-element-22ea848\" data-id=\"22ea848\" data-element_type=\"column\">\n\t\t\t<div class=\"elementor-widget-wrap elementor-element-populated\">\n\t\t\t\t\t\t<div class=\"elementor-element elementor-element-45a4516 elementor-widget elementor-widget-heading\" data-id=\"45a4516\" data-element_type=\"widget\" data-widget_type=\"heading.default\">\n\t\t\t\t<div class=\"elementor-widget-container\">\n\t\t\t\t\t<h3 class=\"elementor-heading-title elementor-size-default\">Heinrich Blohm GmbH<\/h3>\t\t\t\t<\/div>\n\t\t\t\t<\/div>\n\t\t\t\t<div class=\"elementor-element elementor-element-59ebcc7 elementor-widget__width-auto elementor-widget elementor-widget-text-editor\" data-id=\"59ebcc7\" data-element_type=\"widget\" data-widget_type=\"text-editor.default\">\n\t\t\t\t<div class=\"elementor-widget-container\">\n\t\t\t\t\t\t\t\t\t<p>Mittelfelder Street 13<br \/>21698 Harsefeld<\/p>\n<p>www.blohm-bau.de<\/p>\n<p>Photos: Heinrich Blohm GmbH Construction Business<\/p>\n\t\t\t\t\t\t\t\t<\/div>\n\t\t\t\t<\/div>\n\t\t\t\t\t<\/div>\n\t\t<\/div>\n\t\t\t\t<div class=\"elementor-column elementor-col-50 elementor-inner-column elementor-element elementor-element-a9e1af6\" data-id=\"a9e1af6\" data-element_type=\"column\">\n\t\t\t<div class=\"elementor-widget-wrap elementor-element-populated\">\n\t\t\t\t\t\t<div class=\"elementor-element elementor-element-83e1b6e elementor-widget elementor-widget-image\" data-id=\"83e1b6e\" data-element_type=\"widget\" data-widget_type=\"image.default\">\n\t\t\t\t<div class=\"elementor-widget-container\">\n\t\t\t\t\t\t\t\t\t\t\t\t\t\t\t<img decoding=\"async\" width=\"235\" height=\"85\" src=\"https:\/\/www.froehling-rathjen.de\/wp-content\/uploads\/2022\/07\/blohm.png\" class=\"attachment-large size-large wp-image-10493\" alt=\"\" \/>\t\t\t\t\t\t\t\t\t\t\t\t\t\t\t<\/div>\n\t\t\t\t<\/div>\n\t\t\t\t\t<\/div>\n\t\t<\/div>\n\t\t\t\t\t<\/div>\n\t\t<\/section>\n\t\t\t\t\t<\/div>\n\t\t<\/div>\n\t\t\t\t\t<\/div>\n\t\t<\/section>\n\t\t\t\t<section class=\"elementor-section elementor-top-section elementor-element elementor-element-f0f639b elementor-section-boxed elementor-section-height-default elementor-section-height-default\" data-id=\"f0f639b\" data-element_type=\"section\">\n\t\t\t\t\t\t<div class=\"elementor-container elementor-column-gap-default\">\n\t\t\t\t\t<div class=\"elementor-column elementor-col-100 elementor-top-column elementor-element elementor-element-a451705\" data-id=\"a451705\" data-element_type=\"column\" data-settings=\"{&quot;background_background&quot;:&quot;classic&quot;}\">\n\t\t\t<div class=\"elementor-widget-wrap elementor-element-populated\">\n\t\t\t\t\t\t<section class=\"elementor-section elementor-inner-section elementor-element elementor-element-6919d49 elementor-section-boxed elementor-section-height-default elementor-section-height-default\" data-id=\"6919d49\" data-element_type=\"section\">\n\t\t\t\t\t\t<div class=\"elementor-container elementor-column-gap-default\">\n\t\t\t\t\t<div class=\"elementor-column elementor-col-100 elementor-inner-column elementor-element elementor-element-ec1ff8b\" data-id=\"ec1ff8b\" data-element_type=\"column\">\n\t\t\t<div class=\"elementor-widget-wrap elementor-element-populated\">\n\t\t\t\t\t\t<div class=\"elementor-element elementor-element-d0b2768 elementor-widget elementor-widget-image\" data-id=\"d0b2768\" data-element_type=\"widget\" data-widget_type=\"image.default\">\n\t\t\t\t<div class=\"elementor-widget-container\">\n\t\t\t\t\t\t\t\t\t\t\t\t\t\t\t<img decoding=\"async\" src=\"https:\/\/www.froehling-rathjen.de\/wp-content\/uploads\/2022\/07\/Froehling_Rathjen_blohm1.jpg\" title=\"Schl\u00fcsselfertiges Bauen mit Fr\u00f6hling &#038; Rathjen &#8211; Baugesch\u00e4ft Heinrich Blohm GmbH\" alt=\"Schl\u00fcsselfertiges Bauen mit Fr\u00f6hling &amp; Rathjen - Baugesch\u00e4ft Heinrich Blohm GmbH\" loading=\"lazy\" \/>\t\t\t\t\t\t\t\t\t\t\t\t\t\t\t<\/div>\n\t\t\t\t<\/div>\n\t\t\t\t\t<\/div>\n\t\t<\/div>\n\t\t\t\t\t<\/div>\n\t\t<\/section>\n\t\t\t\t<section class=\"elementor-section elementor-inner-section elementor-element elementor-element-9848c05 elementor-section-boxed elementor-section-height-default elementor-section-height-default\" data-id=\"9848c05\" data-element_type=\"section\">\n\t\t\t\t\t\t<div class=\"elementor-container elementor-column-gap-default\">\n\t\t\t\t\t<div class=\"elementor-column elementor-col-50 elementor-inner-column elementor-element elementor-element-dda1d7f\" data-id=\"dda1d7f\" data-element_type=\"column\">\n\t\t\t<div class=\"elementor-widget-wrap elementor-element-populated\">\n\t\t\t\t\t\t<div class=\"elementor-element elementor-element-c84b18c elementor-widget elementor-widget-image\" data-id=\"c84b18c\" data-element_type=\"widget\" data-widget_type=\"image.default\">\n\t\t\t\t<div class=\"elementor-widget-container\">\n\t\t\t\t\t\t\t\t\t\t\t\t\t\t\t<img fetchpriority=\"high\" decoding=\"async\" width=\"800\" height=\"534\" src=\"https:\/\/www.froehling-rathjen.de\/wp-content\/uploads\/2022\/07\/Froehling_Rathjen_blohm2.jpg\" class=\"attachment-large size-large wp-image-10524\" alt=\"\" srcset=\"https:\/\/www.froehling-rathjen.de\/wp-content\/uploads\/2022\/07\/Froehling_Rathjen_blohm2.jpg 1000w, https:\/\/www.froehling-rathjen.de\/wp-content\/uploads\/2022\/07\/Froehling_Rathjen_blohm2-300x200.jpg 300w, https:\/\/www.froehling-rathjen.de\/wp-content\/uploads\/2022\/07\/Froehling_Rathjen_blohm2-768x512.jpg 768w\" sizes=\"(max-width: 800px) 100vw, 800px\" \/>\t\t\t\t\t\t\t\t\t\t\t\t\t\t\t<\/div>\n\t\t\t\t<\/div>\n\t\t\t\t\t<\/div>\n\t\t<\/div>\n\t\t\t\t<div class=\"elementor-column elementor-col-50 elementor-inner-column elementor-element elementor-element-fb0c5d7\" data-id=\"fb0c5d7\" data-element_type=\"column\">\n\t\t\t<div class=\"elementor-widget-wrap elementor-element-populated\">\n\t\t\t\t\t\t<div class=\"elementor-element elementor-element-d4f1848 elementor-widget elementor-widget-image\" data-id=\"d4f1848\" data-element_type=\"widget\" data-widget_type=\"image.default\">\n\t\t\t\t<div class=\"elementor-widget-container\">\n\t\t\t\t\t\t\t\t\t\t\t\t\t\t\t<img decoding=\"async\" width=\"800\" height=\"534\" src=\"https:\/\/www.froehling-rathjen.de\/wp-content\/uploads\/2022\/07\/Froehling_Rathjen_blohm3.jpg\" class=\"attachment-large size-large wp-image-10525\" alt=\"\" srcset=\"https:\/\/www.froehling-rathjen.de\/wp-content\/uploads\/2022\/07\/Froehling_Rathjen_blohm3.jpg 1000w, https:\/\/www.froehling-rathjen.de\/wp-content\/uploads\/2022\/07\/Froehling_Rathjen_blohm3-300x200.jpg 300w, https:\/\/www.froehling-rathjen.de\/wp-content\/uploads\/2022\/07\/Froehling_Rathjen_blohm3-768x512.jpg 768w\" sizes=\"(max-width: 800px) 100vw, 800px\" \/>\t\t\t\t\t\t\t\t\t\t\t\t\t\t\t<\/div>\n\t\t\t\t<\/div>\n\t\t\t\t\t<\/div>\n\t\t<\/div>\n\t\t\t\t\t<\/div>\n\t\t<\/section>\n\t\t\t\t<section class=\"elementor-section elementor-inner-section elementor-element elementor-element-3ebc7b0 elementor-section-boxed elementor-section-height-default elementor-section-height-default\" data-id=\"3ebc7b0\" data-element_type=\"section\">\n\t\t\t\t\t\t<div class=\"elementor-container elementor-column-gap-default\">\n\t\t\t\t\t<div class=\"elementor-column elementor-col-50 elementor-inner-column elementor-element elementor-element-7176c01\" data-id=\"7176c01\" data-element_type=\"column\">\n\t\t\t<div class=\"elementor-widget-wrap elementor-element-populated\">\n\t\t\t\t\t\t<div class=\"elementor-element elementor-element-ea73d66 elementor-widget elementor-widget-image\" data-id=\"ea73d66\" data-element_type=\"widget\" data-widget_type=\"image.default\">\n\t\t\t\t<div class=\"elementor-widget-container\">\n\t\t\t\t\t\t\t\t\t\t\t\t\t\t\t<img loading=\"lazy\" decoding=\"async\" width=\"800\" height=\"534\" src=\"https:\/\/www.froehling-rathjen.de\/wp-content\/uploads\/2022\/07\/Froehling_Rathjen_blohm4.jpg\" class=\"attachment-large size-large wp-image-10526\" alt=\"\" srcset=\"https:\/\/www.froehling-rathjen.de\/wp-content\/uploads\/2022\/07\/Froehling_Rathjen_blohm4.jpg 1000w, https:\/\/www.froehling-rathjen.de\/wp-content\/uploads\/2022\/07\/Froehling_Rathjen_blohm4-300x200.jpg 300w, https:\/\/www.froehling-rathjen.de\/wp-content\/uploads\/2022\/07\/Froehling_Rathjen_blohm4-768x512.jpg 768w\" sizes=\"(max-width: 800px) 100vw, 800px\" \/>\t\t\t\t\t\t\t\t\t\t\t\t\t\t\t<\/div>\n\t\t\t\t<\/div>\n\t\t\t\t\t<\/div>\n\t\t<\/div>\n\t\t\t\t<div class=\"elementor-column elementor-col-50 elementor-inner-column elementor-element elementor-element-50fe803\" data-id=\"50fe803\" data-element_type=\"column\">\n\t\t\t<div class=\"elementor-widget-wrap elementor-element-populated\">\n\t\t\t\t\t\t<div class=\"elementor-element elementor-element-8c62f97 elementor-widget elementor-widget-image\" data-id=\"8c62f97\" data-element_type=\"widget\" data-widget_type=\"image.default\">\n\t\t\t\t<div class=\"elementor-widget-container\">\n\t\t\t\t\t\t\t\t\t\t\t\t\t\t\t<img loading=\"lazy\" decoding=\"async\" width=\"800\" height=\"534\" src=\"https:\/\/www.froehling-rathjen.de\/wp-content\/uploads\/2022\/07\/Froehling_Rathjen_blohm5.jpg\" class=\"attachment-large size-large wp-image-10527\" alt=\"\" srcset=\"https:\/\/www.froehling-rathjen.de\/wp-content\/uploads\/2022\/07\/Froehling_Rathjen_blohm5.jpg 1000w, https:\/\/www.froehling-rathjen.de\/wp-content\/uploads\/2022\/07\/Froehling_Rathjen_blohm5-300x200.jpg 300w, https:\/\/www.froehling-rathjen.de\/wp-content\/uploads\/2022\/07\/Froehling_Rathjen_blohm5-768x512.jpg 768w\" sizes=\"(max-width: 800px) 100vw, 800px\" \/>\t\t\t\t\t\t\t\t\t\t\t\t\t\t\t<\/div>\n\t\t\t\t<\/div>\n\t\t\t\t\t<\/div>\n\t\t<\/div>\n\t\t\t\t\t<\/div>\n\t\t<\/section>\n\t\t\t\t\t<\/div>\n\t\t<\/div>\n\t\t\t\t\t<\/div>\n\t\t<\/section>\n\t\t\t\t<\/div>\n\t\t","protected":false},"excerpt":{"rendered":"<p>References |&nbsp; Turnkey Construction &nbsp;| Heinrich Blohm GmbH Heinrich Blohm GmbH Mittelfelder Street 1321698 Harsefeld www.blohm-bau.de Photos: Heinrich Blohm GmbH Construction Business<\/p>\n","protected":false},"author":1,"featured_media":0,"parent":0,"menu_order":0,"comment_status":"closed","ping_status":"closed","template":"","meta":{"footnotes":""},"class_list":["post-10748","page","type-page","status-publish","hentry"],"yoast_head":"<!-- This site is optimized with the Yoast SEO plugin v25.3.1 - https:\/\/yoast.com\/wordpress\/plugins\/seo\/ -->\n<title>References Turnkey Construction Blohm - Fr\u00f6hling &amp; Rathjen - Ingenieurb\u00fcro f\u00fcr Baustatik<\/title>\n<meta name=\"robots\" content=\"index, follow, max-snippet:-1, max-image-preview:large, max-video-preview:-1\" \/>\n<link rel=\"canonical\" href=\"https:\/\/www.froehling-rathjen.de\/en\/references-turnkey-construction-blohm\/\" \/>\n<meta property=\"og:locale\" content=\"en_US\" \/>\n<meta property=\"og:type\" content=\"article\" \/>\n<meta property=\"og:title\" content=\"References Turnkey Construction Blohm - Fr\u00f6hling &amp; Rathjen - Ingenieurb\u00fcro f\u00fcr Baustatik\" \/>\n<meta property=\"og:description\" content=\"References |&nbsp; Turnkey Construction &nbsp;| Heinrich Blohm GmbH Heinrich Blohm GmbH Mittelfelder Street 1321698 Harsefeld www.blohm-bau.de Photos: Heinrich Blohm GmbH Construction Business\" \/>\n<meta property=\"og:url\" content=\"https:\/\/www.froehling-rathjen.de\/en\/references-turnkey-construction-blohm\/\" \/>\n<meta property=\"og:site_name\" content=\"Fr\u00f6hling &amp; Rathjen - Ingenieurb\u00fcro f\u00fcr Baustatik\" \/>\n<meta property=\"article:modified_time\" content=\"2023-03-01T11:57:17+00:00\" \/>\n<meta property=\"og:image\" content=\"https:\/\/www.froehling-rathjen.de\/wp-content\/uploads\/2022\/07\/blohm.png\" \/>\n<meta name=\"twitter:card\" content=\"summary_large_image\" \/>\n<script type=\"application\/ld+json\" class=\"yoast-schema-graph\">{\"@context\":\"https:\/\/schema.org\",\"@graph\":[{\"@type\":\"WebPage\",\"@id\":\"https:\/\/www.froehling-rathjen.de\/en\/references-turnkey-construction-blohm\/\",\"url\":\"https:\/\/www.froehling-rathjen.de\/en\/references-turnkey-construction-blohm\/\",\"name\":\"References Turnkey Construction Blohm - Fr\u00f6hling &amp; Rathjen - Ingenieurb\u00fcro f\u00fcr Baustatik\",\"isPartOf\":{\"@id\":\"https:\/\/www.froehling-rathjen.de\/#website\"},\"primaryImageOfPage\":{\"@id\":\"https:\/\/www.froehling-rathjen.de\/en\/references-turnkey-construction-blohm\/#primaryimage\"},\"image\":{\"@id\":\"https:\/\/www.froehling-rathjen.de\/en\/references-turnkey-construction-blohm\/#primaryimage\"},\"thumbnailUrl\":\"https:\/\/www.froehling-rathjen.de\/wp-content\/uploads\/2022\/07\/blohm.png\",\"datePublished\":\"2022-07-18T15:06:24+00:00\",\"dateModified\":\"2023-03-01T11:57:17+00:00\",\"breadcrumb\":{\"@id\":\"https:\/\/www.froehling-rathjen.de\/en\/references-turnkey-construction-blohm\/#breadcrumb\"},\"inLanguage\":\"en-US\",\"potentialAction\":[{\"@type\":\"ReadAction\",\"target\":[\"https:\/\/www.froehling-rathjen.de\/en\/references-turnkey-construction-blohm\/\"]}]},{\"@type\":\"ImageObject\",\"inLanguage\":\"en-US\",\"@id\":\"https:\/\/www.froehling-rathjen.de\/en\/references-turnkey-construction-blohm\/#primaryimage\",\"url\":\"https:\/\/www.froehling-rathjen.de\/wp-content\/uploads\/2022\/07\/blohm.png\",\"contentUrl\":\"https:\/\/www.froehling-rathjen.de\/wp-content\/uploads\/2022\/07\/blohm.png\"},{\"@type\":\"BreadcrumbList\",\"@id\":\"https:\/\/www.froehling-rathjen.de\/en\/references-turnkey-construction-blohm\/#breadcrumb\",\"itemListElement\":[{\"@type\":\"ListItem\",\"position\":1,\"name\":\"Startseite\",\"item\":\"https:\/\/www.froehling-rathjen.de\/en\/home\/\"},{\"@type\":\"ListItem\",\"position\":2,\"name\":\"References Turnkey Construction Blohm\"}]},{\"@type\":\"WebSite\",\"@id\":\"https:\/\/www.froehling-rathjen.de\/#website\",\"url\":\"https:\/\/www.froehling-rathjen.de\/\",\"name\":\"Fr\u00f6hling &amp; Rathjen - Ingenieurb\u00fcro f\u00fcr Baustatik\",\"description\":\"\",\"publisher\":{\"@id\":\"https:\/\/www.froehling-rathjen.de\/#organization\"},\"potentialAction\":[{\"@type\":\"SearchAction\",\"target\":{\"@type\":\"EntryPoint\",\"urlTemplate\":\"https:\/\/www.froehling-rathjen.de\/?s={search_term_string}\"},\"query-input\":{\"@type\":\"PropertyValueSpecification\",\"valueRequired\":true,\"valueName\":\"search_term_string\"}}],\"inLanguage\":\"en-US\"},{\"@type\":\"Organization\",\"@id\":\"https:\/\/www.froehling-rathjen.de\/#organization\",\"name\":\"Fr\u00f6hling &amp; Rathjen - Ingenieurb\u00fcro f\u00fcr Baustatik\",\"url\":\"https:\/\/www.froehling-rathjen.de\/\",\"logo\":{\"@type\":\"ImageObject\",\"inLanguage\":\"en-US\",\"@id\":\"https:\/\/www.froehling-rathjen.de\/#\/schema\/logo\/image\/\",\"url\":\"https:\/\/www.froehling-rathjen.de\/wp-content\/uploads\/2022\/06\/Fro\u0308hling-Ratjen-Logo.png\",\"contentUrl\":\"https:\/\/www.froehling-rathjen.de\/wp-content\/uploads\/2022\/06\/Fro\u0308hling-Ratjen-Logo.png\",\"width\":240,\"height\":144,\"caption\":\"Fr\u00f6hling &amp; Rathjen - Ingenieurb\u00fcro f\u00fcr Baustatik\"},\"image\":{\"@id\":\"https:\/\/www.froehling-rathjen.de\/#\/schema\/logo\/image\/\"}}]}<\/script>\n<!-- \/ Yoast SEO plugin. -->","yoast_head_json":{"title":"References Turnkey Construction Blohm - Fr\u00f6hling &amp; Rathjen - Ingenieurb\u00fcro f\u00fcr Baustatik","robots":{"index":"index","follow":"follow","max-snippet":"max-snippet:-1","max-image-preview":"max-image-preview:large","max-video-preview":"max-video-preview:-1"},"canonical":"https:\/\/www.froehling-rathjen.de\/en\/references-turnkey-construction-blohm\/","og_locale":"en_US","og_type":"article","og_title":"References Turnkey Construction Blohm - Fr\u00f6hling &amp; Rathjen - Ingenieurb\u00fcro f\u00fcr Baustatik","og_description":"References |&nbsp; Turnkey Construction &nbsp;| Heinrich Blohm GmbH Heinrich Blohm GmbH Mittelfelder Street 1321698 Harsefeld www.blohm-bau.de Photos: Heinrich Blohm GmbH Construction Business","og_url":"https:\/\/www.froehling-rathjen.de\/en\/references-turnkey-construction-blohm\/","og_site_name":"Fr\u00f6hling &amp; Rathjen - Ingenieurb\u00fcro f\u00fcr Baustatik","article_modified_time":"2023-03-01T11:57:17+00:00","og_image":[{"url":"https:\/\/www.froehling-rathjen.de\/wp-content\/uploads\/2022\/07\/blohm.png","type":"","width":"","height":""}],"twitter_card":"summary_large_image","schema":{"@context":"https:\/\/schema.org","@graph":[{"@type":"WebPage","@id":"https:\/\/www.froehling-rathjen.de\/en\/references-turnkey-construction-blohm\/","url":"https:\/\/www.froehling-rathjen.de\/en\/references-turnkey-construction-blohm\/","name":"References Turnkey Construction Blohm - Fr\u00f6hling &amp; Rathjen - Ingenieurb\u00fcro f\u00fcr Baustatik","isPartOf":{"@id":"https:\/\/www.froehling-rathjen.de\/#website"},"primaryImageOfPage":{"@id":"https:\/\/www.froehling-rathjen.de\/en\/references-turnkey-construction-blohm\/#primaryimage"},"image":{"@id":"https:\/\/www.froehling-rathjen.de\/en\/references-turnkey-construction-blohm\/#primaryimage"},"thumbnailUrl":"https:\/\/www.froehling-rathjen.de\/wp-content\/uploads\/2022\/07\/blohm.png","datePublished":"2022-07-18T15:06:24+00:00","dateModified":"2023-03-01T11:57:17+00:00","breadcrumb":{"@id":"https:\/\/www.froehling-rathjen.de\/en\/references-turnkey-construction-blohm\/#breadcrumb"},"inLanguage":"en-US","potentialAction":[{"@type":"ReadAction","target":["https:\/\/www.froehling-rathjen.de\/en\/references-turnkey-construction-blohm\/"]}]},{"@type":"ImageObject","inLanguage":"en-US","@id":"https:\/\/www.froehling-rathjen.de\/en\/references-turnkey-construction-blohm\/#primaryimage","url":"https:\/\/www.froehling-rathjen.de\/wp-content\/uploads\/2022\/07\/blohm.png","contentUrl":"https:\/\/www.froehling-rathjen.de\/wp-content\/uploads\/2022\/07\/blohm.png"},{"@type":"BreadcrumbList","@id":"https:\/\/www.froehling-rathjen.de\/en\/references-turnkey-construction-blohm\/#breadcrumb","itemListElement":[{"@type":"ListItem","position":1,"name":"Startseite","item":"https:\/\/www.froehling-rathjen.de\/en\/home\/"},{"@type":"ListItem","position":2,"name":"References Turnkey Construction Blohm"}]},{"@type":"WebSite","@id":"https:\/\/www.froehling-rathjen.de\/#website","url":"https:\/\/www.froehling-rathjen.de\/","name":"Fr\u00f6hling &amp; Rathjen - Ingenieurb\u00fcro f\u00fcr Baustatik","description":"","publisher":{"@id":"https:\/\/www.froehling-rathjen.de\/#organization"},"potentialAction":[{"@type":"SearchAction","target":{"@type":"EntryPoint","urlTemplate":"https:\/\/www.froehling-rathjen.de\/?s={search_term_string}"},"query-input":{"@type":"PropertyValueSpecification","valueRequired":true,"valueName":"search_term_string"}}],"inLanguage":"en-US"},{"@type":"Organization","@id":"https:\/\/www.froehling-rathjen.de\/#organization","name":"Fr\u00f6hling &amp; Rathjen - Ingenieurb\u00fcro f\u00fcr Baustatik","url":"https:\/\/www.froehling-rathjen.de\/","logo":{"@type":"ImageObject","inLanguage":"en-US","@id":"https:\/\/www.froehling-rathjen.de\/#\/schema\/logo\/image\/","url":"https:\/\/www.froehling-rathjen.de\/wp-content\/uploads\/2022\/06\/Fro\u0308hling-Ratjen-Logo.png","contentUrl":"https:\/\/www.froehling-rathjen.de\/wp-content\/uploads\/2022\/06\/Fro\u0308hling-Ratjen-Logo.png","width":240,"height":144,"caption":"Fr\u00f6hling &amp; Rathjen - Ingenieurb\u00fcro f\u00fcr Baustatik"},"image":{"@id":"https:\/\/www.froehling-rathjen.de\/#\/schema\/logo\/image\/"}}]}},"jetpack_sharing_enabled":true,"_links":{"self":[{"href":"https:\/\/www.froehling-rathjen.de\/en\/wp-json\/wp\/v2\/pages\/10748","targetHints":{"allow":["GET"]}}],"collection":[{"href":"https:\/\/www.froehling-rathjen.de\/en\/wp-json\/wp\/v2\/pages"}],"about":[{"href":"https:\/\/www.froehling-rathjen.de\/en\/wp-json\/wp\/v2\/types\/page"}],"author":[{"embeddable":true,"href":"https:\/\/www.froehling-rathjen.de\/en\/wp-json\/wp\/v2\/users\/1"}],"replies":[{"embeddable":true,"href":"https:\/\/www.froehling-rathjen.de\/en\/wp-json\/wp\/v2\/comments?post=10748"}],"version-history":[{"count":7,"href":"https:\/\/www.froehling-rathjen.de\/en\/wp-json\/wp\/v2\/pages\/10748\/revisions"}],"predecessor-version":[{"id":11232,"href":"https:\/\/www.froehling-rathjen.de\/en\/wp-json\/wp\/v2\/pages\/10748\/revisions\/11232"}],"wp:attachment":[{"href":"https:\/\/www.froehling-rathjen.de\/en\/wp-json\/wp\/v2\/media?parent=10748"}],"curies":[{"name":"wp","href":"https:\/\/api.w.org\/{rel}","templated":true}]}}