{"id":10791,"date":"2022-07-21T11:28:25","date_gmt":"2022-07-21T09:28:25","guid":{"rendered":"https:\/\/www.froehling-rathjen.de\/references-building-construction-burweg\/"},"modified":"2023-03-01T12:43:15","modified_gmt":"2023-03-01T11:43:15","slug":"references-building-construction-burweg","status":"publish","type":"page","link":"https:\/\/www.froehling-rathjen.de\/en\/references-building-construction-burweg\/","title":{"rendered":"References building construction Burweg"},"content":{"rendered":"\t\t<div data-elementor-type=\"wp-page\" data-elementor-id=\"10791\" class=\"elementor elementor-10791 elementor-2874\" data-elementor-post-type=\"page\">\n\t\t\t\t\t\t<section class=\"elementor-section elementor-top-section elementor-element elementor-element-04d3707 elementor-section-boxed elementor-section-height-default elementor-section-height-default\" data-id=\"04d3707\" data-element_type=\"section\">\n\t\t\t\t\t\t<div class=\"elementor-container elementor-column-gap-default\">\n\t\t\t\t\t<div class=\"elementor-column elementor-col-100 elementor-top-column elementor-element elementor-element-727c1e9\" data-id=\"727c1e9\" data-element_type=\"column\">\n\t\t\t<div class=\"elementor-widget-wrap elementor-element-populated\">\n\t\t\t\t\t\t<div class=\"elementor-element elementor-element-bd6e213 elementor-widget elementor-widget-heading\" data-id=\"bd6e213\" data-element_type=\"widget\" data-widget_type=\"heading.default\">\n\t\t\t\t<div class=\"elementor-widget-container\">\n\t\t\t\t\t<h2 class=\"elementor-heading-title elementor-size-default\"><a style=\"color: lightgrey;text-decoration: none\" href=\"unsere-leistungen\">References |&nbsp;<\/a>\n<a style=\"color: lightgrey;text-decoration: none\" href=\"https:\/\/www.froehling-rathjen.de\/hochbau\/\">Structural E&nbsp;ngineering | <\/a>\n<span>Burweg - ice forge<span><\/span><\/span><\/h2>\t\t\t\t<\/div>\n\t\t\t\t<\/div>\n\t\t\t\t<div class=\"elementor-element elementor-element-94334b4 elementor-widget-divider--view-line elementor-widget elementor-widget-divider\" data-id=\"94334b4\" data-element_type=\"widget\" data-widget_type=\"divider.default\">\n\t\t\t\t<div class=\"elementor-widget-container\">\n\t\t\t\t\t\t\t<div class=\"elementor-divider\">\n\t\t\t<span class=\"elementor-divider-separator\">\n\t\t\t\t\t\t<\/span>\n\t\t<\/div>\n\t\t\t\t\t\t<\/div>\n\t\t\t\t<\/div>\n\t\t\t\t<section class=\"elementor-section elementor-inner-section elementor-element elementor-element-b2e3c97 elementor-section-boxed elementor-section-height-default elementor-section-height-default\" data-id=\"b2e3c97\" data-element_type=\"section\">\n\t\t\t\t\t\t<div class=\"elementor-container elementor-column-gap-default\">\n\t\t\t\t\t<div class=\"elementor-column elementor-col-100 elementor-inner-column elementor-element elementor-element-795a01c\" data-id=\"795a01c\" data-element_type=\"column\">\n\t\t\t<div class=\"elementor-widget-wrap elementor-element-populated\">\n\t\t\t\t\t\t<div class=\"elementor-element elementor-element-9800af3 elementor-widget elementor-widget-heading\" data-id=\"9800af3\" data-element_type=\"widget\" data-widget_type=\"heading.default\">\n\t\t\t\t<div class=\"elementor-widget-container\">\n\t\t\t\t\t<h3 class=\"elementor-heading-title elementor-size-default\">Conversion of a blacksmith's shop into an ice cream parlor<\/h3>\t\t\t\t<\/div>\n\t\t\t\t<\/div>\n\t\t\t\t<div class=\"elementor-element elementor-element-b49adcc elementor-widget elementor-widget-heading\" data-id=\"b49adcc\" data-element_type=\"widget\" data-widget_type=\"heading.default\">\n\t\t\t\t<div class=\"elementor-widget-container\">\n\t\t\t\t\t<h2 class=\"elementor-heading-title elementor-size-default\">Ice cream parlor in Burweg<\/h2>\t\t\t\t<\/div>\n\t\t\t\t<\/div>\n\t\t\t\t<div class=\"elementor-element elementor-element-37e78d4 elementor-widget elementor-widget-text-editor\" data-id=\"37e78d4\" data-element_type=\"widget\" data-widget_type=\"text-editor.default\">\n\t\t\t\t<div class=\"elementor-widget-container\">\n\t\t\t\t\t\t\t\t\tHere Responsible For:\n<br>\n<br>\n<ul>\n \t<li>Static Calculation<\/li>\n \t<li>Thermal insulation<\/li>\n \t<li>Fire protection<\/li>\n<\/ul>\n<br>\n\nProject year 2014-2015\n\t\t\t\t\t\t\t\t<\/div>\n\t\t\t\t<\/div>\n\t\t\t\t\t<\/div>\n\t\t<\/div>\n\t\t\t\t\t<\/div>\n\t\t<\/section>\n\t\t\t\t\t<\/div>\n\t\t<\/div>\n\t\t\t\t\t<\/div>\n\t\t<\/section>\n\t\t\t\t<section class=\"elementor-section elementor-top-section elementor-element elementor-element-f0f639b elementor-section-boxed elementor-section-height-default elementor-section-height-default\" data-id=\"f0f639b\" data-element_type=\"section\">\n\t\t\t\t\t\t<div class=\"elementor-container elementor-column-gap-default\">\n\t\t\t\t\t<div class=\"elementor-column elementor-col-100 elementor-top-column elementor-element elementor-element-a451705\" data-id=\"a451705\" data-element_type=\"column\" data-settings=\"{&quot;background_background&quot;:&quot;classic&quot;}\">\n\t\t\t<div class=\"elementor-widget-wrap elementor-element-populated\">\n\t\t\t\t\t\t<section class=\"elementor-section elementor-inner-section elementor-element elementor-element-6919d49 elementor-section-boxed elementor-section-height-default elementor-section-height-default\" data-id=\"6919d49\" data-element_type=\"section\">\n\t\t\t\t\t\t<div class=\"elementor-container elementor-column-gap-default\">\n\t\t\t\t\t<div class=\"elementor-column elementor-col-100 elementor-inner-column elementor-element elementor-element-ec1ff8b\" data-id=\"ec1ff8b\" data-element_type=\"column\">\n\t\t\t<div class=\"elementor-widget-wrap elementor-element-populated\">\n\t\t\t\t\t\t<div class=\"elementor-element elementor-element-d0b2768 elementor-widget elementor-widget-image\" data-id=\"d0b2768\" data-element_type=\"widget\" data-widget_type=\"image.default\">\n\t\t\t\t<div class=\"elementor-widget-container\">\n\t\t\t\t\t\t\t\t\t\t\t\t\t\t\t<img decoding=\"async\" src=\"https:\/\/www.froehling-rathjen.de\/wp-content\/uploads\/2022\/07\/Froehling_Rathjen_Eisschmiede_Burweg_IMG_3340.jpg\" title=\"Eisschmiede Burweg\" alt=\"Eisschmiede Burweg\" loading=\"lazy\" \/>\t\t\t\t\t\t\t\t\t\t\t\t\t\t\t<\/div>\n\t\t\t\t<\/div>\n\t\t\t\t\t<\/div>\n\t\t<\/div>\n\t\t\t\t\t<\/div>\n\t\t<\/section>\n\t\t\t\t<section class=\"elementor-section elementor-inner-section elementor-element elementor-element-9848c05 elementor-section-boxed elementor-section-height-default elementor-section-height-default\" data-id=\"9848c05\" data-element_type=\"section\" data-settings=\"{&quot;background_background&quot;:&quot;classic&quot;}\">\n\t\t\t\t\t\t<div class=\"elementor-container elementor-column-gap-default\">\n\t\t\t\t\t<div class=\"elementor-column elementor-col-50 elementor-inner-column elementor-element elementor-element-dda1d7f\" data-id=\"dda1d7f\" data-element_type=\"column\">\n\t\t\t<div class=\"elementor-widget-wrap elementor-element-populated\">\n\t\t\t\t\t\t<div class=\"elementor-element elementor-element-c84b18c elementor-widget elementor-widget-image\" data-id=\"c84b18c\" data-element_type=\"widget\" data-widget_type=\"image.default\">\n\t\t\t\t<div class=\"elementor-widget-container\">\n\t\t\t\t\t\t\t\t\t\t\t\t\t\t\t<img fetchpriority=\"high\" decoding=\"async\" width=\"800\" height=\"534\" src=\"https:\/\/www.froehling-rathjen.de\/wp-content\/uploads\/2022\/07\/Froehling_Rathjen_Eisschmiede_Burweg_IMG_3344.jpg\" class=\"attachment-large size-large wp-image-10563\" alt=\"\" srcset=\"https:\/\/www.froehling-rathjen.de\/wp-content\/uploads\/2022\/07\/Froehling_Rathjen_Eisschmiede_Burweg_IMG_3344.jpg 1000w, https:\/\/www.froehling-rathjen.de\/wp-content\/uploads\/2022\/07\/Froehling_Rathjen_Eisschmiede_Burweg_IMG_3344-300x200.jpg 300w, https:\/\/www.froehling-rathjen.de\/wp-content\/uploads\/2022\/07\/Froehling_Rathjen_Eisschmiede_Burweg_IMG_3344-768x512.jpg 768w\" sizes=\"(max-width: 800px) 100vw, 800px\" \/>\t\t\t\t\t\t\t\t\t\t\t\t\t\t\t<\/div>\n\t\t\t\t<\/div>\n\t\t\t\t\t<\/div>\n\t\t<\/div>\n\t\t\t\t<div class=\"elementor-column elementor-col-50 elementor-inner-column elementor-element elementor-element-fb0c5d7\" data-id=\"fb0c5d7\" data-element_type=\"column\">\n\t\t\t<div class=\"elementor-widget-wrap elementor-element-populated\">\n\t\t\t\t\t\t<div class=\"elementor-element elementor-element-d4f1848 elementor-widget elementor-widget-image\" data-id=\"d4f1848\" data-element_type=\"widget\" data-widget_type=\"image.default\">\n\t\t\t\t<div class=\"elementor-widget-container\">\n\t\t\t\t\t\t\t\t\t\t\t\t\t\t\t<img decoding=\"async\" width=\"800\" height=\"534\" src=\"https:\/\/www.froehling-rathjen.de\/wp-content\/uploads\/2022\/07\/Froehling_Rathjen_Eisschmiede_Burweg_IMG_3346.jpg\" class=\"attachment-large size-large wp-image-10564\" alt=\"\" srcset=\"https:\/\/www.froehling-rathjen.de\/wp-content\/uploads\/2022\/07\/Froehling_Rathjen_Eisschmiede_Burweg_IMG_3346.jpg 1000w, https:\/\/www.froehling-rathjen.de\/wp-content\/uploads\/2022\/07\/Froehling_Rathjen_Eisschmiede_Burweg_IMG_3346-300x200.jpg 300w, https:\/\/www.froehling-rathjen.de\/wp-content\/uploads\/2022\/07\/Froehling_Rathjen_Eisschmiede_Burweg_IMG_3346-768x512.jpg 768w\" sizes=\"(max-width: 800px) 100vw, 800px\" \/>\t\t\t\t\t\t\t\t\t\t\t\t\t\t\t<\/div>\n\t\t\t\t<\/div>\n\t\t\t\t\t<\/div>\n\t\t<\/div>\n\t\t\t\t\t<\/div>\n\t\t<\/section>\n\t\t\t\t\t<\/div>\n\t\t<\/div>\n\t\t\t\t\t<\/div>\n\t\t<\/section>\n\t\t\t\t<\/div>\n\t\t","protected":false},"excerpt":{"rendered":"<p>References |&nbsp; Structural E&nbsp;ngineering | Burweg &#8211; ice forge Conversion of a blacksmith&#8217;s shop into an ice cream parlor Ice cream parlor in Burweg Here Responsible For: Static Calculation Thermal insulation Fire protection Project year 2014-2015<\/p>\n","protected":false},"author":1,"featured_media":0,"parent":0,"menu_order":0,"comment_status":"closed","ping_status":"closed","template":"","meta":{"footnotes":""},"class_list":["post-10791","page","type-page","status-publish","hentry"],"yoast_head":"<!-- This site is optimized with the Yoast SEO plugin v25.3.1 - https:\/\/yoast.com\/wordpress\/plugins\/seo\/ -->\n<title>References building construction Burweg - Fr\u00f6hling &amp; Rathjen - Ingenieurb\u00fcro f\u00fcr Baustatik<\/title>\n<meta name=\"robots\" content=\"index, follow, max-snippet:-1, max-image-preview:large, max-video-preview:-1\" \/>\n<link rel=\"canonical\" href=\"https:\/\/www.froehling-rathjen.de\/en\/references-building-construction-burweg\/\" \/>\n<meta property=\"og:locale\" content=\"en_US\" \/>\n<meta property=\"og:type\" content=\"article\" \/>\n<meta property=\"og:title\" content=\"References building construction Burweg - Fr\u00f6hling &amp; Rathjen - Ingenieurb\u00fcro f\u00fcr Baustatik\" \/>\n<meta property=\"og:description\" content=\"References |&nbsp; Structural E&nbsp;ngineering | Burweg &#8211; ice forge Conversion of a blacksmith&#8217;s shop into an ice cream parlor Ice cream parlor in Burweg Here Responsible For: Static Calculation Thermal insulation Fire protection Project year 2014-2015\" \/>\n<meta property=\"og:url\" content=\"https:\/\/www.froehling-rathjen.de\/en\/references-building-construction-burweg\/\" \/>\n<meta property=\"og:site_name\" content=\"Fr\u00f6hling &amp; Rathjen - Ingenieurb\u00fcro f\u00fcr Baustatik\" \/>\n<meta property=\"article:modified_time\" content=\"2023-03-01T11:43:15+00:00\" \/>\n<meta property=\"og:image\" content=\"https:\/\/www.froehling-rathjen.de\/wp-content\/uploads\/2022\/07\/Froehling_Rathjen_Eisschmiede_Burweg_IMG_3340.jpg\" \/>\n<meta name=\"twitter:card\" content=\"summary_large_image\" \/>\n<script type=\"application\/ld+json\" class=\"yoast-schema-graph\">{\"@context\":\"https:\/\/schema.org\",\"@graph\":[{\"@type\":\"WebPage\",\"@id\":\"https:\/\/www.froehling-rathjen.de\/en\/references-building-construction-burweg\/\",\"url\":\"https:\/\/www.froehling-rathjen.de\/en\/references-building-construction-burweg\/\",\"name\":\"References building construction Burweg - Fr\u00f6hling &amp; Rathjen - Ingenieurb\u00fcro f\u00fcr Baustatik\",\"isPartOf\":{\"@id\":\"https:\/\/www.froehling-rathjen.de\/#website\"},\"primaryImageOfPage\":{\"@id\":\"https:\/\/www.froehling-rathjen.de\/en\/references-building-construction-burweg\/#primaryimage\"},\"image\":{\"@id\":\"https:\/\/www.froehling-rathjen.de\/en\/references-building-construction-burweg\/#primaryimage\"},\"thumbnailUrl\":\"https:\/\/www.froehling-rathjen.de\/wp-content\/uploads\/2022\/07\/Froehling_Rathjen_Eisschmiede_Burweg_IMG_3340.jpg\",\"datePublished\":\"2022-07-21T09:28:25+00:00\",\"dateModified\":\"2023-03-01T11:43:15+00:00\",\"breadcrumb\":{\"@id\":\"https:\/\/www.froehling-rathjen.de\/en\/references-building-construction-burweg\/#breadcrumb\"},\"inLanguage\":\"en-US\",\"potentialAction\":[{\"@type\":\"ReadAction\",\"target\":[\"https:\/\/www.froehling-rathjen.de\/en\/references-building-construction-burweg\/\"]}]},{\"@type\":\"ImageObject\",\"inLanguage\":\"en-US\",\"@id\":\"https:\/\/www.froehling-rathjen.de\/en\/references-building-construction-burweg\/#primaryimage\",\"url\":\"https:\/\/www.froehling-rathjen.de\/wp-content\/uploads\/2022\/07\/Froehling_Rathjen_Eisschmiede_Burweg_IMG_3340.jpg\",\"contentUrl\":\"https:\/\/www.froehling-rathjen.de\/wp-content\/uploads\/2022\/07\/Froehling_Rathjen_Eisschmiede_Burweg_IMG_3340.jpg\"},{\"@type\":\"BreadcrumbList\",\"@id\":\"https:\/\/www.froehling-rathjen.de\/en\/references-building-construction-burweg\/#breadcrumb\",\"itemListElement\":[{\"@type\":\"ListItem\",\"position\":1,\"name\":\"Startseite\",\"item\":\"https:\/\/www.froehling-rathjen.de\/en\/home\/\"},{\"@type\":\"ListItem\",\"position\":2,\"name\":\"References building construction Burweg\"}]},{\"@type\":\"WebSite\",\"@id\":\"https:\/\/www.froehling-rathjen.de\/#website\",\"url\":\"https:\/\/www.froehling-rathjen.de\/\",\"name\":\"Fr\u00f6hling &amp; Rathjen - Ingenieurb\u00fcro f\u00fcr Baustatik\",\"description\":\"\",\"publisher\":{\"@id\":\"https:\/\/www.froehling-rathjen.de\/#organization\"},\"potentialAction\":[{\"@type\":\"SearchAction\",\"target\":{\"@type\":\"EntryPoint\",\"urlTemplate\":\"https:\/\/www.froehling-rathjen.de\/?s={search_term_string}\"},\"query-input\":{\"@type\":\"PropertyValueSpecification\",\"valueRequired\":true,\"valueName\":\"search_term_string\"}}],\"inLanguage\":\"en-US\"},{\"@type\":\"Organization\",\"@id\":\"https:\/\/www.froehling-rathjen.de\/#organization\",\"name\":\"Fr\u00f6hling &amp; Rathjen - Ingenieurb\u00fcro f\u00fcr Baustatik\",\"url\":\"https:\/\/www.froehling-rathjen.de\/\",\"logo\":{\"@type\":\"ImageObject\",\"inLanguage\":\"en-US\",\"@id\":\"https:\/\/www.froehling-rathjen.de\/#\/schema\/logo\/image\/\",\"url\":\"https:\/\/www.froehling-rathjen.de\/wp-content\/uploads\/2022\/06\/Fro\u0308hling-Ratjen-Logo.png\",\"contentUrl\":\"https:\/\/www.froehling-rathjen.de\/wp-content\/uploads\/2022\/06\/Fro\u0308hling-Ratjen-Logo.png\",\"width\":240,\"height\":144,\"caption\":\"Fr\u00f6hling &amp; Rathjen - Ingenieurb\u00fcro f\u00fcr Baustatik\"},\"image\":{\"@id\":\"https:\/\/www.froehling-rathjen.de\/#\/schema\/logo\/image\/\"}}]}<\/script>\n<!-- \/ Yoast SEO plugin. -->","yoast_head_json":{"title":"References building construction Burweg - Fr\u00f6hling &amp; Rathjen - Ingenieurb\u00fcro f\u00fcr Baustatik","robots":{"index":"index","follow":"follow","max-snippet":"max-snippet:-1","max-image-preview":"max-image-preview:large","max-video-preview":"max-video-preview:-1"},"canonical":"https:\/\/www.froehling-rathjen.de\/en\/references-building-construction-burweg\/","og_locale":"en_US","og_type":"article","og_title":"References building construction Burweg - Fr\u00f6hling &amp; Rathjen - Ingenieurb\u00fcro f\u00fcr Baustatik","og_description":"References |&nbsp; Structural E&nbsp;ngineering | Burweg &#8211; ice forge Conversion of a blacksmith&#8217;s shop into an ice cream parlor Ice cream parlor in Burweg Here Responsible For: Static Calculation Thermal insulation Fire protection Project year 2014-2015","og_url":"https:\/\/www.froehling-rathjen.de\/en\/references-building-construction-burweg\/","og_site_name":"Fr\u00f6hling &amp; Rathjen - Ingenieurb\u00fcro f\u00fcr Baustatik","article_modified_time":"2023-03-01T11:43:15+00:00","og_image":[{"url":"https:\/\/www.froehling-rathjen.de\/wp-content\/uploads\/2022\/07\/Froehling_Rathjen_Eisschmiede_Burweg_IMG_3340.jpg","type":"","width":"","height":""}],"twitter_card":"summary_large_image","schema":{"@context":"https:\/\/schema.org","@graph":[{"@type":"WebPage","@id":"https:\/\/www.froehling-rathjen.de\/en\/references-building-construction-burweg\/","url":"https:\/\/www.froehling-rathjen.de\/en\/references-building-construction-burweg\/","name":"References building construction Burweg - Fr\u00f6hling &amp; Rathjen - Ingenieurb\u00fcro f\u00fcr Baustatik","isPartOf":{"@id":"https:\/\/www.froehling-rathjen.de\/#website"},"primaryImageOfPage":{"@id":"https:\/\/www.froehling-rathjen.de\/en\/references-building-construction-burweg\/#primaryimage"},"image":{"@id":"https:\/\/www.froehling-rathjen.de\/en\/references-building-construction-burweg\/#primaryimage"},"thumbnailUrl":"https:\/\/www.froehling-rathjen.de\/wp-content\/uploads\/2022\/07\/Froehling_Rathjen_Eisschmiede_Burweg_IMG_3340.jpg","datePublished":"2022-07-21T09:28:25+00:00","dateModified":"2023-03-01T11:43:15+00:00","breadcrumb":{"@id":"https:\/\/www.froehling-rathjen.de\/en\/references-building-construction-burweg\/#breadcrumb"},"inLanguage":"en-US","potentialAction":[{"@type":"ReadAction","target":["https:\/\/www.froehling-rathjen.de\/en\/references-building-construction-burweg\/"]}]},{"@type":"ImageObject","inLanguage":"en-US","@id":"https:\/\/www.froehling-rathjen.de\/en\/references-building-construction-burweg\/#primaryimage","url":"https:\/\/www.froehling-rathjen.de\/wp-content\/uploads\/2022\/07\/Froehling_Rathjen_Eisschmiede_Burweg_IMG_3340.jpg","contentUrl":"https:\/\/www.froehling-rathjen.de\/wp-content\/uploads\/2022\/07\/Froehling_Rathjen_Eisschmiede_Burweg_IMG_3340.jpg"},{"@type":"BreadcrumbList","@id":"https:\/\/www.froehling-rathjen.de\/en\/references-building-construction-burweg\/#breadcrumb","itemListElement":[{"@type":"ListItem","position":1,"name":"Startseite","item":"https:\/\/www.froehling-rathjen.de\/en\/home\/"},{"@type":"ListItem","position":2,"name":"References building construction Burweg"}]},{"@type":"WebSite","@id":"https:\/\/www.froehling-rathjen.de\/#website","url":"https:\/\/www.froehling-rathjen.de\/","name":"Fr\u00f6hling &amp; Rathjen - Ingenieurb\u00fcro f\u00fcr Baustatik","description":"","publisher":{"@id":"https:\/\/www.froehling-rathjen.de\/#organization"},"potentialAction":[{"@type":"SearchAction","target":{"@type":"EntryPoint","urlTemplate":"https:\/\/www.froehling-rathjen.de\/?s={search_term_string}"},"query-input":{"@type":"PropertyValueSpecification","valueRequired":true,"valueName":"search_term_string"}}],"inLanguage":"en-US"},{"@type":"Organization","@id":"https:\/\/www.froehling-rathjen.de\/#organization","name":"Fr\u00f6hling &amp; Rathjen - Ingenieurb\u00fcro f\u00fcr Baustatik","url":"https:\/\/www.froehling-rathjen.de\/","logo":{"@type":"ImageObject","inLanguage":"en-US","@id":"https:\/\/www.froehling-rathjen.de\/#\/schema\/logo\/image\/","url":"https:\/\/www.froehling-rathjen.de\/wp-content\/uploads\/2022\/06\/Fro\u0308hling-Ratjen-Logo.png","contentUrl":"https:\/\/www.froehling-rathjen.de\/wp-content\/uploads\/2022\/06\/Fro\u0308hling-Ratjen-Logo.png","width":240,"height":144,"caption":"Fr\u00f6hling &amp; Rathjen - Ingenieurb\u00fcro f\u00fcr Baustatik"},"image":{"@id":"https:\/\/www.froehling-rathjen.de\/#\/schema\/logo\/image\/"}}]}},"jetpack_sharing_enabled":true,"_links":{"self":[{"href":"https:\/\/www.froehling-rathjen.de\/en\/wp-json\/wp\/v2\/pages\/10791","targetHints":{"allow":["GET"]}}],"collection":[{"href":"https:\/\/www.froehling-rathjen.de\/en\/wp-json\/wp\/v2\/pages"}],"about":[{"href":"https:\/\/www.froehling-rathjen.de\/en\/wp-json\/wp\/v2\/types\/page"}],"author":[{"embeddable":true,"href":"https:\/\/www.froehling-rathjen.de\/en\/wp-json\/wp\/v2\/users\/1"}],"replies":[{"embeddable":true,"href":"https:\/\/www.froehling-rathjen.de\/en\/wp-json\/wp\/v2\/comments?post=10791"}],"version-history":[{"count":5,"href":"https:\/\/www.froehling-rathjen.de\/en\/wp-json\/wp\/v2\/pages\/10791\/revisions"}],"predecessor-version":[{"id":11199,"href":"https:\/\/www.froehling-rathjen.de\/en\/wp-json\/wp\/v2\/pages\/10791\/revisions\/11199"}],"wp:attachment":[{"href":"https:\/\/www.froehling-rathjen.de\/en\/wp-json\/wp\/v2\/media?parent=10791"}],"curies":[{"name":"wp","href":"https:\/\/api.w.org\/{rel}","templated":true}]}}