{"id":10792,"date":"2022-07-21T13:36:14","date_gmt":"2022-07-21T11:36:14","guid":{"rendered":"https:\/\/www.froehling-rathjen.de\/references-building-construction-harsefeld-town-hall\/"},"modified":"2023-03-01T12:43:15","modified_gmt":"2023-03-01T11:43:15","slug":"references-building-construction-harsefeld-town-hall","status":"publish","type":"page","link":"https:\/\/www.froehling-rathjen.de\/en\/references-building-construction-harsefeld-town-hall\/","title":{"rendered":"References building construction Harsefeld town hall"},"content":{"rendered":"\t\t<div data-elementor-type=\"wp-page\" data-elementor-id=\"10792\" class=\"elementor elementor-10792 elementor-3030\" data-elementor-post-type=\"page\">\n\t\t\t\t\t\t<section class=\"elementor-section elementor-top-section elementor-element elementor-element-04d3707 elementor-section-boxed elementor-section-height-default elementor-section-height-default\" data-id=\"04d3707\" data-element_type=\"section\">\n\t\t\t\t\t\t<div class=\"elementor-container elementor-column-gap-default\">\n\t\t\t\t\t<div class=\"elementor-column elementor-col-100 elementor-top-column elementor-element elementor-element-727c1e9\" data-id=\"727c1e9\" data-element_type=\"column\">\n\t\t\t<div class=\"elementor-widget-wrap elementor-element-populated\">\n\t\t\t\t\t\t<div class=\"elementor-element elementor-element-bd6e213 elementor-widget elementor-widget-heading\" data-id=\"bd6e213\" data-element_type=\"widget\" data-widget_type=\"heading.default\">\n\t\t\t\t<div class=\"elementor-widget-container\">\n\t\t\t\t\t<h2 class=\"elementor-heading-title elementor-size-default\"><a style=\"color: lightgrey;text-decoration: none\" href=\"https:\/\/www.froehling-rathjen.de\/en\/references\/\">References |&nbsp;<\/a>\n<a style=\"color: lightgrey;text-decoration: none\" href=\"https:\/\/www.froehling-rathjen.de\/en\/structural-design\/\">Structural E&nbsp;ngineering | <\/a>\n<span>Harsefeld - City Hall<span><\/h2>\t\t\t\t<\/div>\n\t\t\t\t<\/div>\n\t\t\t\t<div class=\"elementor-element elementor-element-94334b4 elementor-widget-divider--view-line elementor-widget elementor-widget-divider\" data-id=\"94334b4\" data-element_type=\"widget\" data-widget_type=\"divider.default\">\n\t\t\t\t<div class=\"elementor-widget-container\">\n\t\t\t\t\t\t\t<div class=\"elementor-divider\">\n\t\t\t<span class=\"elementor-divider-separator\">\n\t\t\t\t\t\t<\/span>\n\t\t<\/div>\n\t\t\t\t\t\t<\/div>\n\t\t\t\t<\/div>\n\t\t\t\t\t<\/div>\n\t\t<\/div>\n\t\t\t\t\t<\/div>\n\t\t<\/section>\n\t\t\t\t<section class=\"elementor-section elementor-top-section elementor-element elementor-element-732c9bd elementor-section-boxed elementor-section-height-default elementor-section-height-default\" data-id=\"732c9bd\" data-element_type=\"section\">\n\t\t\t\t\t\t<div class=\"elementor-container elementor-column-gap-default\">\n\t\t\t\t\t<div class=\"elementor-column elementor-col-50 elementor-top-column elementor-element elementor-element-6a88551\" data-id=\"6a88551\" data-element_type=\"column\">\n\t\t\t<div class=\"elementor-widget-wrap elementor-element-populated\">\n\t\t\t\t\t\t<div class=\"elementor-element elementor-element-75a3b2d elementor-widget elementor-widget-heading\" data-id=\"75a3b2d\" data-element_type=\"widget\" data-widget_type=\"heading.default\">\n\t\t\t\t<div class=\"elementor-widget-container\">\n\t\t\t\t\t<h6 class=\"elementor-heading-title elementor-size-default\">Here Responsible For:<\/h6>\t\t\t\t<\/div>\n\t\t\t\t<\/div>\n\t\t\t\t<div class=\"elementor-element elementor-element-8954892 elementor-icon-list--layout-traditional elementor-list-item-link-full_width elementor-widget elementor-widget-icon-list\" data-id=\"8954892\" data-element_type=\"widget\" data-widget_type=\"icon-list.default\">\n\t\t\t\t<div class=\"elementor-widget-container\">\n\t\t\t\t\t\t\t<ul class=\"elementor-icon-list-items\">\n\t\t\t\t\t\t\t<li class=\"elementor-icon-list-item\">\n\t\t\t\t\t\t\t\t\t\t\t<span class=\"elementor-icon-list-icon\">\n\t\t\t\t\t\t\t<i aria-hidden=\"true\" class=\"fas fa-circle\"><\/i>\t\t\t\t\t\t<\/span>\n\t\t\t\t\t\t\t\t\t\t<span class=\"elementor-icon-list-text\">Static Calculation<\/span>\n\t\t\t\t\t\t\t\t\t<\/li>\n\t\t\t\t\t\t\t\t<li class=\"elementor-icon-list-item\">\n\t\t\t\t\t\t\t\t\t\t\t<span class=\"elementor-icon-list-icon\">\n\t\t\t\t\t\t\t<i aria-hidden=\"true\" class=\"fas fa-circle\"><\/i>\t\t\t\t\t\t<\/span>\n\t\t\t\t\t\t\t\t\t\t<span class=\"elementor-icon-list-text\">Construction Drawings<\/span>\n\t\t\t\t\t\t\t\t\t<\/li>\n\t\t\t\t\t\t<\/ul>\n\t\t\t\t\t\t<\/div>\n\t\t\t\t<\/div>\n\t\t\t\t<div class=\"elementor-element elementor-element-c5a92e7 elementor-widget elementor-widget-heading\" data-id=\"c5a92e7\" data-element_type=\"widget\" data-widget_type=\"heading.default\">\n\t\t\t\t<div class=\"elementor-widget-container\">\n\t\t\t\t\t<h6 class=\"elementor-heading-title elementor-size-default\">Project year: <span style=\"font-weight: normal\">1992<\/span><\/h6>\t\t\t\t<\/div>\n\t\t\t\t<\/div>\n\t\t\t\t<div class=\"elementor-element elementor-element-4497aa1 elementor-widget elementor-widget-heading\" data-id=\"4497aa1\" data-element_type=\"widget\" data-widget_type=\"heading.default\">\n\t\t\t\t<div class=\"elementor-widget-container\">\n\t\t\t\t\t<h6 class=\"elementor-heading-title elementor-size-default\"><a href=\"https:\/\/www.harsefeld.de\/rathaus-burgerservice\/rathaus\/\" target=\"_blank\">To The Homepage\n<\/a><\/h6>\t\t\t\t<\/div>\n\t\t\t\t<\/div>\n\t\t\t\t\t<\/div>\n\t\t<\/div>\n\t\t\t\t<div class=\"elementor-column elementor-col-50 elementor-top-column elementor-element elementor-element-bc844a7\" data-id=\"bc844a7\" data-element_type=\"column\">\n\t\t\t<div class=\"elementor-widget-wrap\">\n\t\t\t\t\t\t\t<\/div>\n\t\t<\/div>\n\t\t\t\t\t<\/div>\n\t\t<\/section>\n\t\t\t\t<section class=\"elementor-section elementor-top-section elementor-element elementor-element-f0f639b elementor-section-boxed elementor-section-height-default elementor-section-height-default\" data-id=\"f0f639b\" data-element_type=\"section\">\n\t\t\t\t\t\t<div class=\"elementor-container elementor-column-gap-default\">\n\t\t\t\t\t<div class=\"elementor-column elementor-col-100 elementor-top-column elementor-element elementor-element-a451705\" data-id=\"a451705\" data-element_type=\"column\" data-settings=\"{&quot;background_background&quot;:&quot;classic&quot;}\">\n\t\t\t<div class=\"elementor-widget-wrap elementor-element-populated\">\n\t\t\t\t\t\t<section class=\"elementor-section elementor-inner-section elementor-element elementor-element-6919d49 elementor-section-boxed elementor-section-height-default elementor-section-height-default\" data-id=\"6919d49\" data-element_type=\"section\">\n\t\t\t\t\t\t<div class=\"elementor-container elementor-column-gap-default\">\n\t\t\t\t\t<div class=\"elementor-column elementor-col-100 elementor-inner-column elementor-element elementor-element-ec1ff8b\" data-id=\"ec1ff8b\" data-element_type=\"column\">\n\t\t\t<div class=\"elementor-widget-wrap elementor-element-populated\">\n\t\t\t\t\t\t<div class=\"elementor-element elementor-element-d0b2768 elementor-widget elementor-widget-image\" data-id=\"d0b2768\" data-element_type=\"widget\" data-widget_type=\"image.default\">\n\t\t\t\t<div class=\"elementor-widget-container\">\n\t\t\t\t\t\t\t\t\t\t\t\t\t\t\t<img decoding=\"async\" src=\"https:\/\/www.froehling-rathjen.de\/wp-content\/uploads\/2022\/07\/Froehling_Rathjen_Rathaus_Harsefeld_01.jpg\" title=\"Tragswerksplanung 3 by Fr\u00f6hling &#038; Rathjen &#8211; Rathaus Harsefeld\" alt=\"Tragswerksplanung 3 by Fr\u00f6hling &amp; Rathjen - Rathaus Harsefeld\" loading=\"lazy\" \/>\t\t\t\t\t\t\t\t\t\t\t\t\t\t\t<\/div>\n\t\t\t\t<\/div>\n\t\t\t\t\t<\/div>\n\t\t<\/div>\n\t\t\t\t\t<\/div>\n\t\t<\/section>\n\t\t\t\t<section class=\"elementor-section elementor-inner-section elementor-element elementor-element-9848c05 elementor-section-boxed elementor-section-height-default elementor-section-height-default\" data-id=\"9848c05\" data-element_type=\"section\">\n\t\t\t\t\t\t<div class=\"elementor-container elementor-column-gap-default\">\n\t\t\t\t\t<div class=\"elementor-column elementor-col-50 elementor-inner-column elementor-element elementor-element-dda1d7f\" data-id=\"dda1d7f\" data-element_type=\"column\">\n\t\t\t<div class=\"elementor-widget-wrap elementor-element-populated\">\n\t\t\t\t\t\t<div class=\"elementor-element elementor-element-c84b18c elementor-widget elementor-widget-image\" data-id=\"c84b18c\" data-element_type=\"widget\" data-widget_type=\"image.default\">\n\t\t\t\t<div class=\"elementor-widget-container\">\n\t\t\t\t\t\t\t\t\t\t\t\t\t\t\t<img fetchpriority=\"high\" decoding=\"async\" width=\"800\" height=\"534\" src=\"https:\/\/www.froehling-rathjen.de\/wp-content\/uploads\/2022\/07\/Froehling_Rathjen_Rathaus_Harsefeld_03.jpg\" class=\"attachment-large size-large wp-image-10578\" alt=\"\" srcset=\"https:\/\/www.froehling-rathjen.de\/wp-content\/uploads\/2022\/07\/Froehling_Rathjen_Rathaus_Harsefeld_03.jpg 1000w, https:\/\/www.froehling-rathjen.de\/wp-content\/uploads\/2022\/07\/Froehling_Rathjen_Rathaus_Harsefeld_03-300x200.jpg 300w, https:\/\/www.froehling-rathjen.de\/wp-content\/uploads\/2022\/07\/Froehling_Rathjen_Rathaus_Harsefeld_03-768x512.jpg 768w\" sizes=\"(max-width: 800px) 100vw, 800px\" \/>\t\t\t\t\t\t\t\t\t\t\t\t\t\t\t<\/div>\n\t\t\t\t<\/div>\n\t\t\t\t\t<\/div>\n\t\t<\/div>\n\t\t\t\t<div class=\"elementor-column elementor-col-50 elementor-inner-column elementor-element elementor-element-fb0c5d7\" data-id=\"fb0c5d7\" data-element_type=\"column\">\n\t\t\t<div class=\"elementor-widget-wrap elementor-element-populated\">\n\t\t\t\t\t\t<div class=\"elementor-element elementor-element-d4f1848 elementor-widget elementor-widget-image\" data-id=\"d4f1848\" data-element_type=\"widget\" data-widget_type=\"image.default\">\n\t\t\t\t<div class=\"elementor-widget-container\">\n\t\t\t\t\t\t\t\t\t\t\t\t\t\t\t<img decoding=\"async\" width=\"1000\" height=\"667\" src=\"https:\/\/www.froehling-rathjen.de\/wp-content\/uploads\/2022\/07\/Froehling_Rathjen_Rathaus_Harsefeld_05.jpg\" class=\"attachment-full size-full wp-image-10579\" alt=\"\" srcset=\"https:\/\/www.froehling-rathjen.de\/wp-content\/uploads\/2022\/07\/Froehling_Rathjen_Rathaus_Harsefeld_05.jpg 1000w, https:\/\/www.froehling-rathjen.de\/wp-content\/uploads\/2022\/07\/Froehling_Rathjen_Rathaus_Harsefeld_05-300x200.jpg 300w, https:\/\/www.froehling-rathjen.de\/wp-content\/uploads\/2022\/07\/Froehling_Rathjen_Rathaus_Harsefeld_05-768x512.jpg 768w\" sizes=\"(max-width: 1000px) 100vw, 1000px\" \/>\t\t\t\t\t\t\t\t\t\t\t\t\t\t\t<\/div>\n\t\t\t\t<\/div>\n\t\t\t\t\t<\/div>\n\t\t<\/div>\n\t\t\t\t\t<\/div>\n\t\t<\/section>\n\t\t\t\t\t<\/div>\n\t\t<\/div>\n\t\t\t\t\t<\/div>\n\t\t<\/section>\n\t\t\t\t<\/div>\n\t\t","protected":false},"excerpt":{"rendered":"<p>References |&nbsp; Structural E&nbsp;ngineering | Harsefeld &#8211; City Hall Here Responsible For: Static Calculation Construction Drawings Project year: 1992 To The Homepage<\/p>\n","protected":false},"author":1,"featured_media":0,"parent":0,"menu_order":0,"comment_status":"closed","ping_status":"closed","template":"","meta":{"footnotes":""},"class_list":["post-10792","page","type-page","status-publish","hentry"],"yoast_head":"<!-- This site is optimized with the Yoast SEO plugin v25.3.1 - https:\/\/yoast.com\/wordpress\/plugins\/seo\/ -->\n<title>References building construction Harsefeld town hall - Fr\u00f6hling &amp; Rathjen - Ingenieurb\u00fcro f\u00fcr Baustatik<\/title>\n<meta name=\"robots\" content=\"index, follow, max-snippet:-1, max-image-preview:large, max-video-preview:-1\" \/>\n<link rel=\"canonical\" href=\"https:\/\/www.froehling-rathjen.de\/en\/references-building-construction-harsefeld-town-hall\/\" \/>\n<meta property=\"og:locale\" content=\"en_US\" \/>\n<meta property=\"og:type\" content=\"article\" \/>\n<meta property=\"og:title\" content=\"References building construction Harsefeld town hall - Fr\u00f6hling &amp; Rathjen - Ingenieurb\u00fcro f\u00fcr Baustatik\" \/>\n<meta property=\"og:description\" content=\"References |&nbsp; Structural E&nbsp;ngineering | Harsefeld &#8211; City Hall Here Responsible For: Static Calculation Construction Drawings Project year: 1992 To The Homepage\" \/>\n<meta property=\"og:url\" content=\"https:\/\/www.froehling-rathjen.de\/en\/references-building-construction-harsefeld-town-hall\/\" \/>\n<meta property=\"og:site_name\" content=\"Fr\u00f6hling &amp; Rathjen - Ingenieurb\u00fcro f\u00fcr Baustatik\" \/>\n<meta property=\"article:modified_time\" content=\"2023-03-01T11:43:15+00:00\" \/>\n<meta property=\"og:image\" content=\"https:\/\/www.froehling-rathjen.de\/wp-content\/uploads\/2022\/07\/Froehling_Rathjen_Rathaus_Harsefeld_01.jpg\" \/>\n<meta name=\"twitter:card\" content=\"summary_large_image\" \/>\n<script type=\"application\/ld+json\" class=\"yoast-schema-graph\">{\"@context\":\"https:\/\/schema.org\",\"@graph\":[{\"@type\":\"WebPage\",\"@id\":\"https:\/\/www.froehling-rathjen.de\/en\/references-building-construction-harsefeld-town-hall\/\",\"url\":\"https:\/\/www.froehling-rathjen.de\/en\/references-building-construction-harsefeld-town-hall\/\",\"name\":\"References building construction Harsefeld town hall - Fr\u00f6hling &amp; Rathjen - Ingenieurb\u00fcro f\u00fcr Baustatik\",\"isPartOf\":{\"@id\":\"https:\/\/www.froehling-rathjen.de\/#website\"},\"primaryImageOfPage\":{\"@id\":\"https:\/\/www.froehling-rathjen.de\/en\/references-building-construction-harsefeld-town-hall\/#primaryimage\"},\"image\":{\"@id\":\"https:\/\/www.froehling-rathjen.de\/en\/references-building-construction-harsefeld-town-hall\/#primaryimage\"},\"thumbnailUrl\":\"https:\/\/www.froehling-rathjen.de\/wp-content\/uploads\/2022\/07\/Froehling_Rathjen_Rathaus_Harsefeld_01.jpg\",\"datePublished\":\"2022-07-21T11:36:14+00:00\",\"dateModified\":\"2023-03-01T11:43:15+00:00\",\"breadcrumb\":{\"@id\":\"https:\/\/www.froehling-rathjen.de\/en\/references-building-construction-harsefeld-town-hall\/#breadcrumb\"},\"inLanguage\":\"en-US\",\"potentialAction\":[{\"@type\":\"ReadAction\",\"target\":[\"https:\/\/www.froehling-rathjen.de\/en\/references-building-construction-harsefeld-town-hall\/\"]}]},{\"@type\":\"ImageObject\",\"inLanguage\":\"en-US\",\"@id\":\"https:\/\/www.froehling-rathjen.de\/en\/references-building-construction-harsefeld-town-hall\/#primaryimage\",\"url\":\"https:\/\/www.froehling-rathjen.de\/wp-content\/uploads\/2022\/07\/Froehling_Rathjen_Rathaus_Harsefeld_01.jpg\",\"contentUrl\":\"https:\/\/www.froehling-rathjen.de\/wp-content\/uploads\/2022\/07\/Froehling_Rathjen_Rathaus_Harsefeld_01.jpg\"},{\"@type\":\"BreadcrumbList\",\"@id\":\"https:\/\/www.froehling-rathjen.de\/en\/references-building-construction-harsefeld-town-hall\/#breadcrumb\",\"itemListElement\":[{\"@type\":\"ListItem\",\"position\":1,\"name\":\"Startseite\",\"item\":\"https:\/\/www.froehling-rathjen.de\/en\/home\/\"},{\"@type\":\"ListItem\",\"position\":2,\"name\":\"References building construction Harsefeld town hall\"}]},{\"@type\":\"WebSite\",\"@id\":\"https:\/\/www.froehling-rathjen.de\/#website\",\"url\":\"https:\/\/www.froehling-rathjen.de\/\",\"name\":\"Fr\u00f6hling &amp; Rathjen - Ingenieurb\u00fcro f\u00fcr Baustatik\",\"description\":\"\",\"publisher\":{\"@id\":\"https:\/\/www.froehling-rathjen.de\/#organization\"},\"potentialAction\":[{\"@type\":\"SearchAction\",\"target\":{\"@type\":\"EntryPoint\",\"urlTemplate\":\"https:\/\/www.froehling-rathjen.de\/?s={search_term_string}\"},\"query-input\":{\"@type\":\"PropertyValueSpecification\",\"valueRequired\":true,\"valueName\":\"search_term_string\"}}],\"inLanguage\":\"en-US\"},{\"@type\":\"Organization\",\"@id\":\"https:\/\/www.froehling-rathjen.de\/#organization\",\"name\":\"Fr\u00f6hling &amp; Rathjen - Ingenieurb\u00fcro f\u00fcr Baustatik\",\"url\":\"https:\/\/www.froehling-rathjen.de\/\",\"logo\":{\"@type\":\"ImageObject\",\"inLanguage\":\"en-US\",\"@id\":\"https:\/\/www.froehling-rathjen.de\/#\/schema\/logo\/image\/\",\"url\":\"https:\/\/www.froehling-rathjen.de\/wp-content\/uploads\/2022\/06\/Fro\u0308hling-Ratjen-Logo.png\",\"contentUrl\":\"https:\/\/www.froehling-rathjen.de\/wp-content\/uploads\/2022\/06\/Fro\u0308hling-Ratjen-Logo.png\",\"width\":240,\"height\":144,\"caption\":\"Fr\u00f6hling &amp; Rathjen - Ingenieurb\u00fcro f\u00fcr Baustatik\"},\"image\":{\"@id\":\"https:\/\/www.froehling-rathjen.de\/#\/schema\/logo\/image\/\"}}]}<\/script>\n<!-- \/ Yoast SEO plugin. -->","yoast_head_json":{"title":"References building construction Harsefeld town hall - Fr\u00f6hling &amp; Rathjen - Ingenieurb\u00fcro f\u00fcr Baustatik","robots":{"index":"index","follow":"follow","max-snippet":"max-snippet:-1","max-image-preview":"max-image-preview:large","max-video-preview":"max-video-preview:-1"},"canonical":"https:\/\/www.froehling-rathjen.de\/en\/references-building-construction-harsefeld-town-hall\/","og_locale":"en_US","og_type":"article","og_title":"References building construction Harsefeld town hall - Fr\u00f6hling &amp; Rathjen - Ingenieurb\u00fcro f\u00fcr Baustatik","og_description":"References |&nbsp; Structural E&nbsp;ngineering | Harsefeld &#8211; City Hall Here Responsible For: Static Calculation Construction Drawings Project year: 1992 To The Homepage","og_url":"https:\/\/www.froehling-rathjen.de\/en\/references-building-construction-harsefeld-town-hall\/","og_site_name":"Fr\u00f6hling &amp; Rathjen - Ingenieurb\u00fcro f\u00fcr Baustatik","article_modified_time":"2023-03-01T11:43:15+00:00","og_image":[{"url":"https:\/\/www.froehling-rathjen.de\/wp-content\/uploads\/2022\/07\/Froehling_Rathjen_Rathaus_Harsefeld_01.jpg","type":"","width":"","height":""}],"twitter_card":"summary_large_image","schema":{"@context":"https:\/\/schema.org","@graph":[{"@type":"WebPage","@id":"https:\/\/www.froehling-rathjen.de\/en\/references-building-construction-harsefeld-town-hall\/","url":"https:\/\/www.froehling-rathjen.de\/en\/references-building-construction-harsefeld-town-hall\/","name":"References building construction Harsefeld town hall - Fr\u00f6hling &amp; Rathjen - Ingenieurb\u00fcro f\u00fcr Baustatik","isPartOf":{"@id":"https:\/\/www.froehling-rathjen.de\/#website"},"primaryImageOfPage":{"@id":"https:\/\/www.froehling-rathjen.de\/en\/references-building-construction-harsefeld-town-hall\/#primaryimage"},"image":{"@id":"https:\/\/www.froehling-rathjen.de\/en\/references-building-construction-harsefeld-town-hall\/#primaryimage"},"thumbnailUrl":"https:\/\/www.froehling-rathjen.de\/wp-content\/uploads\/2022\/07\/Froehling_Rathjen_Rathaus_Harsefeld_01.jpg","datePublished":"2022-07-21T11:36:14+00:00","dateModified":"2023-03-01T11:43:15+00:00","breadcrumb":{"@id":"https:\/\/www.froehling-rathjen.de\/en\/references-building-construction-harsefeld-town-hall\/#breadcrumb"},"inLanguage":"en-US","potentialAction":[{"@type":"ReadAction","target":["https:\/\/www.froehling-rathjen.de\/en\/references-building-construction-harsefeld-town-hall\/"]}]},{"@type":"ImageObject","inLanguage":"en-US","@id":"https:\/\/www.froehling-rathjen.de\/en\/references-building-construction-harsefeld-town-hall\/#primaryimage","url":"https:\/\/www.froehling-rathjen.de\/wp-content\/uploads\/2022\/07\/Froehling_Rathjen_Rathaus_Harsefeld_01.jpg","contentUrl":"https:\/\/www.froehling-rathjen.de\/wp-content\/uploads\/2022\/07\/Froehling_Rathjen_Rathaus_Harsefeld_01.jpg"},{"@type":"BreadcrumbList","@id":"https:\/\/www.froehling-rathjen.de\/en\/references-building-construction-harsefeld-town-hall\/#breadcrumb","itemListElement":[{"@type":"ListItem","position":1,"name":"Startseite","item":"https:\/\/www.froehling-rathjen.de\/en\/home\/"},{"@type":"ListItem","position":2,"name":"References building construction Harsefeld town hall"}]},{"@type":"WebSite","@id":"https:\/\/www.froehling-rathjen.de\/#website","url":"https:\/\/www.froehling-rathjen.de\/","name":"Fr\u00f6hling &amp; Rathjen - Ingenieurb\u00fcro f\u00fcr Baustatik","description":"","publisher":{"@id":"https:\/\/www.froehling-rathjen.de\/#organization"},"potentialAction":[{"@type":"SearchAction","target":{"@type":"EntryPoint","urlTemplate":"https:\/\/www.froehling-rathjen.de\/?s={search_term_string}"},"query-input":{"@type":"PropertyValueSpecification","valueRequired":true,"valueName":"search_term_string"}}],"inLanguage":"en-US"},{"@type":"Organization","@id":"https:\/\/www.froehling-rathjen.de\/#organization","name":"Fr\u00f6hling &amp; Rathjen - Ingenieurb\u00fcro f\u00fcr Baustatik","url":"https:\/\/www.froehling-rathjen.de\/","logo":{"@type":"ImageObject","inLanguage":"en-US","@id":"https:\/\/www.froehling-rathjen.de\/#\/schema\/logo\/image\/","url":"https:\/\/www.froehling-rathjen.de\/wp-content\/uploads\/2022\/06\/Fro\u0308hling-Ratjen-Logo.png","contentUrl":"https:\/\/www.froehling-rathjen.de\/wp-content\/uploads\/2022\/06\/Fro\u0308hling-Ratjen-Logo.png","width":240,"height":144,"caption":"Fr\u00f6hling &amp; Rathjen - Ingenieurb\u00fcro f\u00fcr Baustatik"},"image":{"@id":"https:\/\/www.froehling-rathjen.de\/#\/schema\/logo\/image\/"}}]}},"jetpack_sharing_enabled":true,"_links":{"self":[{"href":"https:\/\/www.froehling-rathjen.de\/en\/wp-json\/wp\/v2\/pages\/10792","targetHints":{"allow":["GET"]}}],"collection":[{"href":"https:\/\/www.froehling-rathjen.de\/en\/wp-json\/wp\/v2\/pages"}],"about":[{"href":"https:\/\/www.froehling-rathjen.de\/en\/wp-json\/wp\/v2\/types\/page"}],"author":[{"embeddable":true,"href":"https:\/\/www.froehling-rathjen.de\/en\/wp-json\/wp\/v2\/users\/1"}],"replies":[{"embeddable":true,"href":"https:\/\/www.froehling-rathjen.de\/en\/wp-json\/wp\/v2\/comments?post=10792"}],"version-history":[{"count":5,"href":"https:\/\/www.froehling-rathjen.de\/en\/wp-json\/wp\/v2\/pages\/10792\/revisions"}],"predecessor-version":[{"id":11203,"href":"https:\/\/www.froehling-rathjen.de\/en\/wp-json\/wp\/v2\/pages\/10792\/revisions\/11203"}],"wp:attachment":[{"href":"https:\/\/www.froehling-rathjen.de\/en\/wp-json\/wp\/v2\/media?parent=10792"}],"curies":[{"name":"wp","href":"https:\/\/api.w.org\/{rel}","templated":true}]}}