{"id":10819,"date":"2022-07-21T14:27:12","date_gmt":"2022-07-21T12:27:12","guid":{"rendered":"https:\/\/www.froehling-rathjen.de\/references-building-construction-triple-tower\/"},"modified":"2023-03-01T12:41:38","modified_gmt":"2023-03-01T11:41:38","slug":"references-building-construction-triple-tower","status":"publish","type":"page","link":"https:\/\/www.froehling-rathjen.de\/en\/references-building-construction-triple-tower\/","title":{"rendered":"References building construction Triple Tower"},"content":{"rendered":"\t\t<div data-elementor-type=\"wp-page\" data-elementor-id=\"10819\" class=\"elementor elementor-10819 elementor-3119\" data-elementor-post-type=\"page\">\n\t\t\t\t\t\t<section class=\"elementor-section elementor-top-section elementor-element elementor-element-04d3707 elementor-section-boxed elementor-section-height-default elementor-section-height-default\" data-id=\"04d3707\" data-element_type=\"section\">\n\t\t\t\t\t\t<div class=\"elementor-container elementor-column-gap-default\">\n\t\t\t\t\t<div class=\"elementor-column elementor-col-100 elementor-top-column elementor-element elementor-element-727c1e9\" data-id=\"727c1e9\" data-element_type=\"column\">\n\t\t\t<div class=\"elementor-widget-wrap elementor-element-populated\">\n\t\t\t\t\t\t<div class=\"elementor-element elementor-element-bd6e213 elementor-widget elementor-widget-heading\" data-id=\"bd6e213\" data-element_type=\"widget\" data-widget_type=\"heading.default\">\n\t\t\t\t<div class=\"elementor-widget-container\">\n\t\t\t\t\t<h2 class=\"elementor-heading-title elementor-size-default\"><a style=\"color: lightgrey;text-decoration: none\" href=\"https:\/\/www.froehling-rathjen.de\/en\/references\/\">References |&nbsp;<\/a>\n<a style=\"color: lightgrey;text-decoration: none\" href=\"https:\/\/www.froehling-rathjen.de\/en\/structural-design\/\">Structural E&nbsp;ngineering | <\/a>\n<span>WEA Training Tower - Triple Tower<span><\/h2>\t\t\t\t<\/div>\n\t\t\t\t<\/div>\n\t\t\t\t<div class=\"elementor-element elementor-element-94334b4 elementor-widget-divider--view-line elementor-widget elementor-widget-divider\" data-id=\"94334b4\" data-element_type=\"widget\" data-widget_type=\"divider.default\">\n\t\t\t\t<div class=\"elementor-widget-container\">\n\t\t\t\t\t\t\t<div class=\"elementor-divider\">\n\t\t\t<span class=\"elementor-divider-separator\">\n\t\t\t\t\t\t<\/span>\n\t\t<\/div>\n\t\t\t\t\t\t<\/div>\n\t\t\t\t<\/div>\n\t\t\t\t<section class=\"elementor-section elementor-inner-section elementor-element elementor-element-b2e3c97 elementor-section-boxed elementor-section-height-default elementor-section-height-default\" data-id=\"b2e3c97\" data-element_type=\"section\">\n\t\t\t\t\t\t<div class=\"elementor-container elementor-column-gap-default\">\n\t\t\t\t\t<div class=\"elementor-column elementor-col-100 elementor-inner-column elementor-element elementor-element-795a01c\" data-id=\"795a01c\" data-element_type=\"column\">\n\t\t\t<div class=\"elementor-widget-wrap elementor-element-populated\">\n\t\t\t\t\t\t<div class=\"elementor-element elementor-element-37e78d4 elementor-widget elementor-widget-text-editor\" data-id=\"37e78d4\" data-element_type=\"widget\" data-widget_type=\"text-editor.default\">\n\t\t\t\t<div class=\"elementor-widget-container\">\n\t\t\t\t\t\t\t\t\tHere Responsible For:\n<br>\n<br>\n<ul>\n \t<li>Consulting<\/li>\n \t<li>Static Calculation<\/li>\n \t<li>Construction Drawings<\/li>\n<\/ul>\n<br>\n\nProject year 2013-2014\n<br>\n<br>\n\n<a style=\"color:#FCBF00\" href=\"https:\/\/www.offtec.de\/presse\/pressekontakt.html\" target=\"_blank\" rel=\"noopener\">To The Homepage<\/a>\t\t\t\t\t\t\t\t<\/div>\n\t\t\t\t<\/div>\n\t\t\t\t\t<\/div>\n\t\t<\/div>\n\t\t\t\t\t<\/div>\n\t\t<\/section>\n\t\t\t\t\t<\/div>\n\t\t<\/div>\n\t\t\t\t\t<\/div>\n\t\t<\/section>\n\t\t\t\t<section class=\"elementor-section elementor-top-section elementor-element elementor-element-f0f639b elementor-section-boxed elementor-section-height-default elementor-section-height-default\" data-id=\"f0f639b\" data-element_type=\"section\">\n\t\t\t\t\t\t<div class=\"elementor-container elementor-column-gap-default\">\n\t\t\t\t\t<div class=\"elementor-column elementor-col-100 elementor-top-column elementor-element elementor-element-a451705\" data-id=\"a451705\" data-element_type=\"column\" data-settings=\"{&quot;background_background&quot;:&quot;classic&quot;}\">\n\t\t\t<div class=\"elementor-widget-wrap elementor-element-populated\">\n\t\t\t\t\t\t<section class=\"elementor-section elementor-inner-section elementor-element elementor-element-6919d49 elementor-section-boxed elementor-section-height-default elementor-section-height-default\" data-id=\"6919d49\" data-element_type=\"section\">\n\t\t\t\t\t\t<div class=\"elementor-container elementor-column-gap-default\">\n\t\t\t\t\t<div class=\"elementor-column elementor-col-100 elementor-inner-column elementor-element elementor-element-ec1ff8b\" data-id=\"ec1ff8b\" data-element_type=\"column\">\n\t\t\t<div class=\"elementor-widget-wrap elementor-element-populated\">\n\t\t\t\t\t\t<div class=\"elementor-element elementor-element-d0b2768 elementor-widget elementor-widget-image\" data-id=\"d0b2768\" data-element_type=\"widget\" data-widget_type=\"image.default\">\n\t\t\t\t<div class=\"elementor-widget-container\">\n\t\t\t\t\t\t\t\t\t\t\t\t\t\t\t<img decoding=\"async\" src=\"https:\/\/www.froehling-rathjen.de\/wp-content\/uploads\/2022\/07\/Froehling_Rathjen_Triple-Tower_IMG_5234.jpg\" title=\"Tragwerksplanung 4 by Fr\u00f6hling&#038; Rathjen &#8211; WEA-Trainingsturm Triple Tower\" alt=\"Tragwerksplanung 4 by Fr\u00f6hling&amp; Rathjen - WEA-Trainingsturm Triple Tower\" loading=\"lazy\" \/>\t\t\t\t\t\t\t\t\t\t\t\t\t\t\t<\/div>\n\t\t\t\t<\/div>\n\t\t\t\t\t<\/div>\n\t\t<\/div>\n\t\t\t\t\t<\/div>\n\t\t<\/section>\n\t\t\t\t<section class=\"elementor-section elementor-inner-section elementor-element elementor-element-9848c05 elementor-section-boxed elementor-section-height-default elementor-section-height-default\" data-id=\"9848c05\" data-element_type=\"section\">\n\t\t\t\t\t\t<div class=\"elementor-container elementor-column-gap-default\">\n\t\t\t\t\t<div class=\"elementor-column elementor-col-50 elementor-inner-column elementor-element elementor-element-dda1d7f\" data-id=\"dda1d7f\" data-element_type=\"column\">\n\t\t\t<div class=\"elementor-widget-wrap elementor-element-populated\">\n\t\t\t\t\t\t<div class=\"elementor-element elementor-element-c84b18c elementor-widget elementor-widget-image\" data-id=\"c84b18c\" data-element_type=\"widget\" data-widget_type=\"image.default\">\n\t\t\t\t<div class=\"elementor-widget-container\">\n\t\t\t\t\t\t\t\t\t\t\t\t\t\t\t<img fetchpriority=\"high\" decoding=\"async\" width=\"667\" height=\"1000\" src=\"https:\/\/www.froehling-rathjen.de\/wp-content\/uploads\/2022\/07\/Froehling_Rathjen_Triple-Tower_IMG_5210.jpg\" class=\"attachment-large size-large wp-image-10586\" alt=\"\" srcset=\"https:\/\/www.froehling-rathjen.de\/wp-content\/uploads\/2022\/07\/Froehling_Rathjen_Triple-Tower_IMG_5210.jpg 667w, https:\/\/www.froehling-rathjen.de\/wp-content\/uploads\/2022\/07\/Froehling_Rathjen_Triple-Tower_IMG_5210-200x300.jpg 200w\" sizes=\"(max-width: 667px) 100vw, 667px\" \/>\t\t\t\t\t\t\t\t\t\t\t\t\t\t\t<\/div>\n\t\t\t\t<\/div>\n\t\t\t\t\t<\/div>\n\t\t<\/div>\n\t\t\t\t<div class=\"elementor-column elementor-col-50 elementor-inner-column elementor-element elementor-element-fb0c5d7\" data-id=\"fb0c5d7\" data-element_type=\"column\">\n\t\t\t<div class=\"elementor-widget-wrap elementor-element-populated\">\n\t\t\t\t\t\t<div class=\"elementor-element elementor-element-d4f1848 elementor-widget elementor-widget-image\" data-id=\"d4f1848\" data-element_type=\"widget\" data-widget_type=\"image.default\">\n\t\t\t\t<div class=\"elementor-widget-container\">\n\t\t\t\t\t\t\t\t\t\t\t\t\t\t\t<img decoding=\"async\" width=\"667\" height=\"1000\" src=\"https:\/\/www.froehling-rathjen.de\/wp-content\/uploads\/2022\/07\/Froehling_Rathjen_Triple-Tower_IMG_5214.jpg\" class=\"attachment-full size-full wp-image-10588\" alt=\"\" srcset=\"https:\/\/www.froehling-rathjen.de\/wp-content\/uploads\/2022\/07\/Froehling_Rathjen_Triple-Tower_IMG_5214.jpg 667w, https:\/\/www.froehling-rathjen.de\/wp-content\/uploads\/2022\/07\/Froehling_Rathjen_Triple-Tower_IMG_5214-200x300.jpg 200w\" sizes=\"(max-width: 667px) 100vw, 667px\" \/>\t\t\t\t\t\t\t\t\t\t\t\t\t\t\t<\/div>\n\t\t\t\t<\/div>\n\t\t\t\t\t<\/div>\n\t\t<\/div>\n\t\t\t\t\t<\/div>\n\t\t<\/section>\n\t\t\t\t\t<\/div>\n\t\t<\/div>\n\t\t\t\t\t<\/div>\n\t\t<\/section>\n\t\t\t\t<\/div>\n\t\t","protected":false},"excerpt":{"rendered":"<p>References |&nbsp; Structural E&nbsp;ngineering | WEA Training Tower &#8211; Triple Tower Here Responsible For: Consulting Static Calculation Construction Drawings Project year 2013-2014 To The Homepage<\/p>\n","protected":false},"author":1,"featured_media":0,"parent":0,"menu_order":0,"comment_status":"closed","ping_status":"closed","template":"","meta":{"footnotes":""},"class_list":["post-10819","page","type-page","status-publish","hentry"],"yoast_head":"<!-- This site is optimized with the Yoast SEO plugin v25.3.1 - https:\/\/yoast.com\/wordpress\/plugins\/seo\/ -->\n<title>References building construction Triple Tower - Fr\u00f6hling &amp; Rathjen - Ingenieurb\u00fcro f\u00fcr Baustatik<\/title>\n<meta name=\"robots\" content=\"index, follow, max-snippet:-1, max-image-preview:large, max-video-preview:-1\" \/>\n<link rel=\"canonical\" href=\"https:\/\/www.froehling-rathjen.de\/en\/references-building-construction-triple-tower\/\" \/>\n<meta property=\"og:locale\" content=\"en_US\" \/>\n<meta property=\"og:type\" content=\"article\" \/>\n<meta property=\"og:title\" content=\"References building construction Triple Tower - Fr\u00f6hling &amp; Rathjen - Ingenieurb\u00fcro f\u00fcr Baustatik\" \/>\n<meta property=\"og:description\" content=\"References |&nbsp; Structural E&nbsp;ngineering | WEA Training Tower &#8211; Triple Tower Here Responsible For: Consulting Static Calculation Construction Drawings Project year 2013-2014 To The Homepage\" \/>\n<meta property=\"og:url\" content=\"https:\/\/www.froehling-rathjen.de\/en\/references-building-construction-triple-tower\/\" \/>\n<meta property=\"og:site_name\" content=\"Fr\u00f6hling &amp; Rathjen - Ingenieurb\u00fcro f\u00fcr Baustatik\" \/>\n<meta property=\"article:modified_time\" content=\"2023-03-01T11:41:38+00:00\" \/>\n<meta property=\"og:image\" content=\"https:\/\/www.froehling-rathjen.de\/wp-content\/uploads\/2022\/07\/Froehling_Rathjen_Triple-Tower_IMG_5234.jpg\" \/>\n<meta name=\"twitter:card\" content=\"summary_large_image\" \/>\n<script type=\"application\/ld+json\" class=\"yoast-schema-graph\">{\"@context\":\"https:\/\/schema.org\",\"@graph\":[{\"@type\":\"WebPage\",\"@id\":\"https:\/\/www.froehling-rathjen.de\/en\/references-building-construction-triple-tower\/\",\"url\":\"https:\/\/www.froehling-rathjen.de\/en\/references-building-construction-triple-tower\/\",\"name\":\"References building construction Triple Tower - Fr\u00f6hling &amp; Rathjen - Ingenieurb\u00fcro f\u00fcr Baustatik\",\"isPartOf\":{\"@id\":\"https:\/\/www.froehling-rathjen.de\/#website\"},\"primaryImageOfPage\":{\"@id\":\"https:\/\/www.froehling-rathjen.de\/en\/references-building-construction-triple-tower\/#primaryimage\"},\"image\":{\"@id\":\"https:\/\/www.froehling-rathjen.de\/en\/references-building-construction-triple-tower\/#primaryimage\"},\"thumbnailUrl\":\"https:\/\/www.froehling-rathjen.de\/wp-content\/uploads\/2022\/07\/Froehling_Rathjen_Triple-Tower_IMG_5234.jpg\",\"datePublished\":\"2022-07-21T12:27:12+00:00\",\"dateModified\":\"2023-03-01T11:41:38+00:00\",\"breadcrumb\":{\"@id\":\"https:\/\/www.froehling-rathjen.de\/en\/references-building-construction-triple-tower\/#breadcrumb\"},\"inLanguage\":\"en-US\",\"potentialAction\":[{\"@type\":\"ReadAction\",\"target\":[\"https:\/\/www.froehling-rathjen.de\/en\/references-building-construction-triple-tower\/\"]}]},{\"@type\":\"ImageObject\",\"inLanguage\":\"en-US\",\"@id\":\"https:\/\/www.froehling-rathjen.de\/en\/references-building-construction-triple-tower\/#primaryimage\",\"url\":\"https:\/\/www.froehling-rathjen.de\/wp-content\/uploads\/2022\/07\/Froehling_Rathjen_Triple-Tower_IMG_5234.jpg\",\"contentUrl\":\"https:\/\/www.froehling-rathjen.de\/wp-content\/uploads\/2022\/07\/Froehling_Rathjen_Triple-Tower_IMG_5234.jpg\"},{\"@type\":\"BreadcrumbList\",\"@id\":\"https:\/\/www.froehling-rathjen.de\/en\/references-building-construction-triple-tower\/#breadcrumb\",\"itemListElement\":[{\"@type\":\"ListItem\",\"position\":1,\"name\":\"Startseite\",\"item\":\"https:\/\/www.froehling-rathjen.de\/en\/home\/\"},{\"@type\":\"ListItem\",\"position\":2,\"name\":\"References building construction Triple Tower\"}]},{\"@type\":\"WebSite\",\"@id\":\"https:\/\/www.froehling-rathjen.de\/#website\",\"url\":\"https:\/\/www.froehling-rathjen.de\/\",\"name\":\"Fr\u00f6hling &amp; Rathjen - Ingenieurb\u00fcro f\u00fcr Baustatik\",\"description\":\"\",\"publisher\":{\"@id\":\"https:\/\/www.froehling-rathjen.de\/#organization\"},\"potentialAction\":[{\"@type\":\"SearchAction\",\"target\":{\"@type\":\"EntryPoint\",\"urlTemplate\":\"https:\/\/www.froehling-rathjen.de\/?s={search_term_string}\"},\"query-input\":{\"@type\":\"PropertyValueSpecification\",\"valueRequired\":true,\"valueName\":\"search_term_string\"}}],\"inLanguage\":\"en-US\"},{\"@type\":\"Organization\",\"@id\":\"https:\/\/www.froehling-rathjen.de\/#organization\",\"name\":\"Fr\u00f6hling &amp; Rathjen - Ingenieurb\u00fcro f\u00fcr Baustatik\",\"url\":\"https:\/\/www.froehling-rathjen.de\/\",\"logo\":{\"@type\":\"ImageObject\",\"inLanguage\":\"en-US\",\"@id\":\"https:\/\/www.froehling-rathjen.de\/#\/schema\/logo\/image\/\",\"url\":\"https:\/\/www.froehling-rathjen.de\/wp-content\/uploads\/2022\/06\/Fro\u0308hling-Ratjen-Logo.png\",\"contentUrl\":\"https:\/\/www.froehling-rathjen.de\/wp-content\/uploads\/2022\/06\/Fro\u0308hling-Ratjen-Logo.png\",\"width\":240,\"height\":144,\"caption\":\"Fr\u00f6hling &amp; Rathjen - Ingenieurb\u00fcro f\u00fcr Baustatik\"},\"image\":{\"@id\":\"https:\/\/www.froehling-rathjen.de\/#\/schema\/logo\/image\/\"}}]}<\/script>\n<!-- \/ Yoast SEO plugin. -->","yoast_head_json":{"title":"References building construction Triple Tower - Fr\u00f6hling &amp; Rathjen - Ingenieurb\u00fcro f\u00fcr Baustatik","robots":{"index":"index","follow":"follow","max-snippet":"max-snippet:-1","max-image-preview":"max-image-preview:large","max-video-preview":"max-video-preview:-1"},"canonical":"https:\/\/www.froehling-rathjen.de\/en\/references-building-construction-triple-tower\/","og_locale":"en_US","og_type":"article","og_title":"References building construction Triple Tower - Fr\u00f6hling &amp; Rathjen - Ingenieurb\u00fcro f\u00fcr Baustatik","og_description":"References |&nbsp; Structural E&nbsp;ngineering | WEA Training Tower &#8211; Triple Tower Here Responsible For: Consulting Static Calculation Construction Drawings Project year 2013-2014 To The Homepage","og_url":"https:\/\/www.froehling-rathjen.de\/en\/references-building-construction-triple-tower\/","og_site_name":"Fr\u00f6hling &amp; Rathjen - Ingenieurb\u00fcro f\u00fcr Baustatik","article_modified_time":"2023-03-01T11:41:38+00:00","og_image":[{"url":"https:\/\/www.froehling-rathjen.de\/wp-content\/uploads\/2022\/07\/Froehling_Rathjen_Triple-Tower_IMG_5234.jpg","type":"","width":"","height":""}],"twitter_card":"summary_large_image","schema":{"@context":"https:\/\/schema.org","@graph":[{"@type":"WebPage","@id":"https:\/\/www.froehling-rathjen.de\/en\/references-building-construction-triple-tower\/","url":"https:\/\/www.froehling-rathjen.de\/en\/references-building-construction-triple-tower\/","name":"References building construction Triple Tower - Fr\u00f6hling &amp; Rathjen - Ingenieurb\u00fcro f\u00fcr Baustatik","isPartOf":{"@id":"https:\/\/www.froehling-rathjen.de\/#website"},"primaryImageOfPage":{"@id":"https:\/\/www.froehling-rathjen.de\/en\/references-building-construction-triple-tower\/#primaryimage"},"image":{"@id":"https:\/\/www.froehling-rathjen.de\/en\/references-building-construction-triple-tower\/#primaryimage"},"thumbnailUrl":"https:\/\/www.froehling-rathjen.de\/wp-content\/uploads\/2022\/07\/Froehling_Rathjen_Triple-Tower_IMG_5234.jpg","datePublished":"2022-07-21T12:27:12+00:00","dateModified":"2023-03-01T11:41:38+00:00","breadcrumb":{"@id":"https:\/\/www.froehling-rathjen.de\/en\/references-building-construction-triple-tower\/#breadcrumb"},"inLanguage":"en-US","potentialAction":[{"@type":"ReadAction","target":["https:\/\/www.froehling-rathjen.de\/en\/references-building-construction-triple-tower\/"]}]},{"@type":"ImageObject","inLanguage":"en-US","@id":"https:\/\/www.froehling-rathjen.de\/en\/references-building-construction-triple-tower\/#primaryimage","url":"https:\/\/www.froehling-rathjen.de\/wp-content\/uploads\/2022\/07\/Froehling_Rathjen_Triple-Tower_IMG_5234.jpg","contentUrl":"https:\/\/www.froehling-rathjen.de\/wp-content\/uploads\/2022\/07\/Froehling_Rathjen_Triple-Tower_IMG_5234.jpg"},{"@type":"BreadcrumbList","@id":"https:\/\/www.froehling-rathjen.de\/en\/references-building-construction-triple-tower\/#breadcrumb","itemListElement":[{"@type":"ListItem","position":1,"name":"Startseite","item":"https:\/\/www.froehling-rathjen.de\/en\/home\/"},{"@type":"ListItem","position":2,"name":"References building construction Triple Tower"}]},{"@type":"WebSite","@id":"https:\/\/www.froehling-rathjen.de\/#website","url":"https:\/\/www.froehling-rathjen.de\/","name":"Fr\u00f6hling &amp; Rathjen - Ingenieurb\u00fcro f\u00fcr Baustatik","description":"","publisher":{"@id":"https:\/\/www.froehling-rathjen.de\/#organization"},"potentialAction":[{"@type":"SearchAction","target":{"@type":"EntryPoint","urlTemplate":"https:\/\/www.froehling-rathjen.de\/?s={search_term_string}"},"query-input":{"@type":"PropertyValueSpecification","valueRequired":true,"valueName":"search_term_string"}}],"inLanguage":"en-US"},{"@type":"Organization","@id":"https:\/\/www.froehling-rathjen.de\/#organization","name":"Fr\u00f6hling &amp; Rathjen - Ingenieurb\u00fcro f\u00fcr Baustatik","url":"https:\/\/www.froehling-rathjen.de\/","logo":{"@type":"ImageObject","inLanguage":"en-US","@id":"https:\/\/www.froehling-rathjen.de\/#\/schema\/logo\/image\/","url":"https:\/\/www.froehling-rathjen.de\/wp-content\/uploads\/2022\/06\/Fro\u0308hling-Ratjen-Logo.png","contentUrl":"https:\/\/www.froehling-rathjen.de\/wp-content\/uploads\/2022\/06\/Fro\u0308hling-Ratjen-Logo.png","width":240,"height":144,"caption":"Fr\u00f6hling &amp; Rathjen - Ingenieurb\u00fcro f\u00fcr Baustatik"},"image":{"@id":"https:\/\/www.froehling-rathjen.de\/#\/schema\/logo\/image\/"}}]}},"jetpack_sharing_enabled":true,"_links":{"self":[{"href":"https:\/\/www.froehling-rathjen.de\/en\/wp-json\/wp\/v2\/pages\/10819","targetHints":{"allow":["GET"]}}],"collection":[{"href":"https:\/\/www.froehling-rathjen.de\/en\/wp-json\/wp\/v2\/pages"}],"about":[{"href":"https:\/\/www.froehling-rathjen.de\/en\/wp-json\/wp\/v2\/types\/page"}],"author":[{"embeddable":true,"href":"https:\/\/www.froehling-rathjen.de\/en\/wp-json\/wp\/v2\/users\/1"}],"replies":[{"embeddable":true,"href":"https:\/\/www.froehling-rathjen.de\/en\/wp-json\/wp\/v2\/comments?post=10819"}],"version-history":[{"count":3,"href":"https:\/\/www.froehling-rathjen.de\/en\/wp-json\/wp\/v2\/pages\/10819\/revisions"}],"predecessor-version":[{"id":11163,"href":"https:\/\/www.froehling-rathjen.de\/en\/wp-json\/wp\/v2\/pages\/10819\/revisions\/11163"}],"wp:attachment":[{"href":"https:\/\/www.froehling-rathjen.de\/en\/wp-json\/wp\/v2\/media?parent=10819"}],"curies":[{"name":"wp","href":"https:\/\/api.w.org\/{rel}","templated":true}]}}