{"id":10824,"date":"2022-07-21T10:59:26","date_gmt":"2022-07-21T08:59:26","guid":{"rendered":"https:\/\/www.froehling-rathjen.de\/references-civil-engineering-trennewurth\/"},"modified":"2023-03-01T13:11:41","modified_gmt":"2023-03-01T12:11:41","slug":"references-civil-engineering-trennewurth","status":"publish","type":"page","link":"https:\/\/www.froehling-rathjen.de\/en\/references-civil-engineering-trennewurth\/","title":{"rendered":"References Civil Engineering Trennewurth"},"content":{"rendered":"\t\t<div data-elementor-type=\"wp-page\" data-elementor-id=\"10824\" class=\"elementor elementor-10824 elementor-2830\" data-elementor-post-type=\"page\">\n\t\t\t\t\t\t<section class=\"elementor-section elementor-top-section elementor-element elementor-element-04d3707 elementor-section-boxed elementor-section-height-default elementor-section-height-default\" data-id=\"04d3707\" data-element_type=\"section\">\n\t\t\t\t\t\t<div class=\"elementor-container elementor-column-gap-default\">\n\t\t\t\t\t<div class=\"elementor-column elementor-col-100 elementor-top-column elementor-element elementor-element-727c1e9\" data-id=\"727c1e9\" data-element_type=\"column\">\n\t\t\t<div class=\"elementor-widget-wrap elementor-element-populated\">\n\t\t\t\t\t\t<div class=\"elementor-element elementor-element-bd6e213 elementor-widget elementor-widget-heading\" data-id=\"bd6e213\" data-element_type=\"widget\" data-widget_type=\"heading.default\">\n\t\t\t\t<div class=\"elementor-widget-container\">\n\t\t\t\t\t<h2 class=\"elementor-heading-title elementor-size-default\"><a style=\"color: lightgrey;text-decoration: none\" href=\"unsere-leistungen\">References |&nbsp;<\/a>\n<a style=\"color: lightgrey;text-decoration: none\" href=\"https:\/\/www.froehling-rathjen.de\/en\/civil-engineering-2\/\">Civil Engineering &nbsp;|  <\/a>\n<span>Trennewurth<span><\/h2>\t\t\t\t<\/div>\n\t\t\t\t<\/div>\n\t\t\t\t<div class=\"elementor-element elementor-element-94334b4 elementor-widget-divider--view-line elementor-widget elementor-widget-divider\" data-id=\"94334b4\" data-element_type=\"widget\" data-widget_type=\"divider.default\">\n\t\t\t\t<div class=\"elementor-widget-container\">\n\t\t\t\t\t\t\t<div class=\"elementor-divider\">\n\t\t\t<span class=\"elementor-divider-separator\">\n\t\t\t\t\t\t<\/span>\n\t\t<\/div>\n\t\t\t\t\t\t<\/div>\n\t\t\t\t<\/div>\n\t\t\t\t\t<\/div>\n\t\t<\/div>\n\t\t\t\t\t<\/div>\n\t\t<\/section>\n\t\t\t\t<section class=\"elementor-section elementor-top-section elementor-element elementor-element-87ef18d elementor-section-boxed elementor-section-height-default elementor-section-height-default\" data-id=\"87ef18d\" data-element_type=\"section\">\n\t\t\t\t\t\t<div class=\"elementor-container elementor-column-gap-default\">\n\t\t\t\t\t<div class=\"elementor-column elementor-col-50 elementor-top-column elementor-element elementor-element-4adce11\" data-id=\"4adce11\" data-element_type=\"column\">\n\t\t\t<div class=\"elementor-widget-wrap elementor-element-populated\">\n\t\t\t\t\t\t<div class=\"elementor-element elementor-element-f84c977 elementor-widget elementor-widget-heading\" data-id=\"f84c977\" data-element_type=\"widget\" data-widget_type=\"heading.default\">\n\t\t\t\t<div class=\"elementor-widget-container\">\n\t\t\t\t\t<h6 class=\"elementor-heading-title elementor-size-default\">Here Responsible For:<\/h6>\t\t\t\t<\/div>\n\t\t\t\t<\/div>\n\t\t\t\t<div class=\"elementor-element elementor-element-90281ac elementor-icon-list--layout-traditional elementor-list-item-link-full_width elementor-widget elementor-widget-icon-list\" data-id=\"90281ac\" data-element_type=\"widget\" data-widget_type=\"icon-list.default\">\n\t\t\t\t<div class=\"elementor-widget-container\">\n\t\t\t\t\t\t\t<ul class=\"elementor-icon-list-items\">\n\t\t\t\t\t\t\t<li class=\"elementor-icon-list-item\">\n\t\t\t\t\t\t\t\t\t\t\t<span class=\"elementor-icon-list-icon\">\n\t\t\t\t\t\t\t<i aria-hidden=\"true\" class=\"fas fa-circle\"><\/i>\t\t\t\t\t\t<\/span>\n\t\t\t\t\t\t\t\t\t\t<span class=\"elementor-icon-list-text\">Pile structural analysis for a wind turbine foundation<\/span>\n\t\t\t\t\t\t\t\t\t<\/li>\n\t\t\t\t\t\t<\/ul>\n\t\t\t\t\t\t<\/div>\n\t\t\t\t<\/div>\n\t\t\t\t<div class=\"elementor-element elementor-element-fe3b44a elementor-widget elementor-widget-heading\" data-id=\"fe3b44a\" data-element_type=\"widget\" data-widget_type=\"heading.default\">\n\t\t\t\t<div class=\"elementor-widget-container\">\n\t\t\t\t\t<h6 class=\"elementor-heading-title elementor-size-default\">Investment type:<\/h6>\t\t\t\t<\/div>\n\t\t\t\t<\/div>\n\t\t\t\t<div class=\"elementor-element elementor-element-7a4235e elementor-icon-list--layout-traditional elementor-list-item-link-full_width elementor-widget elementor-widget-icon-list\" data-id=\"7a4235e\" data-element_type=\"widget\" data-widget_type=\"icon-list.default\">\n\t\t\t\t<div class=\"elementor-widget-container\">\n\t\t\t\t\t\t\t<ul class=\"elementor-icon-list-items\">\n\t\t\t\t\t\t\t<li class=\"elementor-icon-list-item\">\n\t\t\t\t\t\t\t\t\t\t\t<span class=\"elementor-icon-list-icon\">\n\t\t\t\t\t\t\t<i aria-hidden=\"true\" class=\"fas fa-circle\"><\/i>\t\t\t\t\t\t<\/span>\n\t\t\t\t\t\t\t\t\t\t<span class=\"elementor-icon-list-text\">Enercon E-126 with hub height 86 m<\/span>\n\t\t\t\t\t\t\t\t\t<\/li>\n\t\t\t\t\t\t<\/ul>\n\t\t\t\t\t\t<\/div>\n\t\t\t\t<\/div>\n\t\t\t\t<div class=\"elementor-element elementor-element-3502b0b elementor-widget elementor-widget-heading\" data-id=\"3502b0b\" data-element_type=\"widget\" data-widget_type=\"heading.default\">\n\t\t\t\t<div class=\"elementor-widget-container\">\n\t\t\t\t\t<h6 class=\"elementor-heading-title elementor-size-default\">Project Year: <span style=\"font-weight: normal\">2021<\/span><\/h6>\t\t\t\t<\/div>\n\t\t\t\t<\/div>\n\t\t\t\t<div class=\"elementor-element elementor-element-07f2934 elementor-widget elementor-widget-heading\" data-id=\"07f2934\" data-element_type=\"widget\" data-widget_type=\"heading.default\">\n\t\t\t\t<div class=\"elementor-widget-container\">\n\t\t\t\t\t<h6 class=\"elementor-heading-title elementor-size-default\">Customer: <span style=\"font-weight: normal\"><a style=\"color: #fcbf00\" href=\"https:\/\/www.enercon.de\/home\/\">ENERCON<\/a><\/span>\n<\/h6>\t\t\t\t<\/div>\n\t\t\t\t<\/div>\n\t\t\t\t\t<\/div>\n\t\t<\/div>\n\t\t\t\t<div class=\"elementor-column elementor-col-50 elementor-top-column elementor-element elementor-element-c846abf\" data-id=\"c846abf\" data-element_type=\"column\">\n\t\t\t<div class=\"elementor-widget-wrap elementor-element-populated\">\n\t\t\t\t\t\t<section class=\"elementor-section elementor-inner-section elementor-element elementor-element-ababa6c elementor-section-boxed elementor-section-height-default elementor-section-height-default\" data-id=\"ababa6c\" data-element_type=\"section\">\n\t\t\t\t\t\t<div class=\"elementor-container elementor-column-gap-default\">\n\t\t\t\t\t<div class=\"elementor-column elementor-col-100 elementor-inner-column elementor-element elementor-element-2aa2d89\" data-id=\"2aa2d89\" data-element_type=\"column\">\n\t\t\t<div class=\"elementor-widget-wrap\">\n\t\t\t\t\t\t\t<\/div>\n\t\t<\/div>\n\t\t\t\t\t<\/div>\n\t\t<\/section>\n\t\t\t\t\t<\/div>\n\t\t<\/div>\n\t\t\t\t\t<\/div>\n\t\t<\/section>\n\t\t\t\t<section class=\"elementor-section elementor-top-section elementor-element elementor-element-f0f639b elementor-section-boxed elementor-section-height-default elementor-section-height-default\" data-id=\"f0f639b\" data-element_type=\"section\">\n\t\t\t\t\t\t<div class=\"elementor-container elementor-column-gap-default\">\n\t\t\t\t\t<div class=\"elementor-column elementor-col-100 elementor-top-column elementor-element elementor-element-a451705\" data-id=\"a451705\" data-element_type=\"column\" data-settings=\"{&quot;background_background&quot;:&quot;classic&quot;}\">\n\t\t\t<div class=\"elementor-widget-wrap elementor-element-populated\">\n\t\t\t\t\t\t<section class=\"elementor-section elementor-inner-section elementor-element elementor-element-6919d49 elementor-section-boxed elementor-section-height-default elementor-section-height-default\" data-id=\"6919d49\" data-element_type=\"section\">\n\t\t\t\t\t\t<div class=\"elementor-container elementor-column-gap-default\">\n\t\t\t\t\t<div class=\"elementor-column elementor-col-100 elementor-inner-column elementor-element elementor-element-ec1ff8b\" data-id=\"ec1ff8b\" data-element_type=\"column\">\n\t\t\t<div class=\"elementor-widget-wrap elementor-element-populated\">\n\t\t\t\t\t\t<div class=\"elementor-element elementor-element-d0b2768 elementor-widget elementor-widget-image\" data-id=\"d0b2768\" data-element_type=\"widget\" data-widget_type=\"image.default\">\n\t\t\t\t<div class=\"elementor-widget-container\">\n\t\t\t\t\t\t\t\t\t\t\t\t\t\t\t<img decoding=\"async\" src=\"https:\/\/www.froehling-rathjen.de\/wp-content\/uploads\/2022\/07\/Froehling_Rathjen_trennewurth.jpg\" title=\"Tiefbauplanung 1 by Fr\u00f6hling &#038; Rathjen &#8211; Trennewurth\" alt=\"Tiefbauplanung 1 by Fr\u00f6hling &amp; Rathjen - Trennewurth\" loading=\"lazy\" \/>\t\t\t\t\t\t\t\t\t\t\t\t\t\t\t<\/div>\n\t\t\t\t<\/div>\n\t\t\t\t\t<\/div>\n\t\t<\/div>\n\t\t\t\t\t<\/div>\n\t\t<\/section>\n\t\t\t\t<section class=\"elementor-section elementor-inner-section elementor-element elementor-element-9848c05 elementor-section-boxed elementor-section-height-default elementor-section-height-default\" data-id=\"9848c05\" data-element_type=\"section\">\n\t\t\t\t\t\t<div class=\"elementor-container elementor-column-gap-default\">\n\t\t\t\t\t<div class=\"elementor-column elementor-col-50 elementor-inner-column elementor-element elementor-element-dda1d7f\" data-id=\"dda1d7f\" data-element_type=\"column\">\n\t\t\t<div class=\"elementor-widget-wrap\">\n\t\t\t\t\t\t\t<\/div>\n\t\t<\/div>\n\t\t\t\t<div class=\"elementor-column elementor-col-50 elementor-inner-column elementor-element elementor-element-fb0c5d7\" data-id=\"fb0c5d7\" data-element_type=\"column\">\n\t\t\t<div class=\"elementor-widget-wrap\">\n\t\t\t\t\t\t\t<\/div>\n\t\t<\/div>\n\t\t\t\t\t<\/div>\n\t\t<\/section>\n\t\t\t\t<section class=\"elementor-section elementor-inner-section elementor-element elementor-element-b5bae44 elementor-section-boxed elementor-section-height-default elementor-section-height-default\" data-id=\"b5bae44\" data-element_type=\"section\">\n\t\t\t\t\t\t<div class=\"elementor-container elementor-column-gap-default\">\n\t\t\t\t\t<div class=\"elementor-column elementor-col-50 elementor-inner-column elementor-element elementor-element-d0e524d\" data-id=\"d0e524d\" data-element_type=\"column\">\n\t\t\t<div class=\"elementor-widget-wrap\">\n\t\t\t\t\t\t\t<\/div>\n\t\t<\/div>\n\t\t\t\t<div class=\"elementor-column elementor-col-50 elementor-inner-column elementor-element elementor-element-575dfde\" data-id=\"575dfde\" data-element_type=\"column\">\n\t\t\t<div class=\"elementor-widget-wrap\">\n\t\t\t\t\t\t\t<\/div>\n\t\t<\/div>\n\t\t\t\t\t<\/div>\n\t\t<\/section>\n\t\t\t\t\t<\/div>\n\t\t<\/div>\n\t\t\t\t\t<\/div>\n\t\t<\/section>\n\t\t\t\t<\/div>\n\t\t","protected":false},"excerpt":{"rendered":"<p>References |&nbsp; Civil Engineering &nbsp;| Trennewurth Here Responsible For: Pile structural analysis for a wind turbine foundation Investment type: Enercon E-126 with hub height 86 m Project Year: 2021 Customer: ENERCON<\/p>\n","protected":false},"author":1,"featured_media":0,"parent":0,"menu_order":0,"comment_status":"closed","ping_status":"closed","template":"","meta":{"footnotes":""},"class_list":["post-10824","page","type-page","status-publish","hentry"],"yoast_head":"<!-- This site is optimized with the Yoast SEO plugin v25.3.1 - https:\/\/yoast.com\/wordpress\/plugins\/seo\/ -->\n<title>References Civil Engineering Trennewurth - Fr\u00f6hling &amp; Rathjen - Ingenieurb\u00fcro f\u00fcr Baustatik<\/title>\n<meta name=\"robots\" content=\"index, follow, max-snippet:-1, max-image-preview:large, max-video-preview:-1\" \/>\n<link rel=\"canonical\" href=\"https:\/\/www.froehling-rathjen.de\/en\/references-civil-engineering-trennewurth\/\" \/>\n<meta property=\"og:locale\" content=\"en_US\" \/>\n<meta property=\"og:type\" content=\"article\" \/>\n<meta property=\"og:title\" content=\"References Civil Engineering Trennewurth - Fr\u00f6hling &amp; Rathjen - Ingenieurb\u00fcro f\u00fcr Baustatik\" \/>\n<meta property=\"og:description\" content=\"References |&nbsp; Civil Engineering &nbsp;| Trennewurth Here Responsible For: Pile structural analysis for a wind turbine foundation Investment type: Enercon E-126 with hub height 86 m Project Year: 2021 Customer: ENERCON\" \/>\n<meta property=\"og:url\" content=\"https:\/\/www.froehling-rathjen.de\/en\/references-civil-engineering-trennewurth\/\" \/>\n<meta property=\"og:site_name\" content=\"Fr\u00f6hling &amp; Rathjen - Ingenieurb\u00fcro f\u00fcr Baustatik\" \/>\n<meta property=\"article:modified_time\" content=\"2023-03-01T12:11:41+00:00\" \/>\n<meta property=\"og:image\" content=\"https:\/\/www.froehling-rathjen.de\/wp-content\/uploads\/2022\/07\/Froehling_Rathjen_trennewurth.jpg\" \/>\n<meta name=\"twitter:card\" content=\"summary_large_image\" \/>\n<script type=\"application\/ld+json\" class=\"yoast-schema-graph\">{\"@context\":\"https:\/\/schema.org\",\"@graph\":[{\"@type\":\"WebPage\",\"@id\":\"https:\/\/www.froehling-rathjen.de\/en\/references-civil-engineering-trennewurth\/\",\"url\":\"https:\/\/www.froehling-rathjen.de\/en\/references-civil-engineering-trennewurth\/\",\"name\":\"References Civil Engineering Trennewurth - Fr\u00f6hling &amp; Rathjen - Ingenieurb\u00fcro f\u00fcr Baustatik\",\"isPartOf\":{\"@id\":\"https:\/\/www.froehling-rathjen.de\/#website\"},\"primaryImageOfPage\":{\"@id\":\"https:\/\/www.froehling-rathjen.de\/en\/references-civil-engineering-trennewurth\/#primaryimage\"},\"image\":{\"@id\":\"https:\/\/www.froehling-rathjen.de\/en\/references-civil-engineering-trennewurth\/#primaryimage\"},\"thumbnailUrl\":\"https:\/\/www.froehling-rathjen.de\/wp-content\/uploads\/2022\/07\/Froehling_Rathjen_trennewurth.jpg\",\"datePublished\":\"2022-07-21T08:59:26+00:00\",\"dateModified\":\"2023-03-01T12:11:41+00:00\",\"breadcrumb\":{\"@id\":\"https:\/\/www.froehling-rathjen.de\/en\/references-civil-engineering-trennewurth\/#breadcrumb\"},\"inLanguage\":\"en-US\",\"potentialAction\":[{\"@type\":\"ReadAction\",\"target\":[\"https:\/\/www.froehling-rathjen.de\/en\/references-civil-engineering-trennewurth\/\"]}]},{\"@type\":\"ImageObject\",\"inLanguage\":\"en-US\",\"@id\":\"https:\/\/www.froehling-rathjen.de\/en\/references-civil-engineering-trennewurth\/#primaryimage\",\"url\":\"https:\/\/www.froehling-rathjen.de\/wp-content\/uploads\/2022\/07\/Froehling_Rathjen_trennewurth.jpg\",\"contentUrl\":\"https:\/\/www.froehling-rathjen.de\/wp-content\/uploads\/2022\/07\/Froehling_Rathjen_trennewurth.jpg\"},{\"@type\":\"BreadcrumbList\",\"@id\":\"https:\/\/www.froehling-rathjen.de\/en\/references-civil-engineering-trennewurth\/#breadcrumb\",\"itemListElement\":[{\"@type\":\"ListItem\",\"position\":1,\"name\":\"Startseite\",\"item\":\"https:\/\/www.froehling-rathjen.de\/en\/home\/\"},{\"@type\":\"ListItem\",\"position\":2,\"name\":\"References Civil Engineering Trennewurth\"}]},{\"@type\":\"WebSite\",\"@id\":\"https:\/\/www.froehling-rathjen.de\/#website\",\"url\":\"https:\/\/www.froehling-rathjen.de\/\",\"name\":\"Fr\u00f6hling &amp; Rathjen - Ingenieurb\u00fcro f\u00fcr Baustatik\",\"description\":\"\",\"publisher\":{\"@id\":\"https:\/\/www.froehling-rathjen.de\/#organization\"},\"potentialAction\":[{\"@type\":\"SearchAction\",\"target\":{\"@type\":\"EntryPoint\",\"urlTemplate\":\"https:\/\/www.froehling-rathjen.de\/?s={search_term_string}\"},\"query-input\":{\"@type\":\"PropertyValueSpecification\",\"valueRequired\":true,\"valueName\":\"search_term_string\"}}],\"inLanguage\":\"en-US\"},{\"@type\":\"Organization\",\"@id\":\"https:\/\/www.froehling-rathjen.de\/#organization\",\"name\":\"Fr\u00f6hling &amp; Rathjen - Ingenieurb\u00fcro f\u00fcr Baustatik\",\"url\":\"https:\/\/www.froehling-rathjen.de\/\",\"logo\":{\"@type\":\"ImageObject\",\"inLanguage\":\"en-US\",\"@id\":\"https:\/\/www.froehling-rathjen.de\/#\/schema\/logo\/image\/\",\"url\":\"https:\/\/www.froehling-rathjen.de\/wp-content\/uploads\/2022\/06\/Fro\u0308hling-Ratjen-Logo.png\",\"contentUrl\":\"https:\/\/www.froehling-rathjen.de\/wp-content\/uploads\/2022\/06\/Fro\u0308hling-Ratjen-Logo.png\",\"width\":240,\"height\":144,\"caption\":\"Fr\u00f6hling &amp; Rathjen - Ingenieurb\u00fcro f\u00fcr Baustatik\"},\"image\":{\"@id\":\"https:\/\/www.froehling-rathjen.de\/#\/schema\/logo\/image\/\"}}]}<\/script>\n<!-- \/ Yoast SEO plugin. -->","yoast_head_json":{"title":"References Civil Engineering Trennewurth - Fr\u00f6hling &amp; Rathjen - Ingenieurb\u00fcro f\u00fcr Baustatik","robots":{"index":"index","follow":"follow","max-snippet":"max-snippet:-1","max-image-preview":"max-image-preview:large","max-video-preview":"max-video-preview:-1"},"canonical":"https:\/\/www.froehling-rathjen.de\/en\/references-civil-engineering-trennewurth\/","og_locale":"en_US","og_type":"article","og_title":"References Civil Engineering Trennewurth - Fr\u00f6hling &amp; Rathjen - Ingenieurb\u00fcro f\u00fcr Baustatik","og_description":"References |&nbsp; Civil Engineering &nbsp;| Trennewurth Here Responsible For: Pile structural analysis for a wind turbine foundation Investment type: Enercon E-126 with hub height 86 m Project Year: 2021 Customer: ENERCON","og_url":"https:\/\/www.froehling-rathjen.de\/en\/references-civil-engineering-trennewurth\/","og_site_name":"Fr\u00f6hling &amp; Rathjen - Ingenieurb\u00fcro f\u00fcr Baustatik","article_modified_time":"2023-03-01T12:11:41+00:00","og_image":[{"url":"https:\/\/www.froehling-rathjen.de\/wp-content\/uploads\/2022\/07\/Froehling_Rathjen_trennewurth.jpg","type":"","width":"","height":""}],"twitter_card":"summary_large_image","schema":{"@context":"https:\/\/schema.org","@graph":[{"@type":"WebPage","@id":"https:\/\/www.froehling-rathjen.de\/en\/references-civil-engineering-trennewurth\/","url":"https:\/\/www.froehling-rathjen.de\/en\/references-civil-engineering-trennewurth\/","name":"References Civil Engineering Trennewurth - Fr\u00f6hling &amp; Rathjen - Ingenieurb\u00fcro f\u00fcr Baustatik","isPartOf":{"@id":"https:\/\/www.froehling-rathjen.de\/#website"},"primaryImageOfPage":{"@id":"https:\/\/www.froehling-rathjen.de\/en\/references-civil-engineering-trennewurth\/#primaryimage"},"image":{"@id":"https:\/\/www.froehling-rathjen.de\/en\/references-civil-engineering-trennewurth\/#primaryimage"},"thumbnailUrl":"https:\/\/www.froehling-rathjen.de\/wp-content\/uploads\/2022\/07\/Froehling_Rathjen_trennewurth.jpg","datePublished":"2022-07-21T08:59:26+00:00","dateModified":"2023-03-01T12:11:41+00:00","breadcrumb":{"@id":"https:\/\/www.froehling-rathjen.de\/en\/references-civil-engineering-trennewurth\/#breadcrumb"},"inLanguage":"en-US","potentialAction":[{"@type":"ReadAction","target":["https:\/\/www.froehling-rathjen.de\/en\/references-civil-engineering-trennewurth\/"]}]},{"@type":"ImageObject","inLanguage":"en-US","@id":"https:\/\/www.froehling-rathjen.de\/en\/references-civil-engineering-trennewurth\/#primaryimage","url":"https:\/\/www.froehling-rathjen.de\/wp-content\/uploads\/2022\/07\/Froehling_Rathjen_trennewurth.jpg","contentUrl":"https:\/\/www.froehling-rathjen.de\/wp-content\/uploads\/2022\/07\/Froehling_Rathjen_trennewurth.jpg"},{"@type":"BreadcrumbList","@id":"https:\/\/www.froehling-rathjen.de\/en\/references-civil-engineering-trennewurth\/#breadcrumb","itemListElement":[{"@type":"ListItem","position":1,"name":"Startseite","item":"https:\/\/www.froehling-rathjen.de\/en\/home\/"},{"@type":"ListItem","position":2,"name":"References Civil Engineering Trennewurth"}]},{"@type":"WebSite","@id":"https:\/\/www.froehling-rathjen.de\/#website","url":"https:\/\/www.froehling-rathjen.de\/","name":"Fr\u00f6hling &amp; Rathjen - Ingenieurb\u00fcro f\u00fcr Baustatik","description":"","publisher":{"@id":"https:\/\/www.froehling-rathjen.de\/#organization"},"potentialAction":[{"@type":"SearchAction","target":{"@type":"EntryPoint","urlTemplate":"https:\/\/www.froehling-rathjen.de\/?s={search_term_string}"},"query-input":{"@type":"PropertyValueSpecification","valueRequired":true,"valueName":"search_term_string"}}],"inLanguage":"en-US"},{"@type":"Organization","@id":"https:\/\/www.froehling-rathjen.de\/#organization","name":"Fr\u00f6hling &amp; Rathjen - Ingenieurb\u00fcro f\u00fcr Baustatik","url":"https:\/\/www.froehling-rathjen.de\/","logo":{"@type":"ImageObject","inLanguage":"en-US","@id":"https:\/\/www.froehling-rathjen.de\/#\/schema\/logo\/image\/","url":"https:\/\/www.froehling-rathjen.de\/wp-content\/uploads\/2022\/06\/Fro\u0308hling-Ratjen-Logo.png","contentUrl":"https:\/\/www.froehling-rathjen.de\/wp-content\/uploads\/2022\/06\/Fro\u0308hling-Ratjen-Logo.png","width":240,"height":144,"caption":"Fr\u00f6hling &amp; Rathjen - Ingenieurb\u00fcro f\u00fcr Baustatik"},"image":{"@id":"https:\/\/www.froehling-rathjen.de\/#\/schema\/logo\/image\/"}}]}},"jetpack_sharing_enabled":true,"_links":{"self":[{"href":"https:\/\/www.froehling-rathjen.de\/en\/wp-json\/wp\/v2\/pages\/10824","targetHints":{"allow":["GET"]}}],"collection":[{"href":"https:\/\/www.froehling-rathjen.de\/en\/wp-json\/wp\/v2\/pages"}],"about":[{"href":"https:\/\/www.froehling-rathjen.de\/en\/wp-json\/wp\/v2\/types\/page"}],"author":[{"embeddable":true,"href":"https:\/\/www.froehling-rathjen.de\/en\/wp-json\/wp\/v2\/users\/1"}],"replies":[{"embeddable":true,"href":"https:\/\/www.froehling-rathjen.de\/en\/wp-json\/wp\/v2\/comments?post=10824"}],"version-history":[{"count":7,"href":"https:\/\/www.froehling-rathjen.de\/en\/wp-json\/wp\/v2\/pages\/10824\/revisions"}],"predecessor-version":[{"id":11246,"href":"https:\/\/www.froehling-rathjen.de\/en\/wp-json\/wp\/v2\/pages\/10824\/revisions\/11246"}],"wp:attachment":[{"href":"https:\/\/www.froehling-rathjen.de\/en\/wp-json\/wp\/v2\/media?parent=10824"}],"curies":[{"name":"wp","href":"https:\/\/api.w.org\/{rel}","templated":true}]}}