{"id":10841,"date":"2022-08-09T18:23:12","date_gmt":"2022-08-09T16:23:12","guid":{"rendered":"https:\/\/www.froehling-rathjen.de\/create-job\/"},"modified":"2023-03-01T12:54:13","modified_gmt":"2023-03-01T11:54:13","slug":"create-job","status":"publish","type":"page","link":"https:\/\/www.froehling-rathjen.de\/en\/create-job\/","title":{"rendered":"Create Job"},"content":{"rendered":"<form action=\"\/en\/wp-json\/wp\/v2\/pages\/10841\" method=\"post\" id=\"submit-job-form\" class=\"job-manager-form\" enctype=\"multipart\/form-data\">\n\n\t\n\t\n\t\n\t\t\t<fieldset class=\"fieldset-login_required\">\n\t\t<label>Have an account?<\/label>\n\t\t<div class=\"field account-sign-in\">\n\t\t\t<a class=\"button\" href=\"https:\/\/www.froehling-rathjen.de\/en\/wp-login.php?redirect_to=https%3A%2F%2Fwww.froehling-rathjen.de%2Fen%2Fcreate-job%2F\">Sign in<\/a>\n\n\t\t\t\t\t<\/div>\n\t<\/fieldset>\n\t\n\t\n\t\n\t\t<!-- Job Information Fields -->\n\t\t\n\t\t\t\t\t<fieldset class=\"fieldset-job_title fieldset-type-text\">\n\t\t\t\t<label for=\"job_title\">Job Title<\/label>\n\t\t\t\t<div class=\"field required-field\">\n\t\t\t\t\t<input type=\"text\" class=\"input-text\" name=\"job_title\" id=\"job_title\" placeholder=\"\" value=\"\" maxlength=\"\" required \/>\n\t\t\t\t<\/div>\n\t\t\t<\/fieldset>\n\t\t\t\t\t<fieldset class=\"fieldset-job_location fieldset-type-text\">\n\t\t\t\t<label for=\"job_location\">Location <small>(optional)<\/small><\/label>\n\t\t\t\t<div class=\"field \">\n\t\t\t\t\t<input type=\"text\" class=\"input-text\" name=\"job_location\" id=\"job_location\" placeholder=\"e.g. &quot;London&quot;\" value=\"\" maxlength=\"\"  \/>\n<small class=\"description\">Leave this blank if the location is not important<\/small>\t\t\t\t<\/div>\n\t\t\t<\/fieldset>\n\t\t\t\t\t<fieldset class=\"fieldset-remote_position fieldset-type-checkbox\">\n\t\t\t\t<label for=\"remote_position\">Remote Position <small>(optional)<\/small><\/label>\n\t\t\t\t<div class=\"field \">\n\t\t\t\t\t<input type=\"checkbox\" class=\"input-checkbox\" name=\"remote_position\" id=\"remote_position\"  value=\"1\"  \/>\n<small class=\"description\">Select if this is a remote position.<\/small>\t\t\t\t<\/div>\n\t\t\t<\/fieldset>\n\t\t\t\t\t<fieldset class=\"fieldset-job_category fieldset-type-term-multiselect\">\n\t\t\t\t<label for=\"job_category\">Job category<\/label>\n\t\t\t\t<div class=\"field required-field\">\n\t\t\t\t\t<select name='job_category[]' id='job_category' class='job-manager-category-dropdown ' multiple='multiple' data-placeholder='Choose a category&hellip;' data-no_results_text='No results match' data-multiple_text='Select Some Options'>\n\t<option class=\"level-0\" value=\"49\">BauingenieurIn<\/option>\n<\/select>\n\t\t\t\t<\/div>\n\t\t\t<\/fieldset>\n\t\t\t\t\t<fieldset class=\"fieldset-job_description fieldset-type-wp-editor\">\n\t\t\t\t<label for=\"job_description\">Description<\/label>\n\t\t\t\t<div class=\"field required-field\">\n\t\t\t\t\t<div id=\"wp-job_description-wrap\" class=\"wp-core-ui wp-editor-wrap tmce-active\"><link rel='stylesheet' id='dashicons-css' href='https:\/\/www.froehling-rathjen.de\/wp-includes\/css\/dashicons.min.css?ver=6.9.4' media='all' \/>\n<link rel='stylesheet' id='editor-buttons-css' href='https:\/\/www.froehling-rathjen.de\/wp-includes\/css\/editor.min.css?ver=6.9.4' media='all' \/>\n<style> .mce-top-part button { background-color: rgba(0,0,0,0.0) !important; } <\/style>\n<div id=\"wp-job_description-editor-container\" class=\"wp-editor-container\"><textarea class=\"wp-editor-area\" rows=\"8\" autocomplete=\"off\" cols=\"40\" name=\"job_description\" id=\"job_description\"><\/textarea><\/div>\n<\/div>\n\n\t\t\t\t<\/div>\n\t\t\t<\/fieldset>\n\t\t\t\t\t<fieldset class=\"fieldset-application fieldset-type-text\">\n\t\t\t\t<label for=\"application\">Application email\/URL<\/label>\n\t\t\t\t<div class=\"field required-field\">\n\t\t\t\t\t<input type=\"text\" class=\"input-text\" name=\"application\" id=\"application\" placeholder=\"Enter an email address or website URL\" value=\"\" maxlength=\"\" required \/>\n\t\t\t\t<\/div>\n\t\t\t<\/fieldset>\n\t\t\n\t\t\n\t\t<!-- Company Information Fields -->\n\t\t\t\t\t<h2>Company Details<\/h2>\n\n\t\t\t\n\t\t\t\t\t\t\t<fieldset class=\"fieldset-company_name fieldset-type-text\">\n\t\t\t\t\t<label for=\"company_name\">Company name<\/label>\n\t\t\t\t\t<div class=\"field required-field\">\n\t\t\t\t\t\t<input type=\"text\" class=\"input-text\" name=\"company_name\" id=\"company_name\" placeholder=\"Enter the name of the company\" value=\"\" maxlength=\"\" required \/>\n\t\t\t\t\t<\/div>\n\t\t\t\t<\/fieldset>\n\t\t\t\t\t\t\t<fieldset class=\"fieldset-company_website fieldset-type-text\">\n\t\t\t\t\t<label for=\"company_website\">Website <small>(optional)<\/small><\/label>\n\t\t\t\t\t<div class=\"field \">\n\t\t\t\t\t\t<input type=\"text\" class=\"input-text\" name=\"company_website\" id=\"company_website\" placeholder=\"http:\/\/\" value=\"\" maxlength=\"\"  \/>\n\t\t\t\t\t<\/div>\n\t\t\t\t<\/fieldset>\n\t\t\t\t\t\t\t<fieldset class=\"fieldset-company_tagline fieldset-type-text\">\n\t\t\t\t\t<label for=\"company_tagline\">Tagline <small>(optional)<\/small><\/label>\n\t\t\t\t\t<div class=\"field \">\n\t\t\t\t\t\t<input type=\"text\" class=\"input-text\" name=\"company_tagline\" id=\"company_tagline\" placeholder=\"Briefly describe your company\" value=\"\" maxlength=\"64\"  \/>\n\t\t\t\t\t<\/div>\n\t\t\t\t<\/fieldset>\n\t\t\t\t\t\t\t<fieldset class=\"fieldset-company_video fieldset-type-text\">\n\t\t\t\t\t<label for=\"company_video\">Video <small>(optional)<\/small><\/label>\n\t\t\t\t\t<div class=\"field \">\n\t\t\t\t\t\t<input type=\"text\" class=\"input-text\" name=\"company_video\" id=\"company_video\" placeholder=\"A link to a video about your company\" value=\"\" maxlength=\"\"  \/>\n\t\t\t\t\t<\/div>\n\t\t\t\t<\/fieldset>\n\t\t\t\t\t\t\t<fieldset class=\"fieldset-company_twitter fieldset-type-text\">\n\t\t\t\t\t<label for=\"company_twitter\">Twitter username <small>(optional)<\/small><\/label>\n\t\t\t\t\t<div class=\"field \">\n\t\t\t\t\t\t<input type=\"text\" class=\"input-text\" name=\"company_twitter\" id=\"company_twitter\" placeholder=\"@yourcompany\" value=\"\" maxlength=\"\"  \/>\n\t\t\t\t\t<\/div>\n\t\t\t\t<\/fieldset>\n\t\t\t\t\t\t\t<fieldset class=\"fieldset-company_logo fieldset-type-file\">\n\t\t\t\t\t<label for=\"company_logo\">Logo <small>(optional)<\/small><\/label>\n\t\t\t\t\t<div class=\"field \">\n\t\t\t\t\t\t<div class=\"job-manager-uploaded-files\">\n\t<\/div>\n\n<input\n\ttype=\"file\"\n\tclass=\"input-text\"\n\tdata-file_types=\"jpg|jpeg|gif|png\"\n\t\t\t\tname=\"company_logo\"\n\tid=\"company_logo\"\n\tplaceholder=\"\"\n\/>\n<small class=\"description\">\n\t\t\tMaximum file size: 64 MB.\t<\/small>\n\t\t\t\t\t<\/div>\n\t\t\t\t<\/fieldset>\n\t\t\t\n\t\t\t\t\t\n\t\t<fieldset class=\"fieldset-recaptcha\">\n\t<label for=\"recaptcha\">Bist du ein Mensch?<\/label>\n\t<div class=\"field required-field\">\n\t\t<div class=\"g-recaptcha\" data-sitekey=\"6LcVzV8hAAAAAKl-xMT1TTZ0r1WWP53Rvh9EdwPw\"><\/div>\n\t\t\t<\/div>\n<\/fieldset>\n<fieldset class=\"fieldset-agreement-checkbox \">\n\t<div class=\"field full-line-checkbox-field required-field\">\n\t\t<input type=\"checkbox\" class=\"input-checkbox\" name=\"agreement-checkbox\" id=\"agreement-checkbox\"  value=\"1\"  required \/>\n\t\t<label for=\"agreement-checkbox\">I accept the <a href=\"https:\/\/www.froehling-rathjen.de\/datenschutz\/\" target=\"_blank\">Terms and Conditions<\/a>.<\/label>\n\t\t\t<\/div>\n<\/fieldset>\n\n\t\t<p>\n\t\t\t<input type=\"hidden\" name=\"job_manager_form\" value=\"submit-job\" \/>\n\t\t\t<input type=\"hidden\" name=\"job_id\" value=\"0\" \/>\n\t\t\t<input type=\"hidden\" name=\"step\" value=\"0\" \/>\n\t\t\t<input type=\"submit\" name=\"submit_job\" class=\"button\"\n    \t\t value=\"Preview\" \/>\n\t\t\t\t\t\t<span class=\"spinner\" style=\"background-image: url(https:\/\/www.froehling-rathjen.de\/wp-includes\/images\/spinner.gif);\"><\/span>\n\t\t<\/p>\n\n\t<\/form>\n\n","protected":false},"excerpt":{"rendered":"","protected":false},"author":1,"featured_media":0,"parent":0,"menu_order":0,"comment_status":"closed","ping_status":"closed","template":"","meta":{"footnotes":""},"class_list":["post-10841","page","type-page","status-publish","hentry"],"yoast_head":"<!-- This site is optimized with the Yoast SEO plugin v25.3.1 - https:\/\/yoast.com\/wordpress\/plugins\/seo\/ -->\n<title>Create Job - Fr\u00f6hling &amp; Rathjen - Ingenieurb\u00fcro f\u00fcr Baustatik<\/title>\n<meta name=\"robots\" content=\"index, follow, max-snippet:-1, max-image-preview:large, max-video-preview:-1\" \/>\n<link rel=\"canonical\" href=\"https:\/\/www.froehling-rathjen.de\/en\/create-job\/\" \/>\n<meta property=\"og:locale\" content=\"en_US\" \/>\n<meta property=\"og:type\" content=\"article\" \/>\n<meta property=\"og:title\" content=\"Create Job - Fr\u00f6hling &amp; Rathjen - Ingenieurb\u00fcro f\u00fcr Baustatik\" \/>\n<meta property=\"og:url\" content=\"https:\/\/www.froehling-rathjen.de\/en\/create-job\/\" \/>\n<meta property=\"og:site_name\" content=\"Fr\u00f6hling &amp; Rathjen - Ingenieurb\u00fcro f\u00fcr Baustatik\" \/>\n<meta property=\"article:modified_time\" content=\"2023-03-01T11:54:13+00:00\" \/>\n<meta name=\"twitter:card\" content=\"summary_large_image\" \/>\n<script type=\"application\/ld+json\" class=\"yoast-schema-graph\">{\"@context\":\"https:\/\/schema.org\",\"@graph\":[{\"@type\":\"WebPage\",\"@id\":\"https:\/\/www.froehling-rathjen.de\/en\/create-job\/\",\"url\":\"https:\/\/www.froehling-rathjen.de\/en\/create-job\/\",\"name\":\"Create Job - Fr\u00f6hling &amp; Rathjen - Ingenieurb\u00fcro f\u00fcr Baustatik\",\"isPartOf\":{\"@id\":\"https:\/\/www.froehling-rathjen.de\/#website\"},\"datePublished\":\"2022-08-09T16:23:12+00:00\",\"dateModified\":\"2023-03-01T11:54:13+00:00\",\"breadcrumb\":{\"@id\":\"https:\/\/www.froehling-rathjen.de\/en\/create-job\/#breadcrumb\"},\"inLanguage\":\"en-US\",\"potentialAction\":[{\"@type\":\"ReadAction\",\"target\":[\"https:\/\/www.froehling-rathjen.de\/en\/create-job\/\"]}]},{\"@type\":\"BreadcrumbList\",\"@id\":\"https:\/\/www.froehling-rathjen.de\/en\/create-job\/#breadcrumb\",\"itemListElement\":[{\"@type\":\"ListItem\",\"position\":1,\"name\":\"Startseite\",\"item\":\"https:\/\/www.froehling-rathjen.de\/en\/home\/\"},{\"@type\":\"ListItem\",\"position\":2,\"name\":\"Create Job\"}]},{\"@type\":\"WebSite\",\"@id\":\"https:\/\/www.froehling-rathjen.de\/#website\",\"url\":\"https:\/\/www.froehling-rathjen.de\/\",\"name\":\"Fr\u00f6hling &amp; Rathjen - Ingenieurb\u00fcro f\u00fcr Baustatik\",\"description\":\"\",\"publisher\":{\"@id\":\"https:\/\/www.froehling-rathjen.de\/#organization\"},\"potentialAction\":[{\"@type\":\"SearchAction\",\"target\":{\"@type\":\"EntryPoint\",\"urlTemplate\":\"https:\/\/www.froehling-rathjen.de\/?s={search_term_string}\"},\"query-input\":{\"@type\":\"PropertyValueSpecification\",\"valueRequired\":true,\"valueName\":\"search_term_string\"}}],\"inLanguage\":\"en-US\"},{\"@type\":\"Organization\",\"@id\":\"https:\/\/www.froehling-rathjen.de\/#organization\",\"name\":\"Fr\u00f6hling &amp; Rathjen - Ingenieurb\u00fcro f\u00fcr Baustatik\",\"url\":\"https:\/\/www.froehling-rathjen.de\/\",\"logo\":{\"@type\":\"ImageObject\",\"inLanguage\":\"en-US\",\"@id\":\"https:\/\/www.froehling-rathjen.de\/#\/schema\/logo\/image\/\",\"url\":\"https:\/\/www.froehling-rathjen.de\/wp-content\/uploads\/2022\/06\/Fro\u0308hling-Ratjen-Logo.png\",\"contentUrl\":\"https:\/\/www.froehling-rathjen.de\/wp-content\/uploads\/2022\/06\/Fro\u0308hling-Ratjen-Logo.png\",\"width\":240,\"height\":144,\"caption\":\"Fr\u00f6hling &amp; Rathjen - Ingenieurb\u00fcro f\u00fcr Baustatik\"},\"image\":{\"@id\":\"https:\/\/www.froehling-rathjen.de\/#\/schema\/logo\/image\/\"}}]}<\/script>\n<!-- \/ Yoast SEO plugin. -->","yoast_head_json":{"title":"Create Job - Fr\u00f6hling &amp; Rathjen - Ingenieurb\u00fcro f\u00fcr Baustatik","robots":{"index":"index","follow":"follow","max-snippet":"max-snippet:-1","max-image-preview":"max-image-preview:large","max-video-preview":"max-video-preview:-1"},"canonical":"https:\/\/www.froehling-rathjen.de\/en\/create-job\/","og_locale":"en_US","og_type":"article","og_title":"Create Job - Fr\u00f6hling &amp; Rathjen - Ingenieurb\u00fcro f\u00fcr Baustatik","og_url":"https:\/\/www.froehling-rathjen.de\/en\/create-job\/","og_site_name":"Fr\u00f6hling &amp; Rathjen - Ingenieurb\u00fcro f\u00fcr Baustatik","article_modified_time":"2023-03-01T11:54:13+00:00","twitter_card":"summary_large_image","schema":{"@context":"https:\/\/schema.org","@graph":[{"@type":"WebPage","@id":"https:\/\/www.froehling-rathjen.de\/en\/create-job\/","url":"https:\/\/www.froehling-rathjen.de\/en\/create-job\/","name":"Create Job - Fr\u00f6hling &amp; Rathjen - Ingenieurb\u00fcro f\u00fcr Baustatik","isPartOf":{"@id":"https:\/\/www.froehling-rathjen.de\/#website"},"datePublished":"2022-08-09T16:23:12+00:00","dateModified":"2023-03-01T11:54:13+00:00","breadcrumb":{"@id":"https:\/\/www.froehling-rathjen.de\/en\/create-job\/#breadcrumb"},"inLanguage":"en-US","potentialAction":[{"@type":"ReadAction","target":["https:\/\/www.froehling-rathjen.de\/en\/create-job\/"]}]},{"@type":"BreadcrumbList","@id":"https:\/\/www.froehling-rathjen.de\/en\/create-job\/#breadcrumb","itemListElement":[{"@type":"ListItem","position":1,"name":"Startseite","item":"https:\/\/www.froehling-rathjen.de\/en\/home\/"},{"@type":"ListItem","position":2,"name":"Create Job"}]},{"@type":"WebSite","@id":"https:\/\/www.froehling-rathjen.de\/#website","url":"https:\/\/www.froehling-rathjen.de\/","name":"Fr\u00f6hling &amp; Rathjen - Ingenieurb\u00fcro f\u00fcr Baustatik","description":"","publisher":{"@id":"https:\/\/www.froehling-rathjen.de\/#organization"},"potentialAction":[{"@type":"SearchAction","target":{"@type":"EntryPoint","urlTemplate":"https:\/\/www.froehling-rathjen.de\/?s={search_term_string}"},"query-input":{"@type":"PropertyValueSpecification","valueRequired":true,"valueName":"search_term_string"}}],"inLanguage":"en-US"},{"@type":"Organization","@id":"https:\/\/www.froehling-rathjen.de\/#organization","name":"Fr\u00f6hling &amp; Rathjen - Ingenieurb\u00fcro f\u00fcr Baustatik","url":"https:\/\/www.froehling-rathjen.de\/","logo":{"@type":"ImageObject","inLanguage":"en-US","@id":"https:\/\/www.froehling-rathjen.de\/#\/schema\/logo\/image\/","url":"https:\/\/www.froehling-rathjen.de\/wp-content\/uploads\/2022\/06\/Fro\u0308hling-Ratjen-Logo.png","contentUrl":"https:\/\/www.froehling-rathjen.de\/wp-content\/uploads\/2022\/06\/Fro\u0308hling-Ratjen-Logo.png","width":240,"height":144,"caption":"Fr\u00f6hling &amp; Rathjen - Ingenieurb\u00fcro f\u00fcr Baustatik"},"image":{"@id":"https:\/\/www.froehling-rathjen.de\/#\/schema\/logo\/image\/"}}]}},"jetpack_sharing_enabled":true,"_links":{"self":[{"href":"https:\/\/www.froehling-rathjen.de\/en\/wp-json\/wp\/v2\/pages\/10841","targetHints":{"allow":["GET"]}}],"collection":[{"href":"https:\/\/www.froehling-rathjen.de\/en\/wp-json\/wp\/v2\/pages"}],"about":[{"href":"https:\/\/www.froehling-rathjen.de\/en\/wp-json\/wp\/v2\/types\/page"}],"author":[{"embeddable":true,"href":"https:\/\/www.froehling-rathjen.de\/en\/wp-json\/wp\/v2\/users\/1"}],"replies":[{"embeddable":true,"href":"https:\/\/www.froehling-rathjen.de\/en\/wp-json\/wp\/v2\/comments?post=10841"}],"version-history":[{"count":2,"href":"https:\/\/www.froehling-rathjen.de\/en\/wp-json\/wp\/v2\/pages\/10841\/revisions"}],"predecessor-version":[{"id":11228,"href":"https:\/\/www.froehling-rathjen.de\/en\/wp-json\/wp\/v2\/pages\/10841\/revisions\/11228"}],"wp:attachment":[{"href":"https:\/\/www.froehling-rathjen.de\/en\/wp-json\/wp\/v2\/media?parent=10841"}],"curies":[{"name":"wp","href":"https:\/\/api.w.org\/{rel}","templated":true}]}}